{"id":4662,"date":"2022-10-05T09:56:25","date_gmt":"2022-10-05T07:56:25","guid":{"rendered":"https:\/\/valicompany.com\/rasieranleitung\/"},"modified":"2023-07-02T19:35:50","modified_gmt":"2023-07-02T17:35:50","slug":"rasieranleitung","status":"publish","type":"page","link":"https:\/\/valicompany.com\/de\/rasieranleitung\/","title":{"rendered":"Rasieranleitung"},"content":{"rendered":"\n<section class=\"wp-block-vali-theme-guide-section padding-section-0\"> <div class=\"container container--full-width padding-container-0\"> <div class=\"column-wrapper--full flex\"> <div class=\"col-guide\"> <div><\/div> <img loading=\"lazy\" decoding=\"async\" src=\"https:\/\/valicompany.com\/wp-content\/uploads\/2022\/12\/men_shaving_safety-razor.jpg\" alt=\"Mann rasiert Gesicht mit Vali-Sicherheitsrasierer\" width=\"900\" height=\"500\" class=\"wp-image-226\" srcset=\"https:\/\/valicompany.com\/wp-content\/uploads\/2022\/12\/men_shaving_safety-razor.jpg 900w, https:\/\/valicompany.com\/wp-content\/uploads\/2022\/12\/men_shaving_safety-razor-600x333.jpg 600w, https:\/\/valicompany.com\/wp-content\/uploads\/2022\/12\/men_shaving_safety-razor-500x278.jpg 500w, https:\/\/valicompany.com\/wp-content\/uploads\/2022\/12\/men_shaving_safety-razor-768x427.jpg 768w, https:\/\/valicompany.com\/wp-content\/uploads\/2022\/12\/men_shaving_safety-razor-300x167.jpg 300w\" sizes=\"auto, (max-width: 900px) 100vw, 900px\" \/> <div class=\"col-guide__container\"><a href=\"https:\/\/valicompany.com\/de\/rasieranleitung\/rasuranleitung-maenner\/\" class=\"col-guide__button\"><span>F\u00fcr Ihn<\/span><div> <div class=\"flex\"><span>Zur Rasieranleitung<\/span> <svg width=\"24\" height=\"24\" viewbox=\"0 0 24 24\" fill=\"none\" xmlns=\"http:\/\/www.w3.org\/2000\/svg\">  <path d=\"M15.0378 6.34317L13.6269 7.76069L16.8972 11.0157L3.29211 11.0293L3.29413 13.0293L16.8619 13.0157L13.6467 16.2459L15.0643 17.6568L20.7079 11.9868L15.0378 6.34317Z\" fill=\"currentColor\"><\/path>  <\/svg> <\/div> <\/div><\/a> <\/div> <\/div> <div class=\"col-guide\"> <div><\/div> <img loading=\"lazy\" decoding=\"async\" src=\"https:\/\/valicompany.com\/wp-content\/uploads\/2022\/12\/women_shaving_safety-razor.jpg\" alt=\"frau rasiert beine mit vali sicherheitsrasierer\" width=\"900\" height=\"500\" class=\"wp-image-227\" srcset=\"https:\/\/valicompany.com\/wp-content\/uploads\/2022\/12\/women_shaving_safety-razor.jpg 900w, https:\/\/valicompany.com\/wp-content\/uploads\/2022\/12\/women_shaving_safety-razor-600x333.jpg 600w, https:\/\/valicompany.com\/wp-content\/uploads\/2022\/12\/women_shaving_safety-razor-500x278.jpg 500w, https:\/\/valicompany.com\/wp-content\/uploads\/2022\/12\/women_shaving_safety-razor-768x427.jpg 768w, https:\/\/valicompany.com\/wp-content\/uploads\/2022\/12\/women_shaving_safety-razor-300x167.jpg 300w\" sizes=\"auto, (max-width: 900px) 100vw, 900px\" \/> <div class=\"col-guide__container\"><a href=\"https:\/\/valicompany.com\/de\/rasieranleitung\/rasieranleitung-frauen\/\" class=\"col-guide__button\"><span>F\u00fcr Sie<\/span><div> <div class=\"flex\"> <span>Zur Rasieranleitung<\/span> <svg width=\"24\" height=\"24\" viewbox=\"0 0 24 24\" fill=\"none\" xmlns=\"http:\/\/www.w3.org\/2000\/svg\">  <path d=\"M15.0378 6.34317L13.6269 7.76069L16.8972 11.0157L3.29211 11.0293L3.29413 13.0293L16.8619 13.0157L13.6467 16.2459L15.0643 17.6568L20.7079 11.9868L15.0378 6.34317Z\" fill=\"currentColor\"><\/path>  <\/svg> <\/div> <\/div><\/a> <\/div> <\/div> <\/div> <\/div> <\/section>\n\n<section class=\"wp-block-vali-theme-shave-guide-home\"> <div class=\"container\"> <div> <h1 class=\"margin-bottom-m\">Rasierhobel Rasieranleitung<\/h1> <p class=\"margin-bottom-s\">Ein Rasierhobel verwendet besondere Rasierklingen f\u00fcr Rasierhobel, um eine m\u00f6glichst gr\u00fcndliche Rasur zu erzielen und gleichzeitig sanft zur Haut und sparsam im Verbrauch zu sein. Dank der modernen Fortschritte bei den Rasierklingen f\u00fcr Rasierhobel kann ein Rasierhobel mit einer einzigen Rasierklinge viel gr\u00fcndlicher rasieren als ein Rasierer mit mehreren Klingen und einer Kunststoffkassette mit 3, 4 oder sogar 5 Rasierklingen. Und weil nur eine einzige Klinge \u00fcber die Haut f\u00e4hrt, verursacht sie weniger Irritationen.<\/p> <p>Wenn Sie wissen m\u00f6chten, wie Sie sich mit einem Rasierhobel rasieren, egal ob im Gesicht oder an den Beinen, haben wir eine Anleitung f\u00fcr Sie vorbereitet.<\/p> <\/div> <\/div> <\/section>\n\n<section class=\"wp-block-vali-theme-home-benefits padding-section-xs\"> <div class=\"container container--full-width\"> <div class=\"flex wrapper-cards-icon-home\"> <div class=\"card-icon-home\"> <img loading=\"lazy\" decoding=\"async\" src=\"https:\/\/valicompany.com\/wp-content\/themes\/valitheme\/media\/images\/homepage\/razor-blades_recycle_white.svg\" class=\"card-icon-home__icon \" width=\"128\" height=\"128\" alt=\"Symbol f\u00fcr Recycling\"> <div class=\"card-icon-home__inside-wrapper\"> <h2 class=\"heading-card-home\">Umweltfreundlich<\/h2> <p>Die einzige Art von Rasierklingen auf dem Markt, die zu 100 % recycelt werden kann.<\/p> <\/div> <\/div> <div class=\"card-icon-home card-icon-home--light\"> <img loading=\"lazy\" decoding=\"async\" src=\"https:\/\/valicompany.com\/wp-content\/themes\/valitheme\/media\/images\/homepage\/razor-blades_cheap.svg\" class=\"card-icon-home__icon \" width=\"128\" height=\"128\" alt=\"M\u00fcnze \u00fcber der Hand Geld sparen Symbol\"> <div class=\"card-icon-home__inside-wrapper\"> <h2 class=\"heading-card-home\">Wert<\/h2> <p>Erschwingliche doppelschneidige Rasierklingen, rasieren Sie sich jedes Mal mit einer frischen Klinge, ohne Abfall.<\/p> <\/div> <\/div> <div class=\"card-icon-home\"> <img loading=\"lazy\" decoding=\"async\" src=\"https:\/\/valicompany.com\/wp-content\/themes\/valitheme\/media\/images\/homepage\/safety-razor_one_blade.svg\" class=\"card-icon-home__icon \" width=\"128\" height=\"128\" alt=\"Symbol f\u00fcr den Schnitt einer Rasierklinge auf Hautniveau\"> <div class=\"card-icon-home__inside-wrapper\"> <h2 class=\"heading-card-home\">Eine Klinge<\/h2> <p>Schneidet in H\u00f6he der Haut, ohne zu ziehen und zu zerren.<\/p> <\/div> <\/div> <\/div> <\/div> <\/section>\n","protected":false},"excerpt":{"rendered":"","protected":false},"author":1,"featured_media":0,"parent":0,"menu_order":0,"comment_status":"closed","ping_status":"closed","template":"","meta":{"inline_featured_image":false,"footnotes":""},"class_list":["post-4662","page","type-page","status-publish","hentry"],"meta_box":[],"_links":{"self":[{"href":"https:\/\/valicompany.com\/de\/wp-json\/wp\/v2\/pages\/4662","targetHints":{"allow":["GET"]}}],"collection":[{"href":"https:\/\/valicompany.com\/de\/wp-json\/wp\/v2\/pages"}],"about":[{"href":"https:\/\/valicompany.com\/de\/wp-json\/wp\/v2\/types\/page"}],"author":[{"embeddable":true,"href":"https:\/\/valicompany.com\/de\/wp-json\/wp\/v2\/users\/1"}],"replies":[{"embeddable":true,"href":"https:\/\/valicompany.com\/de\/wp-json\/wp\/v2\/comments?post=4662"}],"version-history":[{"count":5,"href":"https:\/\/valicompany.com\/de\/wp-json\/wp\/v2\/pages\/4662\/revisions"}],"predecessor-version":[{"id":4769,"href":"https:\/\/valicompany.com\/de\/wp-json\/wp\/v2\/pages\/4662\/revisions\/4769"}],"wp:attachment":[{"href":"https:\/\/valicompany.com\/de\/wp-json\/wp\/v2\/media?parent=4662"}],"curies":[{"name":"wp","href":"https:\/\/api.w.org\/{rel}","templated":true}]}}