{"id":4666,"date":"2022-12-12T13:35:47","date_gmt":"2022-12-12T12:35:47","guid":{"rendered":"https:\/\/valicompany.com\/rasieranleitung\/rasieranleitung-frauen\/"},"modified":"2023-08-13T16:49:47","modified_gmt":"2023-08-13T14:49:47","slug":"rasieranleitung-frauen","status":"publish","type":"page","link":"https:\/\/valicompany.com\/de\/rasieranleitung\/rasieranleitung-frauen\/","title":{"rendered":"Rasieranleitung Frauen"},"content":{"rendered":"<section class=\"hero-60 wp-block-vali-theme-hero-faq\">\n    <div class=\"hero-background-faq-test\" style=\"background-image: url(https:\/\/valicompany.com\/wp-content\/uploads\/2022\/12\/shave-guide_women_safety-razor.jpg);background-position:70% 50%;\">\n        <div class=\"hero-60__inner-container\">\n            <div class=\"faq-hero__wrapper-content flex\">\n                <h1>Rasieranleitung Frauen<\/h1>\n            <\/div>\n            <p><p>F\u00fcr die Rasur mit einem Rasierhobel<\/p>\n<\/p>\n                    <\/div>\n    <\/div>\n<\/section>\n<section class=\"wp-block-vali-theme-shave-guide-w-short padding-section-l\"> <div class=\"container\"> <div class=\"columns-2-para\"> <p>F\u00fcr Ihre erste Rasur empfehlen wir, mit den Beinen zu beginnen. Es ist etwas einfacher als in anderen Bereichen, weil man sieht, was man tut, und die Oberfl\u00e4che, auf der man rasiert, eben ist. Die hier vorgestellten Techniken k\u00f6nnen auch auf andere Bereiche wie die Achselh\u00f6hlen und die Bikinizone angewendet werden.<\/p> <p>Lassen Sie sich bei der ersten Rasur Zeit, arbeiten Sie mit einer leichten, ruhigen Hand und beginnen Sie mit der Rasur mit dem Strich, um Hautreizungen und Rasierpickel nach der Rasur zu vermeiden. F\u00fchren Sie kurze Striche aus und gehen Sie zu l\u00e4ngeren \u00fcber, wenn Sie sich mit dem Rasiermesser wohler f\u00fchlen. Wenn Sie eine gr\u00fcndlichere Rasur w\u00fcnschen, k\u00f6nnen Sie versuchen, quer zum Haarwuchs zu rasieren, nachdem Sie zuerst mit dem Strich rasiert haben.<\/p> <\/div> <\/div> <\/section>\n\n<section class=\"wp-block-vali-theme-shave-guide-women-step shave-guide-w-section\"> <div class=\"container\"> <div class=\"flex gap-m margin-bottom-m shave-guide-w-container\"> <div><span>Schritt 1, Vorbereitung<\/span> <h2>Befeuchten und Reinigen<\/h2> <\/div> <div> <p>Die beste und einfachste Art, sich auf die Rasur vorzubereiten, ist eine Dusche. Das warme Wasser und der Dampf \u00f6ffnen die Poren und machen die Haare weich.<br><br>Nutzen Sie die Gelegenheit, die Haut mit unserem Luffa ein wenig mehr zu reinigen; es peelt die Haut, indem es abgestorbene Hautzellen entfernt. Das Ergebnis ist eine weichere, gr\u00fcndlichere und reizfreie Rasur.<\/p> <\/div> <\/div> <img loading=\"lazy\" decoding=\"async\" width=\"1130\" height=\"636\" src=\"https:\/\/valicompany.com\/wp-content\/uploads\/2022\/12\/shave-guide_women_loofah.jpg\" alt=\"weibliche Reinigung der Beine mit Luffaschwamm.\" class=\"wp-image-224\" srcset=\"https:\/\/valicompany.com\/wp-content\/uploads\/2022\/12\/shave-guide_women_loofah.jpg 1130w, https:\/\/valicompany.com\/wp-content\/uploads\/2022\/12\/shave-guide_women_loofah-600x338.jpg 600w, https:\/\/valicompany.com\/wp-content\/uploads\/2022\/12\/shave-guide_women_loofah-500x281.jpg 500w, https:\/\/valicompany.com\/wp-content\/uploads\/2022\/12\/shave-guide_women_loofah-1024x576.jpg 1024w, https:\/\/valicompany.com\/wp-content\/uploads\/2022\/12\/shave-guide_women_loofah-768x432.jpg 768w, https:\/\/valicompany.com\/wp-content\/uploads\/2022\/12\/shave-guide_women_loofah-300x169.jpg 300w\" sizes=\"auto, (max-width: 1130px) 100vw, 1130px\" \/> <\/div> <\/section>\n\n<section class=\"wp-block-vali-theme-shave-guide-w-embed shave-guide-w-section\"> <div class=\"container\"> <div class=\"flex gap-m margin-bottom-m shave-guide-w-container\"> <div> <span>Schritt 2, Vorbereitung des Rasierhobel<\/span> <h2>Frische Rasierklingen<\/h2> <\/div> <div> <p>Setzen Sie die doppelschneidigen Rasierklingen wie unten gezeigt in den Rasierhobel ein. Ziehen Sie ihn fest, bis er sicher sitzt und leicht gebogen ist. Verwenden Sie die Rasierklingen nicht \u00f6fter als 3-5 Mal. Danach fangen sie an, an der Haut und den Haaren zu ziehen und zu zerren.<\/p> <\/div> <\/div> <div>\n<figure class=\"wp-block-embed is-type-video is-provider-youtube wp-block-embed-youtube wp-embed-aspect-16-9 wp-has-aspect-ratio\"><div class=\"wp-block-embed__wrapper\">\n<iframe loading=\"lazy\" title=\"Changing double edge razor blades Vali &#039;Freya&#039; Safety Razor\" width=\"500\" height=\"281\" src=\"https:\/\/www.youtube.com\/embed\/MjITP43xueM?feature=oembed\" frameborder=\"0\" allow=\"accelerometer; autoplay; clipboard-write; encrypted-media; gyroscope; picture-in-picture; web-share\" referrerpolicy=\"strict-origin-when-cross-origin\" allowfullscreen><\/iframe>\n<\/div><\/figure>\n<\/div> <\/div> <\/section>\n\n<section class=\"wp-block-vali-theme-shave-guide-women-step shave-guide-w-section\"> <div class=\"container\"> <div class=\"flex gap-m margin-bottom-m shave-guide-w-container\"> <div><span>Schritt 3, Rasierschaum<\/span> <h2>Sch\u00fctzen und Einschmieren<\/h2> <\/div> <div> <p>Tragen Sie Ihr Lieblings-Rasiergel oder -\u00f6l auf, vermeiden Sie normale Seife. Normale Seife reicht nicht aus, um eine sch\u00fctzende und gleitende Schicht aus Rasierschaum zu bilden. Normale Seife kann die Haut beim Rasieren auch austrocknen und reizen.<\/p> <\/div> <\/div> <img loading=\"lazy\" decoding=\"async\" width=\"1130\" height=\"636\" src=\"https:\/\/valicompany.com\/wp-content\/uploads\/2022\/12\/shave-guide_women_lather_legs.jpg\" alt=\"Frau, die ihre Beine mit Rasierschaum einseift\" class=\"wp-image-217\" srcset=\"https:\/\/valicompany.com\/wp-content\/uploads\/2022\/12\/shave-guide_women_lather_legs.jpg 1130w, https:\/\/valicompany.com\/wp-content\/uploads\/2022\/12\/shave-guide_women_lather_legs-600x338.jpg 600w, https:\/\/valicompany.com\/wp-content\/uploads\/2022\/12\/shave-guide_women_lather_legs-500x281.jpg 500w, https:\/\/valicompany.com\/wp-content\/uploads\/2022\/12\/shave-guide_women_lather_legs-1024x576.jpg 1024w, https:\/\/valicompany.com\/wp-content\/uploads\/2022\/12\/shave-guide_women_lather_legs-768x432.jpg 768w, https:\/\/valicompany.com\/wp-content\/uploads\/2022\/12\/shave-guide_women_lather_legs-300x169.jpg 300w\" sizes=\"auto, (max-width: 1130px) 100vw, 1130px\" \/> <\/div> <\/section>\n\n<section class=\"wp-block-vali-theme-shave-guide-women-step shave-guide-w-section\"> <div class=\"container\"> <div class=\"flex gap-m margin-bottom-m shave-guide-w-container\"> <div><span>Schritt 4, Verwendung des Rasierhobel<\/span> <h2>Leichte und ruhige Hand<\/h2> <\/div> <div> <p>Richten Sie das Rasiermesser in einem Winkel von etwa 30-40 Grad auf die Haut, bis Sie sp\u00fcren, dass die Rasierklinge auf die Haut trifft. Arbeiten Sie dann mit leichter Hand und vermeiden Sie Druck auf die Haut. Verwenden Sie kurze Z\u00fcge, bis Sie sich mit dem Rasierer wohl f\u00fchlen, dann k\u00f6nnen Sie mit l\u00e4ngeren Z\u00fcgen rasieren.<\/p> <\/div> <\/div> <img loading=\"lazy\" decoding=\"async\" width=\"1130\" height=\"636\" src=\"https:\/\/valicompany.com\/wp-content\/uploads\/2022\/12\/shave-guide_women_safety-razor_technique_legs.jpg\" alt=\"Frau rasiert Beine mit Rasierhobel\" class=\"wp-image-221\" srcset=\"https:\/\/valicompany.com\/wp-content\/uploads\/2022\/12\/shave-guide_women_safety-razor_technique_legs.jpg 1130w, https:\/\/valicompany.com\/wp-content\/uploads\/2022\/12\/shave-guide_women_safety-razor_technique_legs-600x338.jpg 600w, https:\/\/valicompany.com\/wp-content\/uploads\/2022\/12\/shave-guide_women_safety-razor_technique_legs-500x281.jpg 500w, https:\/\/valicompany.com\/wp-content\/uploads\/2022\/12\/shave-guide_women_safety-razor_technique_legs-1024x576.jpg 1024w, https:\/\/valicompany.com\/wp-content\/uploads\/2022\/12\/shave-guide_women_safety-razor_technique_legs-768x432.jpg 768w, https:\/\/valicompany.com\/wp-content\/uploads\/2022\/12\/shave-guide_women_safety-razor_technique_legs-300x169.jpg 300w\" sizes=\"auto, (max-width: 1130px) 100vw, 1130px\" \/> <\/div> <\/section>\n\n<section class=\"wp-block-vali-theme-shave-guide-women-step shave-guide-w-section\"> <div class=\"container\"> <div class=\"flex gap-m margin-bottom-m shave-guide-w-container\"> <div><span>Schritt 5, Fertigstellung<\/span> <h2>Befeuchten und Reparieren<\/h2> <\/div> <div> <p>Wenn Sie zufrieden sind, sp\u00fclen Sie mit kaltem Wasser nach, um die Poren zu schlie\u00dfen, und tupfen Sie sich vorsichtig mit einem Handtuch trocken. Anschlie\u00dfend mit unserem Aftershave-Balsam befeuchten.<\/p> <\/div> <\/div> <img loading=\"lazy\" decoding=\"async\" width=\"1130\" height=\"636\" src=\"https:\/\/valicompany.com\/wp-content\/uploads\/2022\/12\/shave-guide_women_aftershave.jpg\" alt=\"Frau tr\u00e4gt nach der Rasur Aftershave-Lotion auf die Beine auf\" class=\"wp-image-222\" srcset=\"https:\/\/valicompany.com\/wp-content\/uploads\/2022\/12\/shave-guide_women_aftershave.jpg 1130w, https:\/\/valicompany.com\/wp-content\/uploads\/2022\/12\/shave-guide_women_aftershave-600x338.jpg 600w, https:\/\/valicompany.com\/wp-content\/uploads\/2022\/12\/shave-guide_women_aftershave-500x281.jpg 500w, https:\/\/valicompany.com\/wp-content\/uploads\/2022\/12\/shave-guide_women_aftershave-1024x576.jpg 1024w, https:\/\/valicompany.com\/wp-content\/uploads\/2022\/12\/shave-guide_women_aftershave-768x432.jpg 768w, https:\/\/valicompany.com\/wp-content\/uploads\/2022\/12\/shave-guide_women_aftershave-300x169.jpg 300w\" sizes=\"auto, (max-width: 1130px) 100vw, 1130px\" \/> <\/div> <\/section>\n","protected":false},"excerpt":{"rendered":"<p>F\u00fcr die Rasur mit einem Rasierhobel<\/p>\n","protected":false},"author":1,"featured_media":0,"parent":4662,"menu_order":1,"comment_status":"closed","ping_status":"closed","template":"","meta":{"inline_featured_image":false,"footnotes":""},"class_list":["post-4666","page","type-page","status-publish","hentry"],"meta_box":[],"_links":{"self":[{"href":"https:\/\/valicompany.com\/de\/wp-json\/wp\/v2\/pages\/4666","targetHints":{"allow":["GET"]}}],"collection":[{"href":"https:\/\/valicompany.com\/de\/wp-json\/wp\/v2\/pages"}],"about":[{"href":"https:\/\/valicompany.com\/de\/wp-json\/wp\/v2\/types\/page"}],"author":[{"embeddable":true,"href":"https:\/\/valicompany.com\/de\/wp-json\/wp\/v2\/users\/1"}],"replies":[{"embeddable":true,"href":"https:\/\/valicompany.com\/de\/wp-json\/wp\/v2\/comments?post=4666"}],"version-history":[{"count":23,"href":"https:\/\/valicompany.com\/de\/wp-json\/wp\/v2\/pages\/4666\/revisions"}],"predecessor-version":[{"id":4996,"href":"https:\/\/valicompany.com\/de\/wp-json\/wp\/v2\/pages\/4666\/revisions\/4996"}],"up":[{"embeddable":true,"href":"https:\/\/valicompany.com\/de\/wp-json\/wp\/v2\/pages\/4662"}],"wp:attachment":[{"href":"https:\/\/valicompany.com\/de\/wp-json\/wp\/v2\/media?parent=4666"}],"curies":[{"name":"wp","href":"https:\/\/api.w.org\/{rel}","templated":true}]}}