{"id":4699,"date":"2022-12-15T14:41:43","date_gmt":"2022-12-15T13:41:43","guid":{"rendered":"https:\/\/valicompany.com\/uber-uns\/"},"modified":"2023-07-03T10:28:18","modified_gmt":"2023-07-03T08:28:18","slug":"uber-uns","status":"publish","type":"page","link":"https:\/\/valicompany.com\/de\/uber-uns\/","title":{"rendered":"\u00dcber uns"},"content":{"rendered":"\n<section class=\"wp-block-vali-theme-hero-about-us hero-fullscreen-about\"> <div class=\"hero-background-faq-test\" style=\"background-image:url(https:\/\/valicompany.com\/wp-content\/uploads\/2023\/01\/about_us_vali_shaving_bg.jpg)\"> <div class=\"container container-full-height\"> <div class=\"about-us-hero_wrapper flex\"> <div class=\"about-us-hero__wrapper-content flex\"> <svg xmlns=\"http:\/\/www.w3.org\/2000\/svg\" viewbox=\"0 0 84.87 79.38\" fill=\"#090804\" class=\"v-logo-icon\"> <path d=\"M16.08 0H.09l34.7 79.38h15.59L42.5 61.24zm54.05 0L50.38 45.39l7.33 16.93L84.87 0z\"><\/path> <\/svg> <h1 class=\"main-hero__heading\">Lernen Sie uns kennen<\/h1> <\/div> <\/div> <\/div> <\/div> <\/section>\n\n<section class=\"wp-block-vali-theme-about-us-section-headline\"> <div class=\"container\"> <div class=\"about-us-headline-wrapper flex-column gap-s\"> <h2>&#8211; Unsere Mission &#8211;<\/h2> <p>Menschen dazu bringen, die Rasur zu lieben. <br><br>Wir tun dies, indem wir hochwertige Produkte mit nat\u00fcrlichen Inhaltsstoffen entwickeln, die sowohl Ihren Geldbeutel als auch die Umwelt schonen.<\/p> <\/div> <\/div> <\/section>\n\n<section class=\"wp-block-vali-theme-about-us-section-left\"> <div class=\"container\"> <div class=\"about-us-wrapper column-tablet flex gap-m\"> <div> <img loading=\"lazy\" decoding=\"async\" src=\"https:\/\/valicompany.com\/wp-content\/uploads\/2022\/12\/one_size_fits_all.jpg\" width=\"880\" height=\"450\" alt=\"bunte Illustration von vielen Menschen zusammen\" class=\"wp-image-252\" srcset=\"https:\/\/valicompany.com\/wp-content\/uploads\/2022\/12\/one_size_fits_all.jpg 880w, https:\/\/valicompany.com\/wp-content\/uploads\/2022\/12\/one_size_fits_all-600x307.jpg 600w, https:\/\/valicompany.com\/wp-content\/uploads\/2022\/12\/one_size_fits_all-500x256.jpg 500w, https:\/\/valicompany.com\/wp-content\/uploads\/2022\/12\/one_size_fits_all-768x393.jpg 768w, https:\/\/valicompany.com\/wp-content\/uploads\/2022\/12\/one_size_fits_all-300x153.jpg 300w\" sizes=\"auto, (max-width: 880px) 100vw, 880px\" \/> <\/div> <div class=\"flex-column gap-s\"> <h2>Eine Gr\u00f6\u00dfe f\u00fcr alle?<\/h2> <p>Nein, wir sind kein Modeunternehmen. Wir verkaufen Rasierer und entsprechendes Zubeh\u00f6r. Aber der Modemarkt ist voll von Alternativen, die zu jedem Einzelnen passen. Es gibt eine F\u00fclle von Alternativen, wie Farbe, Gr\u00f6\u00dfe, Stoff und vieles mehr. F\u00fcr die Hautpflege und die Rasur von M\u00e4nnern gab es jedoch nie wirklich Alternativen. Obwohl wir alle einen unterschiedlichen Haarwuchs und Hauttyp haben, haben einige von uns einen rauen Bart, andere einen lockigen, und wieder andere eine d\u00fcnne, empfindliche \u00e4u\u00dfere Hautschicht und noch alle Kombinationen dazwischen. Dazu kommt noch das unterschiedliche Klima, in dem jeder Mensch lebt.  Vali &amp; Co. wurde gegr\u00fcndet, um dieser \u00fcbersehenen Zielgruppe eine echte Alternative zu bieten. Eine Zielgruppe, die in verschiedenen Bev\u00f6lkerungsgruppen bis zu vier von f\u00fcnf Personen ausmachen kann.<\/p> <\/div> <\/div> <\/div> <\/section>\n\n<section class=\"wp-block-vali-theme-about-us-section-right\"> <div class=\"container\"> <div class=\"about-us-wrapper column-tablet-reverse flex gap-m\"> <div class=\"flex-column gap-s\"> <h2>Ein Markt im Umbruch<\/h2> <p>Fast ein ganzes Jahrhundert lang wurde der weltweite Rasiermarkt von einem einzigen Unternehmen mit einem Marktanteil von \u00fcber 70 % beherrscht. Allein in den letzten f\u00fcnf bis zehn Jahren ist ihr Anteil um fast die H\u00e4lfte gesunken (Euromonitor). Der Weltmarkt f\u00fcr Rasierprodukte ist in diesem Zeitraum nur um 5-10 % zur\u00fcckgegangen. Das ist nicht verwunderlich, wenn man davon ausgeht, dass alle Menschen gleich geboren sind und sogar alle den gleichen Geldbeutel haben.<\/p> <\/div> <div> <img loading=\"lazy\" decoding=\"async\" src=\"https:\/\/valicompany.com\/wp-content\/uploads\/2022\/12\/worldmap_color.jpg\" width=\"880\" height=\"450\" alt=\"bunte Illustration der Weltkarte\" class=\"wp-image-253\" srcset=\"https:\/\/valicompany.com\/wp-content\/uploads\/2022\/12\/worldmap_color.jpg 880w, https:\/\/valicompany.com\/wp-content\/uploads\/2022\/12\/worldmap_color-600x307.jpg 600w, https:\/\/valicompany.com\/wp-content\/uploads\/2022\/12\/worldmap_color-500x256.jpg 500w, https:\/\/valicompany.com\/wp-content\/uploads\/2022\/12\/worldmap_color-768x393.jpg 768w, https:\/\/valicompany.com\/wp-content\/uploads\/2022\/12\/worldmap_color-300x153.jpg 300w\" sizes=\"auto, (max-width: 880px) 100vw, 880px\" \/> <\/div> <\/div> <\/div> <\/section>\n\n<section class=\"wp-block-vali-theme-about-us-section-left\"> <div class=\"container\"> <div class=\"about-us-wrapper column-tablet flex gap-m\"> <div> <img loading=\"lazy\" decoding=\"async\" src=\"https:\/\/valicompany.com\/wp-content\/uploads\/2022\/12\/searching.jpg\" width=\"880\" height=\"450\" alt=\"Illustration eines Mannes, der in ein Fernglas schaut\" class=\"wp-image-254\" srcset=\"https:\/\/valicompany.com\/wp-content\/uploads\/2022\/12\/searching.jpg 880w, https:\/\/valicompany.com\/wp-content\/uploads\/2022\/12\/searching-600x307.jpg 600w, https:\/\/valicompany.com\/wp-content\/uploads\/2022\/12\/searching-500x256.jpg 500w, https:\/\/valicompany.com\/wp-content\/uploads\/2022\/12\/searching-768x393.jpg 768w, https:\/\/valicompany.com\/wp-content\/uploads\/2022\/12\/searching-300x153.jpg 300w\" sizes=\"auto, (max-width: 880px) 100vw, 880px\" \/> <\/div> <div class=\"flex-column gap-s\"> <h2>Die Suche nach Alternativen<\/h2> <p>Wir haben M\u00e4rkte und L\u00e4nder fernab von Nordeuropa untersucht. Dabei haben wir festgestellt, dass beispielsweise in asiatischen L\u00e4ndern wie Indien oder in L\u00e4ndern des Nahen Ostens kein Unternehmen eine Monopolstellung innehat. Hier haben sie sogar in der Vergangenheit immer wieder versucht, mit ihrer Einheitsmentalit\u00e4t in den Markt einzudringen. Nur um schnell abgewiesen zu werden. Wir haben verstanden, dass M\u00e4nner in diesen L\u00e4ndern oft einen rauen Bart haben, vielleicht ein wenig lockig und vielleicht sogar empfindliche Haut. Sie haben jedoch vielleicht nicht so eine gro\u00dfe Brieftasche wie wir im Westen. Wie wir, verstanden sie auch, dass die angebotene Option f\u00fcr sie nicht in Frage kam.<\/p> <\/div> <\/div> <\/div> <\/section>\n\n<section class=\"wp-block-vali-theme-about-us-section-right\"> <div class=\"container\"> <div class=\"about-us-wrapper column-tablet-reverse flex gap-m\"> <div class=\"flex-column gap-s\"> <h2>Alt trifft Neu<\/h2> <p>Gleichzeitig hat die Entwicklung klassischer Nassrasurprodukte einen langen Weg zur\u00fcckgelegt. Wir haben das Beste, was wir finden konnten, mit dem Neuesten kombiniert, um eine gute Alternative zu bieten. Mit Rasierklingen f\u00fcr Rasierhobel, die so scharf sind, dass sie auch die gr\u00f6bsten Haare ohne Reibung und Zug schneiden, einem hochmodernen Rasierpinsel aus weichen Synthetikfasern ohne Tierhaare, einem Rasiercreme, der verseift ist, ohne die Haut auszutrocknen, und einem After Shave, das Feuchtigkeit spendet und repariert, anstatt auszutrocknen und zu brennen. Und das Beste ist, dass diese Rasierprodukte umweltfreundlich sind. Die Rasierklingen k\u00f6nnen recycelt werden, die Rasiercremes enthalten keine chemischen Schadstoffe und keine austrocknenden Treibgase, und das After Shave ist frei von Alkohol.<\/p> <\/div> <div> <img loading=\"lazy\" decoding=\"async\" src=\"https:\/\/valicompany.com\/wp-content\/uploads\/2022\/12\/vali_safety-razor_sketch.jpg\" width=\"880\" height=\"450\" alt=\"Vali Rasierhobel Skizze\" class=\"wp-image-255\" srcset=\"https:\/\/valicompany.com\/wp-content\/uploads\/2022\/12\/vali_safety-razor_sketch.jpg 880w, https:\/\/valicompany.com\/wp-content\/uploads\/2022\/12\/vali_safety-razor_sketch-600x307.jpg 600w, https:\/\/valicompany.com\/wp-content\/uploads\/2022\/12\/vali_safety-razor_sketch-500x256.jpg 500w, https:\/\/valicompany.com\/wp-content\/uploads\/2022\/12\/vali_safety-razor_sketch-768x393.jpg 768w, https:\/\/valicompany.com\/wp-content\/uploads\/2022\/12\/vali_safety-razor_sketch-300x153.jpg 300w\" sizes=\"auto, (max-width: 880px) 100vw, 880px\" \/> <\/div> <\/div> <\/div> <\/section>\n\n<section class=\"wp-block-vali-theme-section-values about-us-section-grid margin-bottom-l\"> <div class=\"about-us-grid-container container flex-column\"> <h2 class=\"margin-bottom-m\">Unsere Werte<\/h2> <div class=\"about-us-grid\"> <div class=\"about-us-grid-col flex-column gap-s\">  <svg xmlns=\"http:\/\/www.w3.org\/2000\/svg\" width=\"20px\" height=\"20px\" viewbox=\"0 0 20 20\"> <path d=\"M0 11l2-2 5 5L18 3l2 2L7 18z\"><\/path> <\/svg> <h3>Einfachheit<\/h3> <p>Unsere Produkte sollen einfach zu verstehen und zu benutzen sein.<\/p> <\/div>  <div class=\"about-us-grid-col flex-column gap-s\"> <svg xmlns=\"http:\/\/www.w3.org\/2000\/svg\" viewbox=\"0 0 489.003 489.003\"> <path d=\"M305.802 156.814c-33.8-19.5-88.4-19.5-122 0s-33.4 51.2.4 70.7 88.4 19.5 122 0c33.6-19.6 33.4-51.2-.4-70.7zm-15.5 30.7l-8.7 2.8c-1.8.5-2.9.6-3.7.2-.4-.3-.8-.7-1.2-1.3-1.9-3.1-4.8-5.8-8.7-8-.5-.3-1.1-.6-1.7-.9-1.3-.7-2.5-1.2-4.1-1.6-5.6-1.3-10.6.8-9.9 4.3.3 1.8 1.3 3.4 2.5 5.1 2 2.8 4.2 5.6 5.6 8.6 4.7 9.4-5.5 18.7-21.9 19.6-5.9.3-11.5-.4-16.7-2.1-2.3-.7-4-.7-5.7.5-1.7 1.1-3.6 2.1-5.4 3.1-1.6.9-3.3 1-4.9.1-1.2-.6-2.3-1.3-3.5-1.9-.8-.5-1.6-.9-2.4-1.4-1.7-1-1.5-2 .1-3 1.3-.8 2.6-1.5 3.8-2.3 2.9-1.7 2.9-1.8.5-3.7-3-2.4-5.7-4.9-7.4-7.7-1.3-2.2-1-2.7 2.5-3.9 2.6-.8 5.1-1.7 7.7-2.5 1.9-.6 3-.7 3.8-.3.5.3.8.7 1.2 1.4 1.7 3.2 4.6 6 8.1 8.7.6.5 1.3.9 1.9 1.3 1.9 1.1 4.1 1.9 6.6 2.5 6.5 1.5 12.3-1.1 11.7-5.2-.2-1.4-.9-2.6-1.8-3.9-2.2-3.3-5.1-6.4-6.6-9.9-2.4-5.6-1.3-10.7 6.4-14.7 8.8-4.5 18.6-4.8 29-2 4.3 1.2 4.2 1.2 7.5-.7 1.1-.7 2.2-1.3 3.3-1.9 2.5-1.4 3.4-1.4 5.9 0 .8.4 1.5.9 2.3 1.3 5.3 3 5.3 3 .1 6.1-3.7 2.1-3.7 2.1-.6 4.6 2.4 1.9 4.3 3.9 5.7 6.1 1.1 1.1.7 2-1.3 2.6zm60.6 65.8c-9.3 5.4-24.4 5.4-33.8 0-9.3-5.4-9.4-14.2-.1-19.6s24.4-5.4 33.8 0 9.5 14.2.1 19.6zm-178-102.8c-9.3 5.4-24.4 5.4-33.8 0s-9.4-14.2-.1-19.6 24.4-5.4 33.8 0c9.3 5.4 9.4 14.2.1 19.6zm304.5 60.9l-266.5-153.9c-15.4-8.9-40.4-8.9-55.7 0l-142.9 83c-15.3 8.9-15.2 23.4.2 32.3l266.5 153.9c15.4 8.9 40.4 8.9 55.7 0l142.8-83c15.4-8.9 15.3-23.4-.1-32.3zm-139.8 86c-1.7-1.6-3.7-3.1-6.1-4.5-15.6-9-40.9-9-56.4 0-1.2.7-2.2 1.4-3.3 2.2l-206.9-119.5c2-.8 3.9-1.7 5.7-2.7 15.5-9 15.4-23.6-.2-32.6-1.7-1-3.5-1.9-5.4-2.6l85.3-49.6c1.3 1.1 2.8 2.1 4.5 3.1 15.6 9 40.9 9 56.4 0 1.8-1 3.3-2.1 4.7-3.3l207.6 119.8c-2.8 1-5.3 2.1-7.7 3.5-15.5 9-15.5 23.7.2 32.7 2.4 1.4 5.1 2.5 7.9 3.5l-86.3 50zm-332.1-93.8c6.8-3.5 17.3-3 23.8.8l278.6 160.8 150.6-87.6c6.5-3.8 17.2-3.8 23.8 0s6.6 10 .1 13.8l-160.1 93c-7.8 4.6-20.6 4.6-28.5 0l-5.6-3.2-3.9-2.3-279.3-161.2c-6.8-3.9-6.7-10.4.5-14.1zm477.1 138.1l-160.1 93c-7.8 4.6-20.6 4.6-28.5 0l-5.5-3.2-4-2.3-279.3-161.2c-6.8-3.9-6.6-10.4.6-14.1 6.7-3.5 17.3-3 23.8.8l278.5 160.8 150.6-87.5c6.6-3.8 17.2-3.8 23.8 0 6.6 3.7 6.7 9.9.1 13.7z\"><\/path> <\/svg> <h3>Wert<\/h3>  <p>Jeder, der sich eine bessere Gesundheit und Haut w\u00fcnscht, sollte sie sich leisten k\u00f6nnen.<\/p> <\/div>  <div class=\"about-us-grid-col flex-column gap-s\"> <svg xmlns=\"http:\/\/www.w3.org\/2000\/svg\" width=\"512\" height=\"512\" viewbox=\"-160 0 512 512\"> <path d=\"M176 432c0 44.112-35.888 80-80 80s-80-35.888-80-80 35.888-80 80-80 80 35.888 80 80zM25.26 25.199l13.6 272C39.499 309.972 50.041 320 62.83 320h66.34c12.789 0 23.331-10.028 23.97-22.801l13.6-272C167.425 11.49 156.496 0 142.77 0H49.23C35.504 0 24.575 11.49 25.26 25.199z\"><\/path> <\/svg> <h3>Respekt<\/h3> <p>Unsere Kunden inspirieren uns. Sie sind der Antrieb f\u00fcr unsere Arbeit.<\/p> <\/div> <div class=\"about-us-grid-col flex-column gap-s\">  <svg xmlns=\"http:\/\/www.w3.org\/2000\/svg\" width=\"512px\" height=\"512px\" viewbox=\"0 0 512 512\"> <title>ionicons-v5-j<\/title> <path d=\"M336,256c-20.56,0-40.44-9.18-56-25.84-15.13-16.25-24.37-37.92-26-61-1.74-24.62,5.77-47.26,21.14-63.76S312,80,336,80c23.83,0,45.38,9.06,60.7,25.52,15.47,16.62,23,39.22,21.26,63.63h0c-1.67,23.11-10.9,44.77-26,61C376.44,246.82,356.57,256,336,256Zm66-88h0Z\"><\/path> <path d=\"M467.83,432H204.18a27.71,27.71,0,0,1-22-10.67,30.22,30.22,0,0,1-5.26-25.79c8.42-33.81,29.28-61.85,60.32-81.08C264.79,297.4,299.86,288,336,288c36.85,0,71,9,98.71,26.05,31.11,19.13,52,47.33,60.38,81.55a30.27,30.27,0,0,1-5.32,25.78A27.68,27.68,0,0,1,467.83,432Z\"><\/path> <path d=\"M147,260c-35.19,0-66.13-32.72-69-72.93C76.58,166.47,83,147.42,96,133.45,108.86,119.62,127,112,147,112s38,7.66,50.93,21.57c13.1,14.08,19.5,33.09,18,53.52C213.06,227.29,182.13,260,147,260Z\"><\/path> <path d=\"M212.66,291.45c-17.59-8.6-40.42-12.9-65.65-12.9-29.46,0-58.07,7.68-80.57,21.62C40.93,316,23.77,339.05,16.84,366.88a27.39,27.39,0,0,0,4.79,23.36A25.32,25.32,0,0,0,41.72,400h111a8,8,0,0,0,7.87-6.57c.11-.63.25-1.26.41-1.88,8.48-34.06,28.35-62.84,57.71-83.82a8,8,0,0,0-.63-13.39C216.51,293.42,214.71,292.45,212.66,291.45Z\"><\/path> <\/svg> <h3>Anders ist gut<\/h3>  <p>Jeder Mensch ist anders &#8211; anders ist gut. Jeder sollte m\u00fchelos und zu einem fairen Preis seine Gesundheit und Haut verbessern k\u00f6nnen. Ungeachtet der Nationalit\u00e4t, der ethnischen Herkunft, des Alters, des Geschlechts, der funktionellen Unterschiede oder der sexuellen Orientierung sind bei uns alle willkommen.<\/p> <\/div> <\/div> <\/div> <\/section>\n","protected":false},"excerpt":{"rendered":"","protected":false},"author":1,"featured_media":0,"parent":0,"menu_order":0,"comment_status":"closed","ping_status":"closed","template":"","meta":{"inline_featured_image":false,"footnotes":""},"class_list":["post-4699","page","type-page","status-publish","hentry"],"meta_box":[],"_links":{"self":[{"href":"https:\/\/valicompany.com\/de\/wp-json\/wp\/v2\/pages\/4699","targetHints":{"allow":["GET"]}}],"collection":[{"href":"https:\/\/valicompany.com\/de\/wp-json\/wp\/v2\/pages"}],"about":[{"href":"https:\/\/valicompany.com\/de\/wp-json\/wp\/v2\/types\/page"}],"author":[{"embeddable":true,"href":"https:\/\/valicompany.com\/de\/wp-json\/wp\/v2\/users\/1"}],"replies":[{"embeddable":true,"href":"https:\/\/valicompany.com\/de\/wp-json\/wp\/v2\/comments?post=4699"}],"version-history":[{"count":7,"href":"https:\/\/valicompany.com\/de\/wp-json\/wp\/v2\/pages\/4699\/revisions"}],"predecessor-version":[{"id":4777,"href":"https:\/\/valicompany.com\/de\/wp-json\/wp\/v2\/pages\/4699\/revisions\/4777"}],"wp:attachment":[{"href":"https:\/\/valicompany.com\/de\/wp-json\/wp\/v2\/media?parent=4699"}],"curies":[{"name":"wp","href":"https:\/\/api.w.org\/{rel}","templated":true}]}}