{"id":4720,"date":"2022-12-20T08:59:02","date_gmt":"2022-12-20T07:59:02","guid":{"rendered":"https:\/\/valicompany.com\/rasierpickel\/"},"modified":"2023-07-02T09:55:14","modified_gmt":"2023-07-02T07:55:14","slug":"rasierpickel","status":"publish","type":"page","link":"https:\/\/valicompany.com\/de\/rasierpickel\/","title":{"rendered":"Rasierpickel"},"content":{"rendered":"<section class=\"breadcrumb-section wp-block-vali-theme-breadcrumbs-posts\">\n    <div class=\"container\">\n        <nav class=\"breadcrumbs-posts-nav\" aria-label=\"breadcrumbs\">\n                                        <ul class=\"breadcrumbs-posts-ul\">\n                                        <li class=\"first-crumb\">\n                        <a href=\"https:\/\/valicompany.com\/de\/\" class=\"first-crumb-link\">Home<\/a>\n                    <\/li>\n                                                            <li class=\"third-crumb\"><span href=\"\" aria-current=\"page\">Home<\/span>\n                    <\/li>\n                <\/ul>\n                    <\/nav>\n    <\/div>\n<\/section>\n<section class=\"wp-block-vali-theme-section-embed-youtube padding-section-xs youtube-hero\"> <div class=\"container\"> <div>\n<figure class=\"wp-block-embed is-type-video is-provider-youtube wp-block-embed-youtube wp-embed-aspect-16-9 wp-has-aspect-ratio\"><div class=\"wp-block-embed__wrapper\">\n<iframe loading=\"lazy\" title=\"4 tips to avoid razor bumps after shaving\" width=\"500\" height=\"281\" src=\"https:\/\/www.youtube.com\/embed\/pk-hnst4Z64?feature=oembed\" frameborder=\"0\" allow=\"accelerometer; autoplay; clipboard-write; encrypted-media; gyroscope; picture-in-picture; web-share\" referrerpolicy=\"strict-origin-when-cross-origin\" allowfullscreen><\/iframe>\n<\/div><\/figure>\n<\/div> <\/div> <\/section>\n\n<section class=\"wp-block-vali-theme-razor-bumps-main-section padding-bottom-0\"> <div class=\"container-medium\"> <div class=\"razor-bumps-col-wrapper\"> <h1 class=\"margin-bottom-m\">Rasierpickel<\/h1> <p>Pseudofolliculitis barbae, auch &#8220;Rasierpickel&#8221; oder &#8220;eingewachsene Haare&#8221; genannt, sind die kleinen, oft roten Punkte, die nach der Rasur auftreten. Die R\u00f6tung ist ein Zeichen daf\u00fcr, dass die Haut auf eingewachsene Haare mit einer Entz\u00fcndung reagiert. Sie jucken und werden im Allgemeinen als st\u00f6rend empfunden, \u00e4hnlich wie ein M\u00fcckenstich. Doch mit einer guten Rasurtechnik und den richtigen Produkten k\u00f6nnen Sie Rasierpickel vermeiden.<br><br>Im Folgenden haben wir acht einfache Tipps zusammengestellt, die helfen, Rasierpickel zu vermeiden.<\/p> <\/div> <\/div> <\/section>\n\n<section class=\"wp-block-vali-theme-section-empty-medium\"> <div class=\"container-medium\">\n<div class=\"wp-block-vali-theme-razor-bumps-2-columns column-tablet flex flex-double-column-wrapper gap-m margin-bottom-l\"> <div class=\"flex-column gap-s\"> <h2>1. Mehrklingen-Rasierer rasieren unter der Haut.<\/h2> <p>Mehrklingen-Rasierer sind so konstruiert, dass sie das Haar anheben&#8221;, bevor es abgeschnitten wird. Dadurch wird das Haar unter der Haut abgeschnitten. Wenn die Haare nachwachsen, bleiben sie unter der Haut h\u00e4ngen und verursachen Rasierpickel. Und je mehr Rasierklingen Ihr Rasierer hat, desto schlimmer wird dies. Um dies zu verhindern, muss das Haar gleichm\u00e4\u00dfig auf Hauth\u00f6he geschnitten werden. Mit nur einer Rasierklinge schneidet unser Rasierhobel b\u00fcndig mit der Haut.<\/p> <\/div> <div>\n<figure class=\"wp-block-video\"><video height=\"1076\" style=\"aspect-ratio: 1076 \/ 1076;\" width=\"1076\" controls=\"\" src=\"https:\/\/valicompany.com\/wp-content\/uploads\/2022\/12\/razor-bumps_video.mp4\"><\/video><\/figure>\n<\/div> <\/div>\n\n\n\n<div class=\"wp-block-vali-theme-razor-bumps-guide-step flex-column gap-s margin-bottom-l\"> <h2>2. Grober Haarwuchs bleibt leichter stecken.<\/h2> <p>Grobe Haare bleiben leichter zwischen den Klingen eines Mehrklingenrasierers stecken. Dadurch wird das Haar aus der Haut gerissen, was zu Irritationen und eingewachsenen Haaren f\u00fchrt. Dies wird vermieden, wenn Sie einen scharfen Rasierhobel mit nur einer Rasierklinge verwenden.<\/p> <\/div>\n\n\n\n<div class=\"wp-block-vali-theme-razor-bumps-guide-step flex-column gap-s margin-bottom-l\"> <h2>3. Dr\u00fccken Sie nicht auf die Haut.<\/h2> <p>Rasierer mit mehreren Klingen sind oft aus Kunststoff gefertigt, was sie sehr leicht macht. Daher muss bei der Rasur unn\u00f6tiger Druck auf die Haut ausge\u00fcbt werden. Benutzer von Rasierern mit mehreren Klingen empfinden dies oft so, dass der Rasierer das Haar abrei\u00dft, anstatt es zu schneiden. Der Vali-Rasierhobel ist aus Stahl gefertigt und hat ein angenehmes Gewicht, so dass Sie nur minimalen Druck aus\u00fcben m\u00fcssen und stattdessen den Rasierer &#8220;arbeiten&#8221; lassen k\u00f6nnen.<\/p> <\/div>\n\n\n\n<div class=\"wp-block-vali-theme-razor-bumps-guide-step flex-column gap-s margin-bottom-l\"> <h2>4. Verwenden Sie frische Klingen.<\/h2> <p>Wir empfehlen Ihnen, dieselbe Rasierklinge nicht \u00f6fter als 3-5 Mal zu verwenden. Danach verlieren sie an Sch\u00e4rfe und beginnen zu ziehen und zu zerren, anstatt sauber zu schneiden. Ein &#8220;Refill&#8221; f\u00fcr Multiklingensysteme kann bis zu 4-5 Euro pro Rasierklinge kosten. Aufgrund des hohen Preises entscheiden sich viele daf\u00fcr, sehr lange zu warten, bevor sie auf eine neue Rasierklinge umsteigen. Im Vergleich dazu kosten Vali-Rasierklingen im Handel etwa 0,5 Euro pro Rasierklinge. Das ist nur ein Bruchteil der Kosten f\u00fcr herk\u00f6mmliche Mehrfachklingen-Rasierer! So k\u00f6nnen Sie die Rasierklingen h\u00e4ufiger wechseln. Besser f\u00fcr Ihre Haut und Ihren Geldbeutel, da unsere Rasierklingen recycelt werden k\u00f6nnen.<\/p> <\/div>\n\n\n\n<div class=\"wp-block-vali-theme-razor-bumps-guide-step flex-column gap-s margin-bottom-l\"> <h2>5. Elektrische Rasiertrimmer.<\/h2> <p>Auch Elektrorasierer k\u00f6nnen Hautirritationen und Rasierpickel verursachen. Au\u00dferdem ist eine gr\u00fcndliche Rasur mit Rasiertrimmern fast unm\u00f6glich, da die Haut vor der Rasur nicht befeuchtet und aufgeweicht wird. Denken Sie auch daran, dass die Elektrorasierer nach jeder Rasur gr\u00fcndlich gereinigt werden m\u00fcssen, damit sich keine Bakterien ansammeln, die die Haut infizieren k\u00f6nnen.<\/p> <\/div>\n\n\n\n<div class=\"wp-block-vali-theme-razor-bumps-guide-step flex-column gap-s margin-bottom-l\"> <h2>6. Rasieren Sie sich nie gegen den Strich.<\/h2> <p>Sie erhalten zwar eine gr\u00fcndlichere Rasur, aber gleichzeitig steigt das Risiko von Rasierpickeln und Hautirritationen, da die Haare unter der Haut abgeschnitten werden. Rasieren Sie sich also immer mit dem Strich. Wenn Sie keine \u00fcberm\u00e4\u00dfig empfindliche Haut haben, k\u00f6nnen Sie versuchen, quer zum Stich zu rasieren (nach der Rasur mit dem Strich).<\/p> <\/div>\n\n\n\n<div class=\"wp-block-vali-theme-razor-bumps-guide-step flex-column gap-s margin-bottom-l\"> <h2>7. Vorbereitung ist das A und O.<\/h2> <p>Wir empfehlen, dass Sie vor der Rasur warm duschen. Das macht die Haut und die Haare weicher und \u00f6ffnet die Poren. Verwenden Sie beim Einsch\u00e4umen vorzugsweise einen Rasierpinsel. Der Rasierpinsel peelt die Haut und schrubbt abgestorbene Hautzellen weg, die eingewachsene Haare verursachen k\u00f6nnen. Der letzte Tipp: Tragen Sie vor der Rasur ein erweichendes Rasier\u00f6l auf, um die Gleitf\u00e4higkeit zwischen Rasierklinge und Haut zu verbessern.<\/p> <\/div>\n\n\n\n<div class=\"wp-block-vali-theme-razor-bumps-guide-step flex-column gap-s margin-bottom-l\"> <h2>8. Verwenden Sie gute Rasierprodukte.<\/h2> <p>Achten Sie auf Rasiercremes und After Shaves, die entz\u00fcndungshemmende Inhaltsstoffe enthalten. Die Haut und der K\u00f6rper reagieren auf Resierpickel mit einer Entz\u00fcndung. Wenn Sie Rasiercreme mit entz\u00fcndungshemmenden Inhaltsstoffen verwenden, wirkt die Creme der Hautentz\u00fcndung entgegen. Dadurch wird die Rasurbeule weniger sichtbar, als wenn Sie ohne entz\u00fcndungshemmende Rasiercreme und After Shave eine Rasurbeule bekommen w\u00fcrden. Verzichten Sie ganz auf Rasierschaum aus der Dose. Sie enthalten chemische Treibgase, die die Haut austrocknen.<\/p> <\/div>\n<\/div> <\/section>\n\n<section class=\"wp-block-vali-theme-razor-bumps-cta padding-top-0\"> <div class=\"container-medium\"> <div class=\"gap-m razor-bumps-cta-wrapper\"> <div class=\"flex-column gap-s\"> <h2>Haben Sie genug von Rasierpickeln?<\/h2> <p>Lesen Sie unsere Rasieranleitung und beginnen Sie mit der Rasur mit Ihrem Rasierhobel.<\/p> <\/div> <div class=\"flex-column\"> <a href=\"https:\/\/valicompany.com\/de\/rasieranleitung\/\" class=\"main-cta-link\">Rasieranleitung Lesen<\/a> <\/div> <\/div> <\/div> <\/section>\n","protected":false},"excerpt":{"rendered":"","protected":false},"author":1,"featured_media":0,"parent":0,"menu_order":0,"comment_status":"closed","ping_status":"closed","template":"","meta":{"inline_featured_image":false,"footnotes":""},"class_list":["post-4720","page","type-page","status-publish","hentry"],"meta_box":[],"_links":{"self":[{"href":"https:\/\/valicompany.com\/de\/wp-json\/wp\/v2\/pages\/4720","targetHints":{"allow":["GET"]}}],"collection":[{"href":"https:\/\/valicompany.com\/de\/wp-json\/wp\/v2\/pages"}],"about":[{"href":"https:\/\/valicompany.com\/de\/wp-json\/wp\/v2\/types\/page"}],"author":[{"embeddable":true,"href":"https:\/\/valicompany.com\/de\/wp-json\/wp\/v2\/users\/1"}],"replies":[{"embeddable":true,"href":"https:\/\/valicompany.com\/de\/wp-json\/wp\/v2\/comments?post=4720"}],"version-history":[{"count":3,"href":"https:\/\/valicompany.com\/de\/wp-json\/wp\/v2\/pages\/4720\/revisions"}],"predecessor-version":[{"id":4723,"href":"https:\/\/valicompany.com\/de\/wp-json\/wp\/v2\/pages\/4720\/revisions\/4723"}],"wp:attachment":[{"href":"https:\/\/valicompany.com\/de\/wp-json\/wp\/v2\/media?parent=4720"}],"curies":[{"name":"wp","href":"https:\/\/api.w.org\/{rel}","templated":true}]}}