{"id":4972,"date":"2022-12-01T09:36:02","date_gmt":"2022-12-01T08:36:02","guid":{"rendered":"https:\/\/valicompany.com\/rasieranleitung\/rasuranleitung-maenner\/"},"modified":"2023-08-13T06:05:16","modified_gmt":"2023-08-13T04:05:16","slug":"rasuranleitung-maenner","status":"publish","type":"page","link":"https:\/\/valicompany.com\/de\/rasieranleitung\/rasuranleitung-maenner\/","title":{"rendered":"Rasuranleitung M\u00e4nner"},"content":{"rendered":"\n<section class=\"wp-block-vali-theme-section-embed-youtube padding-section-xs youtube-hero\"> <div class=\"container\"> <div>\n<figure class=\"wp-block-embed is-type-video is-provider-youtube wp-block-embed-youtube wp-embed-aspect-16-9 wp-has-aspect-ratio\"><div class=\"wp-block-embed__wrapper\">\n<iframe loading=\"lazy\" title=\"How to shave safety razor - V\u00e1li\" width=\"500\" height=\"281\" src=\"https:\/\/www.youtube.com\/embed\/svY04uZd1v4?feature=oembed\" frameborder=\"0\" allow=\"accelerometer; autoplay; clipboard-write; encrypted-media; gyroscope; picture-in-picture; web-share\" referrerpolicy=\"strict-origin-when-cross-origin\" allowfullscreen><\/iframe>\n<\/div><\/figure>\n<\/div> <\/div> <\/section>\n\n<section class=\"wp-block-vali-theme-section-empty padding-bottom-0\"> <div class=\"container\">\n<h1 class=\"wp-block-heading\">Rasieranleitung<\/h1>\n\n\n\n<div style=\"height:20px\" aria-hidden=\"true\" class=\"wp-block-spacer\"><\/div>\n\n\n\n<p>Entschl\u00fcsseln Sie die Geheimnisse der Geschmeidigkeit: Meistern Sie die Kunst der Nassrasur<\/p>\n<\/div> <\/section>\n\n<section class=\"wp-block-vali-theme-section-empty\"> <div class=\"container\">\n<div class=\"wp-block-columns gap-l is-layout-flex wp-container-core-columns-is-layout-9d6595d7 wp-block-columns-is-layout-flex\">\n<div class=\"wp-block-column col-guide-men flex-column gap-l is-layout-flow wp-block-column-is-layout-flow\" style=\"flex-basis:60%\">\n<div class=\"wp-block-vali-theme-shave-guide-short\"> <h2>Kurzfassung:<\/h2> <ol class=\"list-shave-guide shave-guide-box\">\n<li class=\"wp-block-vali-theme-shave-guide-short-item\"><span>Sch\u00e4umen Sie sich direkt auf der feuchten Haut oder in einer Sch\u00fcssel ein.<\/span> <\/li>\n\n\n\n<li class=\"wp-block-vali-theme-shave-guide-short-item\"><span>Setzen Sie eine Rasierklinge in den Rasierkopf ein, siehe Video unten f\u00fcr die Anleitung.<\/span> <\/li>\n\n\n\n<li class=\"wp-block-vali-theme-shave-guide-short-item\"><span>Neigen Sie den Rasierer in einem Winkel von etwa 30-40 Grad zur Haut.<\/span> <\/li>\n\n\n\n<li class=\"wp-block-vali-theme-shave-guide-short-item\"><span>Seien Sie behutsam, rasieren Sie mit dem Strich und verwenden Sie kurze Z\u00fcge.<\/span> <\/li>\n\n\n\n<li class=\"wp-block-vali-theme-shave-guide-short-item\"><span>Mit kaltem Wasser absp\u00fclen.<\/span> <\/li>\n\n\n\n<li class=\"wp-block-vali-theme-shave-guide-short-item\"><span>Tragen Sie unseren After Shave Balsam auf die rasierte Stelle auf.<\/span> <\/li>\n<\/ol> <\/div>\n\n\n\n<div class=\"wp-block-vali-theme-shave-guide-step-accordion flex-column gap-s\"> <h2>Immer mit dem Strich rasieren<\/h2> <img decoding=\"async\" src=\"https:\/\/valicompany.com\/wp-content\/uploads\/2022\/12\/shaving_guide_beard-growth.jpg\" loading=\"lazy\" width=\"800\" height=\"598\" alt=\"Illustration der Bartwuchsrichtung f\u00fcr die Rasieranleitung\" class=\"wp-image-238\" srcset=\"https:\/\/valicompany.com\/wp-content\/uploads\/2022\/12\/shaving_guide_beard-growth.jpg 800w, https:\/\/valicompany.com\/wp-content\/uploads\/2022\/12\/shaving_guide_beard-growth-600x449.jpg 600w, https:\/\/valicompany.com\/wp-content\/uploads\/2022\/12\/shaving_guide_beard-growth-500x374.jpg 500w, https:\/\/valicompany.com\/wp-content\/uploads\/2022\/12\/shaving_guide_beard-growth-768x574.jpg 768w, https:\/\/valicompany.com\/wp-content\/uploads\/2022\/12\/shaving_guide_beard-growth-300x224.jpg 300w\" sizes=\"auto, (max-width: 800px) 100vw, 800px\" \/> <p>Rasieren Sie sich immer in der Richtung, in der Ihr Haar w\u00e4chst. Lernen Sie Ihren Bart kennen, indem Sie f\u00fchlen und analysieren, wie er im Gesicht und am Hals w\u00e4chst. So k\u00f6nnen Sie Irritationen, Rasierpickel und eingewachsene Haare vermeiden. Die Abbildung oben zeigt typische Wuchsrichtungen, aber dein Bart kann auch in andere Richtungen wachsen. Sie k\u00f6nnen versuchen, sich in verschiedene Richtungen zu rasieren, nachdem Sie Ihr Haar einmal rasiert haben. Allerdings steigt das Risiko von Irritationen und eingewachsenen Haaren, wenn Sie gegen den Strich rasieren.<\/p> <div class=\"accordion\">  <div class=\"accordion-item\">  <button aria-expanded=\"false\"><span class=\"accordion-title\">Klicken Sie hier, um mehr dar\u00fcber zu lesen, wie Sie sp\u00fcren k\u00f6nnen, in welche Richtung Ihr Haar w\u00e4chst.<\/span><span class=\"icon\" aria-hidden=\"true\"><\/span> <\/button>  <div class=\"accordion-content\">  <p>Lassen Sie Ihr Haar ein paar Tage lang wachsen. F\u00fchlen Sie dann leicht mit den Fingern, indem Sie an den Haarstr\u00e4hnen auf und ab fahren. Wenn Sie sp\u00fcren, dass es mehr zieht, wenn Sie mit den Fingern &#8220;nach oben&#8221; fahren, bedeutet das, dass das Haar nach unten w\u00e4chst. Die meisten M\u00e4nner haben B\u00e4rte, die von den Koteletten nach unten wachsen. Manche haben B\u00e4rte, die im Nacken und vielleicht sogar an der Seite nach oben wachsen. F\u00fchlen Sie also nicht nur mit Ihren Fingern, sondern auch beim Rasieren.<\/p>  <\/div>  <\/div>  <\/div> <\/div>\n\n\n\n<div class=\"wp-block-vali-theme-shave-guide-step flex-column gap-s\"> <h2>Vorbereitung<\/h2> <img loading=\"lazy\" decoding=\"async\" src=\"https:\/\/valicompany.com\/wp-content\/uploads\/2022\/12\/shaving_guide_shower.jpg\" width=\"800\" height=\"598\" alt=\"Illustration eines duschenden Mannes, der sich auf die Rasur vorbereitet\" class=\"wp-image-187\" srcset=\"https:\/\/valicompany.com\/wp-content\/uploads\/2022\/12\/shaving_guide_shower.jpg 800w, https:\/\/valicompany.com\/wp-content\/uploads\/2022\/12\/shaving_guide_shower-600x449.jpg 600w, https:\/\/valicompany.com\/wp-content\/uploads\/2022\/12\/shaving_guide_shower-500x374.jpg 500w, https:\/\/valicompany.com\/wp-content\/uploads\/2022\/12\/shaving_guide_shower-768x574.jpg 768w, https:\/\/valicompany.com\/wp-content\/uploads\/2022\/12\/shaving_guide_shower-300x224.jpg 300w\" sizes=\"auto, (max-width: 800px) 100vw, 800px\" \/> <p>Die beste und einfachste Art, sich auf die Rasur vorzubereiten, ist eine Dusche. Das warme Wasser und der Dampf \u00f6ffnen die Poren und machen die Barthaare weicher. Eine weitere effektive Vorbereitung auf die Rasur ist, ein feuchtes, warmes Handtuch mindestens eine Minute lang auf die Haut zu legen. Unmittelbar danach k\u00f6nnen Sie Rasier\u00f6l auf die Haut massieren, um einen zus\u00e4tzlichen Schutz zu erhalten und die Gleitf\u00e4higkeit der Rasierklinge zu verbessern.<\/p> <\/div>\n\n\n\n<div class=\"wp-block-vali-theme-shave-guide-step-list flex-column gap-s columns-1\"> <h2>Einsch\u00e4umen<\/h2> <img loading=\"lazy\" decoding=\"async\" src=\"https:\/\/valicompany.com\/wp-content\/uploads\/2022\/12\/shaving_guide_shave-brush.jpg\" width=\"800\" height=\"598\" alt=\"Illustration eines Mannes, der sein Gesicht mit Rasierpinsel und Creme einseift\" class=\"wp-image-241\" srcset=\"https:\/\/valicompany.com\/wp-content\/uploads\/2022\/12\/shaving_guide_shave-brush.jpg 800w, https:\/\/valicompany.com\/wp-content\/uploads\/2022\/12\/shaving_guide_shave-brush-600x449.jpg 600w, https:\/\/valicompany.com\/wp-content\/uploads\/2022\/12\/shaving_guide_shave-brush-500x374.jpg 500w, https:\/\/valicompany.com\/wp-content\/uploads\/2022\/12\/shaving_guide_shave-brush-768x574.jpg 768w, https:\/\/valicompany.com\/wp-content\/uploads\/2022\/12\/shaving_guide_shave-brush-300x224.jpg 300w\" sizes=\"auto, (max-width: 800px) 100vw, 800px\" \/> <p>Jetzt ist es an der Zeit, Ihren Rasierschaum zu erzeugen. Nach den Vorbereitungen ist es wichtig, dass Sie sich Zeit nehmen, um mit Hilfe des Rasierschaums und des Rasierpinsels einen guten Schaum zu erzeugen. . Wir empfehlen die Verwendung eines Rasierpinsels, da er die Haarstr\u00e4hnen anhebt und die Haut durch das Entfernen abgestorbener Hautzellen weicher macht und exfoliert. Das Ergebnis ist eine weichere, gr\u00fcndlichere und reizfreie Rasur.<\/p> <ol class=\"columns-1 list-shave-guide\">\n<li class=\"wp-block-vali-theme-shave-guide-short-item\"><span>Sp\u00fclen Sie Ihren Rasierpinsel mit warmem Wasser ab und sch\u00fctteln Sie dann das \u00fcbersch\u00fcssige Wasser vom Rasierpinsel ab. Der feuchte Rasierpinsel hilft Ihnen, einen sch\u00f6nen und dicken Schaum zu erzeugen.<\/span> <\/li>\n\n\n\n<li class=\"wp-block-vali-theme-shave-guide-short-item\"><span>Verteilen Sie ein wenig Rasiercreme auf der Haut (1-2 etwa mandelgro\u00dfe Streifen) oder geben Sie sie in den Rasierpinsel. Arbeiten Sie dann mit kreisenden Bewegungen auf der Haut weiter. Gie\u00dfen Sie ein paar zus\u00e4tzliche Tropfen Wasser auf den Rasierpinsel, wenn der Schaum zu hart ist. Beginnen Sie mit der Rasur, wenn Sie das Gef\u00fchl haben, dass der Schaum luftig und sanft genug ist.<\/span> <\/li>\n\n\n\n<li class=\"wp-block-vali-theme-shave-guide-short-item\"><span>Legen Sie den Rasierpinsel und die Rasiercreme beiseite. Achten Sie darauf, dass die Rasiercreme nach dem Gebrauch gut verschlossen ist, um die Konsistenz und Haltbarkeit zu gew\u00e4hrleisten.<\/span> <\/li>\n<\/ol> <\/div>\n\n\n\n<div class=\"wp-block-vali-theme-shave-guide-step-list-1 flex-column gap-s\"> <h2>Technik<\/h2> <img loading=\"lazy\" decoding=\"async\" src=\"https:\/\/valicompany.com\/wp-content\/uploads\/2022\/12\/shaving_guide_safety-razor.jpg\" width=\"800\" height=\"598\" alt=\"Illustration eines Mannes, der sich mit einem Sicherheitsrasierer im 45-Grad-Winkel rasiert\" class=\"wp-image-242\" srcset=\"https:\/\/valicompany.com\/wp-content\/uploads\/2022\/12\/shaving_guide_safety-razor.jpg 800w, https:\/\/valicompany.com\/wp-content\/uploads\/2022\/12\/shaving_guide_safety-razor-600x449.jpg 600w, https:\/\/valicompany.com\/wp-content\/uploads\/2022\/12\/shaving_guide_safety-razor-500x374.jpg 500w, https:\/\/valicompany.com\/wp-content\/uploads\/2022\/12\/shaving_guide_safety-razor-768x574.jpg 768w, https:\/\/valicompany.com\/wp-content\/uploads\/2022\/12\/shaving_guide_safety-razor-300x224.jpg 300w\" sizes=\"auto, (max-width: 800px) 100vw, 800px\" \/> <ol class=\"columns-1 list-shave-guide\">\n<li class=\"wp-block-vali-theme-shave-guide-short-item\"><span>Setzen Sie den Rasierer in einem 90-Grad-Winkel zur Haut an und beginnen Sie dann, ihn nach unten zu neigen, bis die Klinge auf die Haut trifft. Bei den meisten Menschen ist dies wahrscheinlich in einem Winkel von 30-40 Grad der Fall (siehe Bild oben).<\/span> <\/li>\n\n\n\n<li class=\"wp-block-vali-theme-shave-guide-short-item\"><span>Arbeiten Sie behutsam. Verwenden Sie kurze Z\u00fcge und rasieren Sie mit dem Strich.<\/span> <\/li>\n\n\n\n<li class=\"wp-block-vali-theme-shave-guide-short-item\"><span>Dr\u00fccken Sie nicht auf die Haut, sondern lassen Sie das Gewicht des Rasierers die Arbeit machen.<\/span> <\/li>\n<\/ol> <p>Wenn Sie fertig sind, sp\u00fclen Sie mit lauwarmem Wasser nach und pr\u00fcfen Sie, ob Sie mit der Rasur zufrieden sind. Wenn nicht, machen Sie einen &#8220;zweiten Durchgang&#8221;, sch\u00e4umen Sie sich erneut ein und geben Sie sich den letzten Schliff. Wenn Sie fertig sind, sp\u00fclen Sie den Rasierhobel in warmem Wasser ab und wischen ihn ab, um seinen Glanz und seine Haltbarkeit zu erhalten. Vergessen Sie auch nicht den Rasierpinsel, der gewaschen und an einem trockenen Ort aufbewahrt werden muss.<\/p> <\/div>\n\n\n\n<div class=\"wp-block-vali-theme-shave-guide-step flex-column gap-s\"> <h2>Abschluss<\/h2> <img loading=\"lazy\" decoding=\"async\" src=\"https:\/\/valicompany.com\/wp-content\/uploads\/2022\/12\/shaving_guide_aftershave.jpg\" width=\"800\" height=\"598\" alt=\"Mann w&#xE4;scht Gesicht nach der Rasur\" class=\"wp-image-188\" srcset=\"https:\/\/valicompany.com\/wp-content\/uploads\/2022\/12\/shaving_guide_aftershave.jpg 800w, https:\/\/valicompany.com\/wp-content\/uploads\/2022\/12\/shaving_guide_aftershave-600x449.jpg 600w, https:\/\/valicompany.com\/wp-content\/uploads\/2022\/12\/shaving_guide_aftershave-500x374.jpg 500w, https:\/\/valicompany.com\/wp-content\/uploads\/2022\/12\/shaving_guide_aftershave-768x574.jpg 768w, https:\/\/valicompany.com\/wp-content\/uploads\/2022\/12\/shaving_guide_aftershave-300x224.jpg 300w\" sizes=\"auto, (max-width: 800px) 100vw, 800px\" \/> <p>Wenn Sie mit Ihrer Rasur zufrieden sind, sp\u00fclen Sie die Haut mit kaltem Wasser ab, um die Poren zu schlie\u00dfen, und tupfen Sie sich vorsichtig mit einem Handtuch trocken. Befeuchten Sie die Haut anschlie\u00dfend mit unserem Aftershave-Balsam.<\/p> <\/div>\n<\/div>\n\n\n\n<div class=\"wp-block-column col-guide-men flex-column gap-l is-layout-flow wp-block-column-is-layout-flow\" style=\"flex-basis:40%\">\n<div class=\"wp-block-vali-theme-shave-guide-tips-list flex-column gap-m\"> <h3>Tips &amp; Tricks<\/h3> <ul class=\"list-ul-shave-guide\">\n<li class=\"wp-block-vali-theme-shave-guide-tips-list-item\"> <span>Wir empfehlen Ihnen, die Rasierklingen nicht \u00f6fter als 3-4 Mal zu verwenden. Es h\u00e4lt sie frisch und verringert das Risiko von Hautreizungen. Der Vorteil ist auch, dass sie sehr billig sind.<\/span> <\/li>\n\n\n\n<li class=\"wp-block-vali-theme-shave-guide-tips-list-item\"> <span>Vorbereitung ist das A und O.<\/span> <\/li>\n\n\n\n<li class=\"wp-block-vali-theme-shave-guide-tips-list-item\"> <span>Niemals Stress.<\/span> <\/li>\n\n\n\n<li class=\"wp-block-vali-theme-shave-guide-tips-list-item\"> <span>Niemals gegen den Strich rasieren.<\/span> <\/li>\n\n\n\n<li class=\"wp-block-vali-theme-shave-guide-tips-list-item\"> <span>Lesen Sie unsere FAQ f\u00fcr weitere Informationen zur Nassrasur.<\/span> <\/li>\n\n\n\n<li class=\"wp-block-vali-theme-shave-guide-tips-list-item\"> <span>Sehen Sie Ihre Rasierroutine als eine Gelegenheit, sich vom Alltagsstress zu erholen.<\/span> <\/li>\n<\/ul> <\/div>\n\n\n\n<div class=\"wp-block-vali-theme-how-to-change-blades flex-column gap-m\"> <h3>How-to, Rasierklingen wechseln<\/h3> <div>\n<figure class=\"wp-block-embed is-type-video is-provider-youtube wp-block-embed-youtube wp-embed-aspect-16-9 wp-has-aspect-ratio\"><div class=\"wp-block-embed__wrapper\">\n<iframe loading=\"lazy\" title=\"Inserting double edge blades into safety razor\" width=\"500\" height=\"281\" src=\"https:\/\/www.youtube.com\/embed\/zi4RdTRUViI?feature=oembed\" frameborder=\"0\" allow=\"accelerometer; autoplay; clipboard-write; encrypted-media; gyroscope; picture-in-picture; web-share\" referrerpolicy=\"strict-origin-when-cross-origin\" allowfullscreen><\/iframe>\n<\/div><\/figure>\n<\/div> <\/div>\n<\/div>\n<\/div>\n<\/div> <\/section>\n","protected":false},"excerpt":{"rendered":"","protected":false},"author":1,"featured_media":0,"parent":4662,"menu_order":0,"comment_status":"closed","ping_status":"closed","template":"","meta":{"inline_featured_image":false,"footnotes":""},"class_list":["post-4972","page","type-page","status-publish","hentry"],"meta_box":[],"_links":{"self":[{"href":"https:\/\/valicompany.com\/de\/wp-json\/wp\/v2\/pages\/4972","targetHints":{"allow":["GET"]}}],"collection":[{"href":"https:\/\/valicompany.com\/de\/wp-json\/wp\/v2\/pages"}],"about":[{"href":"https:\/\/valicompany.com\/de\/wp-json\/wp\/v2\/types\/page"}],"author":[{"embeddable":true,"href":"https:\/\/valicompany.com\/de\/wp-json\/wp\/v2\/users\/1"}],"replies":[{"embeddable":true,"href":"https:\/\/valicompany.com\/de\/wp-json\/wp\/v2\/comments?post=4972"}],"version-history":[{"count":13,"href":"https:\/\/valicompany.com\/de\/wp-json\/wp\/v2\/pages\/4972\/revisions"}],"predecessor-version":[{"id":4987,"href":"https:\/\/valicompany.com\/de\/wp-json\/wp\/v2\/pages\/4972\/revisions\/4987"}],"up":[{"embeddable":true,"href":"https:\/\/valicompany.com\/de\/wp-json\/wp\/v2\/pages\/4662"}],"wp:attachment":[{"href":"https:\/\/valicompany.com\/de\/wp-json\/wp\/v2\/media?parent=4972"}],"curies":[{"name":"wp","href":"https:\/\/api.w.org\/{rel}","templated":true}]}}