{"id":5008,"date":"2023-08-13T17:30:54","date_gmt":"2023-08-13T15:30:54","guid":{"rendered":"https:\/\/valicompany.com\/versand-ruecksendung\/"},"modified":"2024-01-31T13:15:34","modified_gmt":"2024-01-31T12:15:34","slug":"versand-ruecksendung","status":"publish","type":"page","link":"https:\/\/valicompany.com\/de\/versand-ruecksendung\/","title":{"rendered":"Versand &amp; R\u00fccksendung"},"content":{"rendered":"\n<section class=\"wp-block-vali-theme-section-empty\"> <div class=\"container\">\n<h1 class=\"wp-block-heading\">Versand &amp; R\u00fccksendung<\/h1>\n\n\n\n<h2 class=\"wp-block-heading\">Versand- und R\u00fccksendeinformationen f\u00fcr deutsche Kunden<\/h2>\n\n\n\n<p>Willkommen auf unserer Versand- und R\u00fcckgabeseite, auf der wir unseren gesch\u00e4tzten deutschen Kunden wichtige Informationen zu diesen Aspekten Ihres Einkaufserlebnisses geben.<\/p>\n\n\n\n<h3 class=\"wp-block-heading\">Kostenloser Versand bei Bestellungen \u00fcber 39 EUR<\/h3>\n\n\n\n<p>Wir freuen uns, Ihnen einen kostenlosen Versand f\u00fcr alle Bestellungen ab 39 EUR anbieten zu k\u00f6nnen. F\u00fcr Bestellungen, die unter diesem Betrag liegen, wird eine Versandgeb\u00fchr zwischen 2,90 und 7,90 EUR erhoben, die sich nach der gew\u00e4hlten Versandart und dem Gewicht Ihrer Bestellung richtet. Wir bem\u00fchen uns, Ihre Bestellungen innerhalb eines Werktages zu versenden, wobei die voraussichtliche Versanddauer 2-5 Tage betr\u00e4gt.<\/p>\n\n\n\n<h3 class=\"wp-block-heading\">Flexible Lieferoptionen<\/h3>\n\n\n\n<p>Sie haben die Flexibilit\u00e4t, Ihren bevorzugten Lieferpartner aus einer Reihe von vertrauensw\u00fcrdigen Optionen auszuw\u00e4hlen, darunter Postnord, Deutsche Post, FedEx, UPS oder DHL. W\u00e4hrend des Bestellvorgangs k\u00f6nnen Sie die verf\u00fcgbaren Lieferoptionen f\u00fcr Ihre Bestellung festlegen. Nachdem Sie Ihre Bestellung aufgegeben haben, erhalten Sie eine Best\u00e4tigungs-E-Mail mit den Einzelheiten Ihres Kaufs sowie sp\u00e4tere Benachrichtigungen \u00fcber den Fortschritt Ihres Pakets und die voraussichtliche Lieferung an den von Ihnen gew\u00e4hlten Ort. Alle Bestellungen werden von unserem gut ausgestatteten Lager in Schweden aus versandt.<\/p>\n\n\n\n<h3 class=\"wp-block-heading\">M\u00fchelose R\u00fccksendung innerhalb Deutschlands<\/h3>\n\n\n\n<p>Sollten Sie innerhalb des 90-t\u00e4gigen Testzeitraums eine R\u00fccksendung veranlassen m\u00fcssen, haben wir den Prozess nahtlos gestaltet. Wenden Sie sich \u00fcber unsere Kontaktseite an uns, und unsere engagierten Teammitglieder werden Sie durch das R\u00fcckgabeverfahren leiten.<\/p>\n\n\n\n<h3 class=\"wp-block-heading\">Unkomplizierte R\u00fcckerstattungsrichtlinien<\/h3>\n\n\n\n<p>F\u00fcr eine erfolgreiche R\u00fcckerstattung ist es unerl\u00e4sslich, dass sich die zur\u00fcckgesendeten Waren in einem einwandfreien Zustand befinden. Der zu erstattende Betrag richtet sich nach dem Wert der zur\u00fcckgesandten Ware, mit Ausnahme der Portokosten und der damit verbundenen Zahlungsgeb\u00fchren. Erwarten Sie die R\u00fcckerstattung von Vali &amp; Co. AB innerhalb von 30 Tagen nach Eingang der zur\u00fcckgesandten Artikel bei uns. Falls Sie einen Umtausch oder eine R\u00fcckerstattung in Erw\u00e4gung ziehen, bitten wir Sie, sich mit Vali &amp; Co. AB Kontakt aufzunehmen, bevor Sie die Artikel verschicken. Bitte beachten Sie, dass unsere Zustimmung zu den R\u00fcckgabeantr\u00e4gen von einer sorgf\u00e4ltigen Pr\u00fcfung der Produkte durch unsere Mitarbeiter abh\u00e4ngt.<\/p>\n\n\n\n<h3 class=\"wp-block-heading\">Zeitkritisches R\u00fcckgabefenster<\/h3>\n\n\n\n<p>Wir verstehen die Wichtigkeit von Fristen. Daher k\u00f6nnen R\u00fccksendungen nur innerhalb des 90-t\u00e4gigen Testzeitraums bearbeitet werden. Bitte stellen Sie sicher, dass Ihr R\u00fcckgabeantrag innerhalb dieses Zeitrahmens gestellt wird.<\/p>\n\n\n\n<h3 class=\"wp-block-heading\">Umfassende Allgemeine Gesch\u00e4ftsbedingungen<\/h3>\n\n\n\n<p>Wenn Sie sich umfassend \u00fcber unsere Gesch\u00e4ftsbedingungen informieren m\u00f6chten, laden wir Sie ein, diese unter dem folgenden Link einzusehen:<a href=\"https:\/\/valicompany.com\/de\/terms-and-conditions\/\" data-type=\"page\" data-id=\"4499\"> Link zu den Allgemeinen Gesch\u00e4ftsbedingungen<\/a><\/p>\n\n\n\n<p>Vielen Dank, dass Sie uns f\u00fcr Ihre Eink\u00e4ufe gew\u00e4hlt haben. Wir sind bestrebt, Ihnen einen reibungslosen Versand und R\u00fcckversand zu bieten, der die Qualit\u00e4t unserer Produkte widerspiegelt. Wenn Sie Fragen haben oder weitere Unterst\u00fctzung ben\u00f6tigen, z\u00f6gern Sie nicht, sich mit uns in Verbindung zu setzen. Ihre Zufriedenheit ist unsere Priorit\u00e4t.<\/p>\n<\/div> <\/section>\n","protected":false},"excerpt":{"rendered":"","protected":false},"author":1,"featured_media":0,"parent":0,"menu_order":0,"comment_status":"closed","ping_status":"closed","template":"","meta":{"inline_featured_image":false,"footnotes":""},"class_list":["post-5008","page","type-page","status-publish","hentry"],"meta_box":[],"_links":{"self":[{"href":"https:\/\/valicompany.com\/de\/wp-json\/wp\/v2\/pages\/5008","targetHints":{"allow":["GET"]}}],"collection":[{"href":"https:\/\/valicompany.com\/de\/wp-json\/wp\/v2\/pages"}],"about":[{"href":"https:\/\/valicompany.com\/de\/wp-json\/wp\/v2\/types\/page"}],"author":[{"embeddable":true,"href":"https:\/\/valicompany.com\/de\/wp-json\/wp\/v2\/users\/1"}],"replies":[{"embeddable":true,"href":"https:\/\/valicompany.com\/de\/wp-json\/wp\/v2\/comments?post=5008"}],"version-history":[{"count":4,"href":"https:\/\/valicompany.com\/de\/wp-json\/wp\/v2\/pages\/5008\/revisions"}],"predecessor-version":[{"id":5633,"href":"https:\/\/valicompany.com\/de\/wp-json\/wp\/v2\/pages\/5008\/revisions\/5633"}],"wp:attachment":[{"href":"https:\/\/valicompany.com\/de\/wp-json\/wp\/v2\/media?parent=5008"}],"curies":[{"name":"wp","href":"https:\/\/api.w.org\/{rel}","templated":true}]}}