{"id":5124,"date":"2023-04-20T09:21:44","date_gmt":"2023-04-20T07:21:44","guid":{"rendered":"https:\/\/valicompany.com\/vali-landing\/"},"modified":"2023-09-10T18:43:49","modified_gmt":"2023-09-10T16:43:49","slug":"vali-landing","status":"publish","type":"page","link":"https:\/\/valicompany.com\/de\/vali-landing\/","title":{"rendered":"Vali landing"},"content":{"rendered":"<section style=\"position: relative;\" class=\"wp-block-vali-theme-razor-highlights-landing\">\n    <div class=\"container\">\n        <div class=\"razor-tooltip-container\">\n            <h1 id=\"headline-54-2552\" class=\"ct-headline\">VERABSCHIEDEN SIE SICH VON HAUTREIZUNGEN UND RASIERPICKELN<\/h1>\n            <p>Entdecken Sie das einfache Prinzip unseres Rasierers, der Ihre Rasierroutine revolutioniert. Mit nur einer unglaublich scharfen Rasierklinge gleitet unser Rasierer nahtlos \u00fcber die Hautoberfl\u00e4che und schneidet gleichm\u00e4\u00dfig, ohne zu ziehen oder zu zerren. Freuen Sie sich auf ein Rasiererlebnis ohne juckende Rasierpickel und ohne Hautirritationen nach der Rasur. Freuen Sie sich auf ein neues Ma\u00df an Komfort und Vertrauen in Ihre Rasur.<\/p>\n            <div id=\"vali-razor-container\" class=\"scale-in-ver-bottom\">\n                <div id=\"first-tooltip\" class=\"tooltip\">\n                    <svg width=\"800px\" height=\"800px\" viewBox=\"0 0 24 24\" xmlns=\"http:\/\/www.w3.org\/2000\/svg\" class=\"tooltip_icon\"> \n                        <title\/> \n                        <g id=\"Complete\"> \n                            <g id=\"add-square\"> \n                                <g> \n                                    <rect data-name=\"--Rectangle\" fill=\"none\" height=\"20\" id=\"_--Rectangle\" rx=\"2\" ry=\"2\" stroke-linecap=\"round\" stroke-linejoin=\"round\" stroke-width=\"2\" width=\"20\" x=\"2\" y=\"2\"\/> \n                                    <line fill=\"none\" stroke-linecap=\"round\" stroke-linejoin=\"round\" stroke-width=\"2\" x1=\"15.5\" x2=\"8.5\" y1=\"12\" y2=\"12\"\/> \n                                    <line fill=\"none\" stroke-linecap=\"round\" stroke-linejoin=\"round\" stroke-width=\"2\" x1=\"12\" x2=\"12\" y1=\"15.5\" y2=\"8.5\"\/> \n                                <\/g>                                 \n                            <\/g>                             \n                        <\/g>                         \n                    <\/svg>\n                    <div class=\"info\">\n                        <h3 id=\"headline-11-2552\" class=\"ct-headline tooltip_h4\">Weniger Hautreizungen<\/h3>\n                        <div id=\"text_block-12-2552\" class=\"ct-text-block tooltip_text\">\n                            Mit einer einzigen Rasierklinge erfolgt die Rasur auf Hauth\u00f6he. Kein Zupfen, Ziehen oder Irritationen.                        <\/div>\n                        <div id=\"tooltip-arrow\" class=\"ct-div-block arrow\"><\/div>\n                    <\/div>\n                <\/div>\n                <div id=\"second-tooltip\" class=\"tooltip\">\n                    <svg width=\"800px\" height=\"800px\" viewBox=\"0 0 24 24\" xmlns=\"http:\/\/www.w3.org\/2000\/svg\" class=\"tooltip_icon\"> \n                        <title\/> \n                        <g id=\"Complete\"> \n                            <g id=\"add-square\"> \n                                <g> \n                                    <rect data-name=\"--Rectangle\" fill=\"none\" height=\"20\" id=\"_--Rectangle\" rx=\"2\" ry=\"2\" stroke-linecap=\"round\" stroke-linejoin=\"round\" stroke-width=\"2\" width=\"20\" x=\"2\" y=\"2\"\/> \n                                    <line fill=\"none\" stroke-linecap=\"round\" stroke-linejoin=\"round\" stroke-width=\"2\" x1=\"15.5\" x2=\"8.5\" y1=\"12\" y2=\"12\"\/> \n                                    <line fill=\"none\" stroke-linecap=\"round\" stroke-linejoin=\"round\" stroke-width=\"2\" x1=\"12\" x2=\"12\" y1=\"15.5\" y2=\"8.5\"\/> \n                                <\/g>                                 \n                            <\/g>                             \n                        <\/g>                         \n                    <\/svg>\n                    <div class=\"info\">\n                        <h3 id=\"headline-43-2552\" class=\"ct-headline tooltip_h4\">Umweltfreundlich<\/h3>\n                        <div id=\"text_block-44-2552\" class=\"ct-text-block tooltip_text\">\n                            80 Gramm Gesamtgewicht sorgen f\u00fcr reibungsfreie Z\u00fcge dank plastikfreier Materialien.                        <\/div>\n                        <div id=\"div_block-45-2552\" class=\"ct-div-block arrow\"><\/div>\n                    <\/div>\n                <\/div>\n                <div id=\"third-tooltip\" class=\"tooltip\">\n                    <svg width=\"800px\" height=\"800px\" viewBox=\"0 0 24 24\" xmlns=\"http:\/\/www.w3.org\/2000\/svg\" class=\"tooltip_icon\"> \n                        <title\/> \n                        <g id=\"Complete\"> \n                            <g id=\"add-square\"> \n                                <g> \n                                    <rect data-name=\"--Rectangle\" fill=\"none\" height=\"20\" id=\"_--Rectangle\" rx=\"2\" ry=\"2\" stroke-linecap=\"round\" stroke-linejoin=\"round\" stroke-width=\"2\" width=\"20\" x=\"2\" y=\"2\"\/> \n                                    <line fill=\"none\" stroke-linecap=\"round\" stroke-linejoin=\"round\" stroke-width=\"2\" x1=\"15.5\" x2=\"8.5\" y1=\"12\" y2=\"12\"\/> \n                                    <line fill=\"none\" stroke-linecap=\"round\" stroke-linejoin=\"round\" stroke-width=\"2\" x1=\"12\" x2=\"12\" y1=\"15.5\" y2=\"8.5\"\/> \n                                <\/g>                                 \n                            <\/g>                             \n                        <\/g>                         \n                    <\/svg>\n                    <div class=\"info\">\n                        <h3 id=\"headline-27-2552\" class=\"ct-headline tooltip_h4\">Zeitlos<\/h3>\n                        <div id=\"text_block-28-2552\" class=\"ct-text-block tooltip_text\">\n                            Gut ausbalanciert und so geformt, dass er gut in der Hand liegt und leicht zu man\u00f6vrieren ist.                        <\/div>\n                        <div id=\"div_block-29-2552\" class=\"ct-div-block arrow\"><\/div>\n                    <\/div>\n                <\/div>\n            <\/div><a href=\"https:\/\/valicompany.com\/safety-razor\/\" class=\"main-cta-link\">JETZT KAUFEN<\/a>\n        <\/div>\n        <div class=\"custom-shape-divider-bottom-1681641997\"> \n            <svg data-name=\"Layer 1\" xmlns=\"http:\/\/www.w3.org\/2000\/svg\" viewBox=\"0 0 1200 120\" preserveAspectRatio=\"none\"> \n                <path d=\"M741,116.23C291,117.43,0,27.57,0,6V120H1200V6C1200,27.93,1186.4,119.83,741,116.23Z\" class=\"shape-fill\"><\/path>                 \n            <\/svg>             \n        <\/div>\n    <\/div>\n<\/section>\n\n<section style=\"position: relative;\" class=\"wp-block-vali-theme-video-cut-landing\">\n    <div class=\"container\">\n        <div class=\"video-landing-container\">\n            <div class=\"gap-m video-landing-wrapper\">\n                <div>\n                    <div style=\"max-width: 34rem;\">\n                        <h1 class=\"margin-bottom-s\">MEHR KLINGEN = MEHR PROBLEME<\/h1>\n                        <p>Im Gegensatz zu Rasierern mit mehreren Klingen schneidet unser Rasierer gleichm\u00e4\u00dfig entlang des Hautniveaus, ohne zu ziehen oder zu zerren. Die Haare k\u00f6nnen richtig nachwachsen, ohne in der Haut stecken zu bleiben. So vermeiden Sie Hautreizungen und juckende Rasierer-Beulen.<\/p>\n                    <\/div>\n                <\/div>\n                <div>\n                    <video src=\"https:\/\/valicompany.com\/wp-content\/themes\/valitheme\/media\/images\/landing-page\/3d_animation_razor_cutting.mp4\" poster=\"https:\/\/valicompany.com\/wp-content\/themes\/valitheme\/media\/images\/landing-page\/poster_3d_razor_cutting.jpg\" preload=\"metadata\" controls autoplay=\"true\" loop=\"true\" muted=\"true\" class=\"html5video\">\n                        Your browser doesn&#8217;t support HTML5 video tag.                    <\/video>\n                <\/div>\n            <\/div>\n        <\/div>\n        <div class=\"custom-shape-divider-bottom-1681642616\"> \n            <svg data-name=\"Layer 1\" xmlns=\"http:\/\/www.w3.org\/2000\/svg\" viewBox=\"0 0 1200 120\" preserveAspectRatio=\"none\"> \n                <path d=\"M741,116.23C291,117.43,0,27.57,0,6V120H1200V6C1200,27.93,1186.4,119.83,741,116.23Z\" class=\"shape-fill\"><\/path>                 \n            <\/svg>             \n        <\/div>\n    <\/div>\n<\/section>\n\n<section style=\"background-color: var(--darker);\" class=\"wp-block-vali-theme-landing-gif-animation\">\n    <div class=\"container\">\n        <div class=\"gap-m gif-landing-wrapper\">\n            <div>\n                <img decoding=\"async\" src=\"https:\/\/valicompany.com\/wp-content\/themes\/valitheme\/media\/images\/landing-page\/mayk_rakning_animation.gif\" alt=\"short animation of man shaving effortlessly with safety razor\" width=\"400\" height=\"400\" loading=\"lazy\">\n            <\/div>\n            <div>\n                <div>\n                    <h1 class=\"margin-bottom-s\">EINE KLINGE IST ALLES, WAS SIE BRAUCHEN<\/h1>\n                    <p class=\"margin-bottom-s\">Verzweifeln Sie nicht, wenn Sie einen dichten Bartwuchs haben, denn der Vali Rasierhobel schneidet selbst die dicksten B\u00e4rte m\u00fchelos.<\/p>\n                    <a href=\"https:\/\/valicompany.com\/safety-razor\/\" class=\"main-cta-link\">JETZT KAUFEN<\/a>\n                <\/div>\n            <\/div>\n        <\/div>\n    <\/div>\n<\/section>\n\n<section class=\"wp-block-vali-theme-shave-set-landing\">\n    <div class=\"container\">\n        <div class=\"shave-set-landing-wrapper\">\n            <div>\n                <div>\n                    <h1>SCHONEND F\u00dcR DEN PLANETEN, DIE HAUT UND DEN GELDBEUTEL<\/h1>\n                    <p>Mit recycelbaren Rasierklingen und erschwinglichem Zubeh\u00f6r haben Sie alles, was Sie f\u00fcr die perfekte Rasur brauchen.<\/p><a href=\"https:\/\/valicompany.com\/shaving-set\/\" class=\"main-cta-link\">RASUR SET ANSEHEN<\/a>\n                <\/div>\n            <\/div>\n            <div>\n                <img decoding=\"async\" src=\"https:\/\/valicompany.com\/wp-content\/themes\/valitheme\/media\/images\/landing-page\/shave_set.jpg\"\/>\n            <\/div>\n        <\/div>\n    <\/div>\n<\/section>\n\n<section style=\"background-color: var(--darker);\" class=\"wp-block-vali-theme-testimonial-landing\">\n    <div class=\"container\">\n        <div class=\"shaving-irritation-wrapper\">\n            <div>\n                <img decoding=\"async\" src=\"https:\/\/valicompany.com\/wp-content\/themes\/valitheme\/media\/images\/landing-page\/illustration_shaving_skin-irritation.jpg\" loading=\"lazy\" alt=\"illustration of skin irritation caused by multi-blade razor\" width=\"760\" height=\"500\"\/>\n            <\/div>\n            <div>\n                <div>\n                    <h1>4 VON 5 BEFRAGTEN BERICHTEN \u00dcBER WENIGER REIZUNGEN UND RASIERPICKELN NACH DER RASUR<\/h1>\n                    <p>&#8220;Die Verwendung des Vali Rasierhobels war f\u00fcr mich ein echter Wendepunkt. Keine Hautreizungen mehr und keine teuren Rasierer mehr kaufen. Ich empfehle ihn jedem, der ein erstklassiges Rasiererlebnis sucht.&#8221;<\/p>\n                    <div>\n                        <svg xmlns=\"http:\/\/www.w3.org\/2000\/svg\" width=\"20\" height=\"20\" viewBox=\"0 0 512 512\" fill=\"currentColor\">\n                            <path d=\"M256 362.812l-139.517 85.216 37.932-159.022L30.257 182.652l162.96-13.064L256 18.64l62.782 150.947 162.96 13.064-124.158 106.355 37.932 159.022z\"\/>\n                        <\/svg>\n                        <svg xmlns=\"http:\/\/www.w3.org\/2000\/svg\" width=\"20\" height=\"20\" viewBox=\"0 0 512 512\" fill=\"currentColor\">\n                            <path d=\"M256 362.812l-139.517 85.216 37.932-159.022L30.257 182.652l162.96-13.064L256 18.64l62.782 150.947 162.96 13.064-124.158 106.355 37.932 159.022z\"\/>\n                        <\/svg>\n                        <svg xmlns=\"http:\/\/www.w3.org\/2000\/svg\" width=\"20\" height=\"20\" viewBox=\"0 0 512 512\" fill=\"currentColor\">\n                            <path d=\"M256 362.812l-139.517 85.216 37.932-159.022L30.257 182.652l162.96-13.064L256 18.64l62.782 150.947 162.96 13.064-124.158 106.355 37.932 159.022z\"\/>\n                        <\/svg>\n                        <svg xmlns=\"http:\/\/www.w3.org\/2000\/svg\" width=\"20\" height=\"20\" viewBox=\"0 0 512 512\" fill=\"currentColor\">\n                            <path d=\"M256 362.812l-139.517 85.216 37.932-159.022L30.257 182.652l162.96-13.064L256 18.64l62.782 150.947 162.96 13.064-124.158 106.355 37.932 159.022z\"\/>\n                        <\/svg>\n                        <svg xmlns=\"http:\/\/www.w3.org\/2000\/svg\" width=\"20\" height=\"20\" viewBox=\"0 0 512 512\" fill=\"currentColor\">\n                            <path d=\"M256 362.812l-139.517 85.216 37.932-159.022L30.257 182.652l162.96-13.064L256 18.64l62.782 150.947 162.96 13.064-124.158 106.355 37.932 159.022z\"\/>\n                        <\/svg>\n                    <\/div>\n                <\/div>\n            <\/div>\n        <\/div>\n    <\/div>\n<\/section>\n\n<section class=\"wp-block-vali-theme-greetings-landing\">\n    <div class=\"container\">\n        <div class=\"hello-founders-wrapper\">\n            <img decoding=\"async\" src=\"https:\/\/valicompany.com\/wp-content\/themes\/valitheme\/media\/images\/landing-page\/hello_founders_vali.gif\" alt=\"illustration greetings from founders waving hello\" width=\"600\" height=\"600\" loading=\"lazy\"\/>\n            <div>\n                <h1>SCHLIESSEN SIE SICH UNSERER RASUR-REVOLUTION AN<\/h1>\n                <p>Wir waren es leid, uns schlecht zu rasieren und Hautreizungen zu erleiden, vor allem als M\u00e4nner mit der ungl\u00fccklichen Kombination von grobem Bartwuchs und empfindlicher Haut, und gr\u00fcndeten Vali &#038; Co. mit der einfachen Pr\u00e4misse: Jeder verdient eine qualitativ hochwertige Rasur. Wir freuen uns, dass Sie hier sind und k\u00f6nnen es kaum erwarten, Ihre Meinung zu h\u00f6ren.<\/p><a href=\"https:\/\/valicompany.com\/products\/\" class=\"main-cta-link\">PRODUKTE ANSEHEN<\/a>\n            <\/div>\n        <\/div>\n    <\/div>\n<\/section>\n\n<section style=\"background-image: url(&#039;https:\/\/valicompany.com\/wp-content\/themes\/valitheme\/media\/images\/landing-page\/bg_forest_winter.jpg&#039;); background-size: cover;\" class=\"wp-block-vali-theme-eco-shaving-landing\">\n    <div class=\"container\">\n        <div class=\"eko-shave-landing-wrapper\">\n            <h1>ECO-SHAVING<\/h1>\n            <p>Umweltfreundliche Rasur, die einzige Art von Rasierklingen, die zu 100% recycelbar ist.<\/p><a href=\"https:\/\/valicompany.com\/safety-razor\/\" class=\"landing-cta-off\"><div>\n                    <div class=\"flex\"><span>LESEN SIE MEHR<\/span>\n                    <\/div>\n                <\/div><\/a>\n        <\/div>\n    <\/div>\n<\/section>","protected":false},"excerpt":{"rendered":"","protected":false},"author":1,"featured_media":0,"parent":0,"menu_order":0,"comment_status":"closed","ping_status":"closed","template":"","meta":{"inline_featured_image":false,"footnotes":""},"class_list":["post-5124","page","type-page","status-publish","hentry"],"meta_box":[],"_links":{"self":[{"href":"https:\/\/valicompany.com\/de\/wp-json\/wp\/v2\/pages\/5124","targetHints":{"allow":["GET"]}}],"collection":[{"href":"https:\/\/valicompany.com\/de\/wp-json\/wp\/v2\/pages"}],"about":[{"href":"https:\/\/valicompany.com\/de\/wp-json\/wp\/v2\/types\/page"}],"author":[{"embeddable":true,"href":"https:\/\/valicompany.com\/de\/wp-json\/wp\/v2\/users\/1"}],"replies":[{"embeddable":true,"href":"https:\/\/valicompany.com\/de\/wp-json\/wp\/v2\/comments?post=5124"}],"version-history":[{"count":3,"href":"https:\/\/valicompany.com\/de\/wp-json\/wp\/v2\/pages\/5124\/revisions"}],"predecessor-version":[{"id":5127,"href":"https:\/\/valicompany.com\/de\/wp-json\/wp\/v2\/pages\/5124\/revisions\/5127"}],"wp:attachment":[{"href":"https:\/\/valicompany.com\/de\/wp-json\/wp\/v2\/media?parent=5124"}],"curies":[{"name":"wp","href":"https:\/\/api.w.org\/{rel}","templated":true}]}}