{"id":4770,"date":"2023-01-07T09:24:40","date_gmt":"2023-01-07T08:24:40","guid":{"rendered":"https:\/\/valicompany.com\/products\/rasierklingen-fuer-rasierhobel\/"},"modified":"2025-12-04T17:28:21","modified_gmt":"2025-12-04T16:28:21","slug":"rasierklingen-rasierhobel","status":"publish","type":"product","link":"https:\/\/valicompany.com\/de\/produkte\/rasierklingen-rasierhobel\/","title":{"rendered":"Rasierklingen f\u00fcr Rasierhobel"},"content":{"rendered":"","protected":false},"excerpt":{"rendered":"<p><em>Aus schwedischem Stahl f\u00fcr optimale Sch\u00e4rfe.<\/em><\/p>\n<p>Entwickelt, um mit minimaler Reibung \u00fcber die Haut zu gleiten und auf Hauth\u00f6he zu schneiden, um Rasierpickel zu vermeiden.<\/p>\n<ul>\n<li>Perfektes Verh\u00e4ltnis zwischen Sch\u00e4rfe und Komfort.<\/li>\n<li>D\u00fcnne Kanten f\u00fcr eine sanfte Rasur ohne Ziehen und Zerren.<\/li>\n<li>Eine d\u00fcnne Schicht aus Platinchrom sorgt f\u00fcr zus\u00e4tzlichen Komfort und Haltbarkeit.<\/li>\n<li>Eine gute Wahl f\u00fcr alle, die eine erschwingliche Klinge suchen, die nicht zu aggressiv oder stumpf ist.<\/li>\n<li>Packung mit 10 Rasierklingen pro Packung.<\/li>\n<\/ul>\n<p>Passend f\u00fcr alle Vali Rasierhobel.<\/p>\n","protected":false},"featured_media":4301,"comment_status":"open","ping_status":"closed","template":"","meta":{"inline_featured_image":false},"product_brand":[],"product_cat":[172,174],"product_tag":[178],"class_list":{"0":"post-4770","1":"product","2":"type-product","3":"status-publish","4":"has-post-thumbnail","6":"product_cat-herren","7":"product_cat-dame","8":"product_tag-herren","10":"first","11":"instock","12":"taxable","13":"shipping-taxable","14":"purchasable","15":"product-type-simple"},"meta_box":{"parcel_dimensions":"16 x 10 x 3 cm","available_transport_companies":[{"width":136,"height":30,"file":"2023\/01\/dhl-logo.png","filesize":4387,"sizes":{"woocommerce_gallery_thumbnail":{"file":"dhl-logo-100x30.png","width":100,"height":30,"mime-type":"image\/png","filesize":2828,"url":"https:\/\/valicompany.com\/wp-content\/uploads\/2023\/01\/dhl-logo-100x30.png"}},"image_meta":{"aperture":"0","credit":"","camera":"","caption":"","created_timestamp":"0","copyright":"","focal_length":"0","iso":"0","shutter_speed":"0","title":"","orientation":"0","keywords":[]},"ID":"4069","name":"dhl-logo.png","path":"\/home\/user_2072\/wordpress\/wp-content\/uploads\/2023\/01\/dhl-logo.png","url":"https:\/\/valicompany.com\/wp-content\/uploads\/2023\/01\/dhl-logo.png","full_url":"https:\/\/valicompany.com\/wp-content\/uploads\/2023\/01\/dhl-logo.png","title":"","caption":"","description":"","alt":"dhl logo","srcset":false},{"width":200,"height":113,"file":"2023\/01\/UPS-logo_min.png","filesize":11343,"sizes":{"woocommerce_gallery_thumbnail":{"file":"UPS-logo_min-100x100.png","width":100,"height":100,"mime-type":"image\/png","filesize":8495,"url":"https:\/\/valicompany.com\/wp-content\/uploads\/2023\/01\/UPS-logo_min-100x100.png"},"cmplz_banner_image":{"file":"UPS-logo_min-200x100.png","width":200,"height":100,"mime-type":"image\/png","filesize":9040,"url":"https:\/\/valicompany.com\/wp-content\/uploads\/2023\/01\/UPS-logo_min-200x100.png"}},"image_meta":{"aperture":"0","credit":"","camera":"","caption":"","created_timestamp":"0","copyright":"","focal_length":"0","iso":"0","shutter_speed":"0","title":"","orientation":"0","keywords":[]},"ID":"5291","name":"UPS-logo_min.png","path":"\/home\/user_2072\/wordpress\/wp-content\/uploads\/2023\/01\/UPS-logo_min.png","url":"https:\/\/valicompany.com\/wp-content\/uploads\/2023\/01\/UPS-logo_min.png","full_url":"https:\/\/valicompany.com\/wp-content\/uploads\/2023\/01\/UPS-logo_min.png","title":"","caption":"","description":"","alt":"ups logo","srcset":false}],"countries":["Sweden","Germany"],"ingredients":"","usage":""},"_links":{"self":[{"href":"https:\/\/valicompany.com\/de\/wp-json\/wp\/v2\/product\/4770","targetHints":{"allow":["GET"]}}],"collection":[{"href":"https:\/\/valicompany.com\/de\/wp-json\/wp\/v2\/product"}],"about":[{"href":"https:\/\/valicompany.com\/de\/wp-json\/wp\/v2\/types\/product"}],"replies":[{"embeddable":true,"href":"https:\/\/valicompany.com\/de\/wp-json\/wp\/v2\/comments?post=4770"}],"wp:featuredmedia":[{"embeddable":true,"href":"https:\/\/valicompany.com\/de\/wp-json\/wp\/v2\/media\/4301"}],"wp:attachment":[{"href":"https:\/\/valicompany.com\/de\/wp-json\/wp\/v2\/media?parent=4770"}],"wp:term":[{"taxonomy":"product_brand","embeddable":true,"href":"https:\/\/valicompany.com\/de\/wp-json\/wp\/v2\/product_brand?post=4770"},{"taxonomy":"product_cat","embeddable":true,"href":"https:\/\/valicompany.com\/de\/wp-json\/wp\/v2\/product_cat?post=4770"},{"taxonomy":"product_tag","embeddable":true,"href":"https:\/\/valicompany.com\/de\/wp-json\/wp\/v2\/product_tag?post=4770"}],"curies":[{"name":"wp","href":"https:\/\/api.w.org\/{rel}","templated":true}]}}