{"id":4778,"date":"2023-01-07T09:24:40","date_gmt":"2023-01-07T08:24:40","guid":{"rendered":"https:\/\/valicompany.com\/products\/rasierpinsel\/"},"modified":"2024-07-13T05:41:20","modified_gmt":"2024-07-13T03:41:20","slug":"rasierpinsel","status":"publish","type":"product","link":"https:\/\/valicompany.com\/de\/produkte\/rasierpinsel\/","title":{"rendered":"Rasierpinsel"},"content":{"rendered":"","protected":false},"excerpt":{"rendered":"<p><em>Hebt die Haare an und peelt die Haut.<\/em><\/p>\n<p>Der Rasierpinsel ist ein wesentlicher Bestandteil der Rasierroutine. Er bereitet die Rasur vor, indem er die Haare anhebt und die Haut peelt. Au\u00dferdem lieben wir das meditative Gef\u00fchl, einen reichhaltigen und dicken, gut riechenden Schaum zu erzeugen.<\/p>\n<ul>\n<li>Sanft und schonend f\u00fcr die Haut.<\/li>\n<li>Sorgt f\u00fcr eine sanfte Rasur, peelt und entfernt Schmutz und Ablagerungen vor der Rasur und hebt die Barthaare an.<\/li>\n<li>Hilft, Rasierpickel und eingewachsene Haare nach der Rasur zu vermeiden.<\/li>\n<li>Vegan, hergestellt in Italien aus modernen synthetischen Fasern.<\/li>\n<li>Einfach in der Anwendung, muss nicht eingeweicht werden, nur unter flie\u00dfendes Wasser halten und \u00fcbersch\u00fcssiges Wasser absch\u00fctteln.<\/li>\n<li>Sch\u00e4umt den Rasiercreme schneller auf als Naturhaar-Rasierpinsel.<\/li>\n<li>Neutraler Geruch, kein unangenehmer Tiergeruch.<\/li>\n<\/ul>\n","protected":false},"featured_media":4292,"comment_status":"open","ping_status":"closed","template":"","meta":{"inline_featured_image":false},"product_brand":[],"product_cat":[172],"product_tag":[178],"class_list":{"0":"post-4778","1":"product","2":"type-product","3":"status-publish","4":"has-post-thumbnail","6":"product_cat-herren","7":"product_tag-herren","9":"first","10":"outofstock","11":"taxable","12":"shipping-taxable","13":"purchasable","14":"product-type-simple"},"meta_box":{"parcel_dimensions":"19 x 18 x 5 cm","available_transport_companies":[{"width":136,"height":30,"file":"2023\/01\/dhl-logo.png","filesize":4387,"sizes":{"woocommerce_gallery_thumbnail":{"file":"dhl-logo-100x30.png","width":100,"height":30,"mime-type":"image\/png","filesize":2828,"url":"https:\/\/valicompany.com\/wp-content\/uploads\/2023\/01\/dhl-logo-100x30.png"}},"image_meta":{"aperture":"0","credit":"","camera":"","caption":"","created_timestamp":"0","copyright":"","focal_length":"0","iso":"0","shutter_speed":"0","title":"","orientation":"0","keywords":[]},"ID":"4069","name":"dhl-logo.png","path":"\/home\/user_2072\/wordpress\/wp-content\/uploads\/2023\/01\/dhl-logo.png","url":"https:\/\/valicompany.com\/wp-content\/uploads\/2023\/01\/dhl-logo.png","full_url":"https:\/\/valicompany.com\/wp-content\/uploads\/2023\/01\/dhl-logo.png","title":"","caption":"","description":"","alt":"dhl logo","srcset":false},{"width":200,"height":113,"file":"2023\/01\/UPS-logo_min.png","filesize":11343,"sizes":{"woocommerce_gallery_thumbnail":{"file":"UPS-logo_min-100x100.png","width":100,"height":100,"mime-type":"image\/png","filesize":8495,"url":"https:\/\/valicompany.com\/wp-content\/uploads\/2023\/01\/UPS-logo_min-100x100.png"},"cmplz_banner_image":{"file":"UPS-logo_min-200x100.png","width":200,"height":100,"mime-type":"image\/png","filesize":9040,"url":"https:\/\/valicompany.com\/wp-content\/uploads\/2023\/01\/UPS-logo_min-200x100.png"}},"image_meta":{"aperture":"0","credit":"","camera":"","caption":"","created_timestamp":"0","copyright":"","focal_length":"0","iso":"0","shutter_speed":"0","title":"","orientation":"0","keywords":[]},"ID":"5291","name":"UPS-logo_min.png","path":"\/home\/user_2072\/wordpress\/wp-content\/uploads\/2023\/01\/UPS-logo_min.png","url":"https:\/\/valicompany.com\/wp-content\/uploads\/2023\/01\/UPS-logo_min.png","full_url":"https:\/\/valicompany.com\/wp-content\/uploads\/2023\/01\/UPS-logo_min.png","title":"","caption":"","description":"","alt":"ups logo","srcset":false}],"countries":["Sweden","Germany"],"ingredients":"","usage":"<p>Sp\u00fclen Sie den Rasierpinsel mit warmem Wasser ab und sch\u00fctteln Sie dann das \u00fcbersch\u00fcssige Wasser vom Pinsel ab. Der feuchte Pinsel hilft Ihnen, einen sch\u00f6nen und dicken Schaum zu erzeugen.<\/p>\n"},"_links":{"self":[{"href":"https:\/\/valicompany.com\/de\/wp-json\/wp\/v2\/product\/4778","targetHints":{"allow":["GET"]}}],"collection":[{"href":"https:\/\/valicompany.com\/de\/wp-json\/wp\/v2\/product"}],"about":[{"href":"https:\/\/valicompany.com\/de\/wp-json\/wp\/v2\/types\/product"}],"replies":[{"embeddable":true,"href":"https:\/\/valicompany.com\/de\/wp-json\/wp\/v2\/comments?post=4778"}],"wp:featuredmedia":[{"embeddable":true,"href":"https:\/\/valicompany.com\/de\/wp-json\/wp\/v2\/media\/4292"}],"wp:attachment":[{"href":"https:\/\/valicompany.com\/de\/wp-json\/wp\/v2\/media?parent=4778"}],"wp:term":[{"taxonomy":"product_brand","embeddable":true,"href":"https:\/\/valicompany.com\/de\/wp-json\/wp\/v2\/product_brand?post=4778"},{"taxonomy":"product_cat","embeddable":true,"href":"https:\/\/valicompany.com\/de\/wp-json\/wp\/v2\/product_cat?post=4778"},{"taxonomy":"product_tag","embeddable":true,"href":"https:\/\/valicompany.com\/de\/wp-json\/wp\/v2\/product_tag?post=4778"}],"curies":[{"name":"wp","href":"https:\/\/api.w.org\/{rel}","templated":true}]}}