{"id":4783,"date":"2023-01-07T09:24:39","date_gmt":"2023-01-07T08:24:39","guid":{"rendered":"https:\/\/valicompany.com\/products\/after-shave-balsam\/"},"modified":"2024-08-28T18:06:50","modified_gmt":"2024-08-28T16:06:50","slug":"aftershave-balsam","status":"publish","type":"product","link":"https:\/\/valicompany.com\/de\/produkte\/aftershave-balsam\/","title":{"rendered":"After Shave Balsam"},"content":{"rendered":"","protected":false},"excerpt":{"rendered":"<p><em>K\u00fchlt ohne brennen.<\/em><\/p>\n<p>Anstelle von scharfen Chemikalien und Alkohol enth\u00e4lt unser After Shave eine sanfte Mischung aus Hamamelis, Allantoin, Kamillenextrakt und einem Hauch von erfrischendem Menthol &#8211; sorgf\u00e4ltig abgestimmt, um selbst die empfindlichste Haut zufrieden zu stellen.<\/p>\n<ul>\n<li>Zieht leicht in die Haut ein, nicht fettend.<\/li>\n<li>Alkoholfrei, hilft, R\u00f6tungen zu reduzieren und die Haut nach der Rasur zu beruhigen.<\/li>\n<li>Spendet Feuchtigkeit und k\u00fchlt durch einen Hauch von Menthol.<\/li>\n<li>Mild parf\u00fcmiert mit vollkommen nat\u00fcrlichem Lavendel\u00f6l.<\/li>\n<li>Grausamkeitsfrei, nicht an Tieren getestet.<\/li>\n<li>75ml<\/li>\n<\/ul>\n","protected":false},"featured_media":4324,"comment_status":"open","ping_status":"closed","template":"","meta":{"inline_featured_image":false},"product_brand":[],"product_cat":[172,174],"product_tag":[178],"class_list":{"0":"post-4783","1":"product","2":"type-product","3":"status-publish","4":"has-post-thumbnail","6":"product_cat-herren","7":"product_cat-dame","8":"product_tag-herren","10":"first","11":"outofstock","12":"taxable","13":"shipping-taxable","14":"purchasable","15":"product-type-simple"},"meta_box":{"parcel_dimensions":"19 x 18 x 5 cm","available_transport_companies":[{"width":136,"height":30,"file":"2023\/01\/dhl-logo.png","filesize":4387,"sizes":{"woocommerce_gallery_thumbnail":{"file":"dhl-logo-100x30.png","width":100,"height":30,"mime-type":"image\/png","filesize":2828,"url":"https:\/\/valicompany.com\/wp-content\/uploads\/2023\/01\/dhl-logo-100x30.png"}},"image_meta":{"aperture":"0","credit":"","camera":"","caption":"","created_timestamp":"0","copyright":"","focal_length":"0","iso":"0","shutter_speed":"0","title":"","orientation":"0","keywords":[]},"ID":"4069","name":"dhl-logo.png","path":"\/home\/user_2072\/wordpress\/wp-content\/uploads\/2023\/01\/dhl-logo.png","url":"https:\/\/valicompany.com\/wp-content\/uploads\/2023\/01\/dhl-logo.png","full_url":"https:\/\/valicompany.com\/wp-content\/uploads\/2023\/01\/dhl-logo.png","title":"","caption":"","description":"","alt":"dhl logo","srcset":false},{"width":200,"height":113,"file":"2023\/01\/UPS-logo_min.png","filesize":11343,"sizes":{"woocommerce_gallery_thumbnail":{"file":"UPS-logo_min-100x100.png","width":100,"height":100,"mime-type":"image\/png","filesize":8495,"url":"https:\/\/valicompany.com\/wp-content\/uploads\/2023\/01\/UPS-logo_min-100x100.png"},"cmplz_banner_image":{"file":"UPS-logo_min-200x100.png","width":200,"height":100,"mime-type":"image\/png","filesize":9040,"url":"https:\/\/valicompany.com\/wp-content\/uploads\/2023\/01\/UPS-logo_min-200x100.png"}},"image_meta":{"aperture":"0","credit":"","camera":"","caption":"","created_timestamp":"0","copyright":"","focal_length":"0","iso":"0","shutter_speed":"0","title":"","orientation":"0","keywords":[]},"ID":"5291","name":"UPS-logo_min.png","path":"\/home\/user_2072\/wordpress\/wp-content\/uploads\/2023\/01\/UPS-logo_min.png","url":"https:\/\/valicompany.com\/wp-content\/uploads\/2023\/01\/UPS-logo_min.png","full_url":"https:\/\/valicompany.com\/wp-content\/uploads\/2023\/01\/UPS-logo_min.png","title":"","caption":"","description":"","alt":"ups logo","srcset":false}],"countries":["Sweden","Germany"],"ingredients":"Water (Aqua), Glycerin, Ethylhexyl Palmitate, Cetearyl Alcohol, Glyceryl Stearate, Polyquaternium-22 (and) C13-16 Isoparaffin (and) Laureth-25, Peg-100 Stearate, Dimethicone, Butyrospermum Parkii (Shea Butter), Theobroma Cacao (Cocoa Seed Butter), Phenoxyethanol, Fragrance (Parfum), Allantoin, Aloe Barbadensis Leaf Extract, Carbomer, Triethanolamine, Chlorphenesin, Menthol.","usage":"<p>Sp\u00fclen Sie die Haut nach der Rasur mit kaltem Wasser ab, um die Poren wieder zu schlie\u00dfen. Anschlie\u00dfend eine erdnussgro\u00dfe Menge des After Shave Balsams auf die Haut auftragen.<\/p>\n<p>Lesen Sie immer die Liste der Inhaltsstoffe und testen Sie vor der Rasur eine kleine Menge, um das Auftreten von allergischen Reaktionen auszuschlie\u00dfen.<\/p>\n"},"_links":{"self":[{"href":"https:\/\/valicompany.com\/de\/wp-json\/wp\/v2\/product\/4783","targetHints":{"allow":["GET"]}}],"collection":[{"href":"https:\/\/valicompany.com\/de\/wp-json\/wp\/v2\/product"}],"about":[{"href":"https:\/\/valicompany.com\/de\/wp-json\/wp\/v2\/types\/product"}],"replies":[{"embeddable":true,"href":"https:\/\/valicompany.com\/de\/wp-json\/wp\/v2\/comments?post=4783"}],"wp:featuredmedia":[{"embeddable":true,"href":"https:\/\/valicompany.com\/de\/wp-json\/wp\/v2\/media\/4324"}],"wp:attachment":[{"href":"https:\/\/valicompany.com\/de\/wp-json\/wp\/v2\/media?parent=4783"}],"wp:term":[{"taxonomy":"product_brand","embeddable":true,"href":"https:\/\/valicompany.com\/de\/wp-json\/wp\/v2\/product_brand?post=4783"},{"taxonomy":"product_cat","embeddable":true,"href":"https:\/\/valicompany.com\/de\/wp-json\/wp\/v2\/product_cat?post=4783"},{"taxonomy":"product_tag","embeddable":true,"href":"https:\/\/valicompany.com\/de\/wp-json\/wp\/v2\/product_tag?post=4783"}],"curies":[{"name":"wp","href":"https:\/\/api.w.org\/{rel}","templated":true}]}}