{"id":4784,"date":"2023-01-07T09:24:39","date_gmt":"2023-01-07T08:24:39","guid":{"rendered":"https:\/\/valicompany.com\/products\/rasiercreme\/"},"modified":"2024-12-02T08:07:51","modified_gmt":"2024-12-02T07:07:51","slug":"rasiercreme","status":"publish","type":"product","link":"https:\/\/valicompany.com\/de\/produkte\/rasiercreme\/","title":{"rendered":"Rasiercreme"},"content":{"rendered":"","protected":false},"excerpt":{"rendered":"<p><em>Nichts ist besser als ein guter Schaum.<\/em><\/p>\n<p>Erzeugt eine feuchtigkeitsspendende, sch\u00fctzende Schicht auf der Haut, die dem Rasierer ein seidenweiches Gleiten erm\u00f6glicht und Kerben, Schnitte und Rasierpickel verhindert.<\/p>\n<ul>\n<li>Erzeugt einen reichhaltigen und schaumigen Schaum, der den Bart anhebt, Feuchtigkeit spendet und die Haut repariert.<\/li>\n<li>Sorgt f\u00fcr ein gutes Gleiten zwischen Rasierklingen und Haut f\u00fcr einfache und sichere Z\u00fcge.<\/li>\n<li>Nur mit nat\u00fcrlichem Lavendel\u00f6l parf\u00fcmiert.<\/li>\n<li>100ml<\/li>\n<\/ul>\n<p>F\u00fcr eine optimale Wirkung mit einem Rasierpinsel verwenden.<\/p>\n","protected":false},"featured_media":4321,"comment_status":"open","ping_status":"closed","template":"","meta":{"inline_featured_image":false},"product_brand":[],"product_cat":[172],"product_tag":[178],"class_list":{"0":"post-4784","1":"product","2":"type-product","3":"status-publish","4":"has-post-thumbnail","6":"product_cat-herren","7":"product_tag-herren","9":"first","10":"outofstock","11":"taxable","12":"shipping-taxable","13":"purchasable","14":"product-type-simple"},"meta_box":{"parcel_dimensions":"19 x 18 x 5 cm","available_transport_companies":[{"width":136,"height":30,"file":"2023\/01\/dhl-logo.png","filesize":4387,"sizes":{"woocommerce_gallery_thumbnail":{"file":"dhl-logo-100x30.png","width":100,"height":30,"mime-type":"image\/png","filesize":2828,"url":"https:\/\/valicompany.com\/wp-content\/uploads\/2023\/01\/dhl-logo-100x30.png"}},"image_meta":{"aperture":"0","credit":"","camera":"","caption":"","created_timestamp":"0","copyright":"","focal_length":"0","iso":"0","shutter_speed":"0","title":"","orientation":"0","keywords":[]},"ID":"4069","name":"dhl-logo.png","path":"\/home\/user_2072\/wordpress\/wp-content\/uploads\/2023\/01\/dhl-logo.png","url":"https:\/\/valicompany.com\/wp-content\/uploads\/2023\/01\/dhl-logo.png","full_url":"https:\/\/valicompany.com\/wp-content\/uploads\/2023\/01\/dhl-logo.png","title":"","caption":"","description":"","alt":"dhl logo","srcset":false},{"width":200,"height":113,"file":"2023\/01\/UPS-logo_min.png","filesize":11343,"sizes":{"woocommerce_gallery_thumbnail":{"file":"UPS-logo_min-100x100.png","width":100,"height":100,"mime-type":"image\/png","filesize":8495,"url":"https:\/\/valicompany.com\/wp-content\/uploads\/2023\/01\/UPS-logo_min-100x100.png"},"cmplz_banner_image":{"file":"UPS-logo_min-200x100.png","width":200,"height":100,"mime-type":"image\/png","filesize":9040,"url":"https:\/\/valicompany.com\/wp-content\/uploads\/2023\/01\/UPS-logo_min-200x100.png"}},"image_meta":{"aperture":"0","credit":"","camera":"","caption":"","created_timestamp":"0","copyright":"","focal_length":"0","iso":"0","shutter_speed":"0","title":"","orientation":"0","keywords":[]},"ID":"5291","name":"UPS-logo_min.png","path":"\/home\/user_2072\/wordpress\/wp-content\/uploads\/2023\/01\/UPS-logo_min.png","url":"https:\/\/valicompany.com\/wp-content\/uploads\/2023\/01\/UPS-logo_min.png","full_url":"https:\/\/valicompany.com\/wp-content\/uploads\/2023\/01\/UPS-logo_min.png","title":"","caption":"","description":"","alt":"ups logo","srcset":false}],"countries":["Sweden","Germany"],"ingredients":"Water (Aqua), Stearic Acid, Glycerin, Sodium Lauroyl Sarcosinate, Myristic Acid, Potassium Hydroxide, Lauric Acid, Palmitic acid, Beheyl behenate,Glyceryl myristate, PEG-2 Distearate, Cocamide Mea, Fragrance (Parfum), Phenoxyethanol, Hydroxyethylcellulose, Chlorphenesin, Disodium EDTA, Aloe Barbadensis Leaf Extract.","usage":"<p>Verteilen Sie etwas Rasiercreme auf dem Gesicht oder tragen Sie sie auf einen feuchten Rasierpinsel auf. Beginnen Sie damit, einen Schaum zu erzeugen, indem Sie den Pinsel mit kreisenden Bewegungen auf die Haut auftragen. Geben Sie ein paar zus\u00e4tzliche Tropfen Wasser auf den Pinsel, wenn der Schaum zu steif ist. Beginnen Sie mit der Rasur, wenn Sie das Gef\u00fchl haben, dass der Schaum luftig und sanft genug ist.<\/p>\n<p>Lesen Sie immer die Liste der Inhaltsstoffe und testen Sie vor der Rasur eine kleine Menge, um das Auftreten von allergischen Reaktionen auszuschlie\u00dfen.<\/p>\n"},"_links":{"self":[{"href":"https:\/\/valicompany.com\/de\/wp-json\/wp\/v2\/product\/4784","targetHints":{"allow":["GET"]}}],"collection":[{"href":"https:\/\/valicompany.com\/de\/wp-json\/wp\/v2\/product"}],"about":[{"href":"https:\/\/valicompany.com\/de\/wp-json\/wp\/v2\/types\/product"}],"replies":[{"embeddable":true,"href":"https:\/\/valicompany.com\/de\/wp-json\/wp\/v2\/comments?post=4784"}],"wp:featuredmedia":[{"embeddable":true,"href":"https:\/\/valicompany.com\/de\/wp-json\/wp\/v2\/media\/4321"}],"wp:attachment":[{"href":"https:\/\/valicompany.com\/de\/wp-json\/wp\/v2\/media?parent=4784"}],"wp:term":[{"taxonomy":"product_brand","embeddable":true,"href":"https:\/\/valicompany.com\/de\/wp-json\/wp\/v2\/product_brand?post=4784"},{"taxonomy":"product_cat","embeddable":true,"href":"https:\/\/valicompany.com\/de\/wp-json\/wp\/v2\/product_cat?post=4784"},{"taxonomy":"product_tag","embeddable":true,"href":"https:\/\/valicompany.com\/de\/wp-json\/wp\/v2\/product_tag?post=4784"}],"curies":[{"name":"wp","href":"https:\/\/api.w.org\/{rel}","templated":true}]}}