{"id":4785,"date":"2023-01-07T09:24:39","date_gmt":"2023-01-07T08:24:39","guid":{"rendered":"https:\/\/valicompany.com\/products\/rasierstaender\/"},"modified":"2025-02-03T15:14:47","modified_gmt":"2025-02-03T14:14:47","slug":"rasierstander","status":"publish","type":"product","link":"https:\/\/valicompany.com\/de\/produkte\/rasierstander\/","title":{"rendered":"Rasierst\u00e4nder"},"content":{"rendered":"","protected":false},"excerpt":{"rendered":"<p><em>Hilft beim Trocknen des Rasierers nach dem Gebrauch.<\/em><\/p>\n<p>Der Vali Rasierst\u00e4nder passt zu unserem Rasierhobel und Rasierpinsel.<\/p>\n<p>Wiegt etwa 230 Gramm und ist aus rostfreiem Stahl und schwarzem Ebenholz Nachahmung gemacht. Ein Rasierst\u00e4nder sieht nicht nur sehr gut aus, sondern verl\u00e4ngert auch die Lebensdauer des Rasierpinsels, da der Rasierpinsel kopf\u00fcber h\u00e4ngen und trocknen kann.<\/p>\n<p>HINWEIS! Das Bild oben zeigt einen Rasierer und einen Rasierpinsel nur zur Veranschaulichung. Nicht im Lieferumfang dieses Produkts enthalten.<\/p>\n","protected":false},"featured_media":4314,"comment_status":"open","ping_status":"closed","template":"","meta":{"inline_featured_image":false},"product_brand":[],"product_cat":[172],"product_tag":[178],"class_list":{"0":"post-4785","1":"product","2":"type-product","3":"status-publish","4":"has-post-thumbnail","6":"product_cat-herren","7":"product_tag-herren","9":"first","10":"outofstock","11":"taxable","12":"shipping-taxable","13":"purchasable","14":"product-type-simple"},"meta_box":{"parcel_dimensions":"19 x 18 x 5 cm","available_transport_companies":[{"width":136,"height":30,"file":"2023\/01\/dhl-logo.png","filesize":4387,"sizes":{"woocommerce_gallery_thumbnail":{"file":"dhl-logo-100x30.png","width":100,"height":30,"mime-type":"image\/png","filesize":2828,"url":"https:\/\/valicompany.com\/wp-content\/uploads\/2023\/01\/dhl-logo-100x30.png"}},"image_meta":{"aperture":"0","credit":"","camera":"","caption":"","created_timestamp":"0","copyright":"","focal_length":"0","iso":"0","shutter_speed":"0","title":"","orientation":"0","keywords":[]},"ID":"4069","name":"dhl-logo.png","path":"\/home\/user_2072\/wordpress\/wp-content\/uploads\/2023\/01\/dhl-logo.png","url":"https:\/\/valicompany.com\/wp-content\/uploads\/2023\/01\/dhl-logo.png","full_url":"https:\/\/valicompany.com\/wp-content\/uploads\/2023\/01\/dhl-logo.png","title":"","caption":"","description":"","alt":"dhl logo","srcset":false},{"width":200,"height":113,"file":"2023\/01\/UPS-logo_min.png","filesize":11343,"sizes":{"woocommerce_gallery_thumbnail":{"file":"UPS-logo_min-100x100.png","width":100,"height":100,"mime-type":"image\/png","filesize":8495,"url":"https:\/\/valicompany.com\/wp-content\/uploads\/2023\/01\/UPS-logo_min-100x100.png"},"cmplz_banner_image":{"file":"UPS-logo_min-200x100.png","width":200,"height":100,"mime-type":"image\/png","filesize":9040,"url":"https:\/\/valicompany.com\/wp-content\/uploads\/2023\/01\/UPS-logo_min-200x100.png"}},"image_meta":{"aperture":"0","credit":"","camera":"","caption":"","created_timestamp":"0","copyright":"","focal_length":"0","iso":"0","shutter_speed":"0","title":"","orientation":"0","keywords":[]},"ID":"5291","name":"UPS-logo_min.png","path":"\/home\/user_2072\/wordpress\/wp-content\/uploads\/2023\/01\/UPS-logo_min.png","url":"https:\/\/valicompany.com\/wp-content\/uploads\/2023\/01\/UPS-logo_min.png","full_url":"https:\/\/valicompany.com\/wp-content\/uploads\/2023\/01\/UPS-logo_min.png","title":"","caption":"","description":"","alt":"ups logo","srcset":false}],"countries":["Sweden","Germany"],"ingredients":"","usage":""},"_links":{"self":[{"href":"https:\/\/valicompany.com\/de\/wp-json\/wp\/v2\/product\/4785","targetHints":{"allow":["GET"]}}],"collection":[{"href":"https:\/\/valicompany.com\/de\/wp-json\/wp\/v2\/product"}],"about":[{"href":"https:\/\/valicompany.com\/de\/wp-json\/wp\/v2\/types\/product"}],"replies":[{"embeddable":true,"href":"https:\/\/valicompany.com\/de\/wp-json\/wp\/v2\/comments?post=4785"}],"wp:featuredmedia":[{"embeddable":true,"href":"https:\/\/valicompany.com\/de\/wp-json\/wp\/v2\/media\/4314"}],"wp:attachment":[{"href":"https:\/\/valicompany.com\/de\/wp-json\/wp\/v2\/media?parent=4785"}],"wp:term":[{"taxonomy":"product_brand","embeddable":true,"href":"https:\/\/valicompany.com\/de\/wp-json\/wp\/v2\/product_brand?post=4785"},{"taxonomy":"product_cat","embeddable":true,"href":"https:\/\/valicompany.com\/de\/wp-json\/wp\/v2\/product_cat?post=4785"},{"taxonomy":"product_tag","embeddable":true,"href":"https:\/\/valicompany.com\/de\/wp-json\/wp\/v2\/product_tag?post=4785"}],"curies":[{"name":"wp","href":"https:\/\/api.w.org\/{rel}","templated":true}]}}