{"id":4798,"date":"2023-01-07T09:24:39","date_gmt":"2023-01-07T08:24:39","guid":{"rendered":"https:\/\/valicompany.com\/products\/freya-rasierhobel\/"},"modified":"2023-11-28T00:00:15","modified_gmt":"2023-11-27T23:00:15","slug":"freya-rasierhobel","status":"publish","type":"product","link":"https:\/\/valicompany.com\/de\/produkte\/freya-rasierhobel\/","title":{"rendered":"Freya Rasierhobel"},"content":{"rendered":"","protected":false},"excerpt":{"rendered":"<p><em>Lernen Sie den &#8220;freundlichen&#8221; Rasierer kennen, freundlich zu Ihrer Haut, Ihrem Planeten und Ihrem Geldbeutel.<\/em><\/p>\n<p>Mit nur einer einzigen Rasierklinge sorgt unser Rasierhobel f\u00fcr eine gr\u00fcndliche Rasur ohne Ziehen und Zerren, selbst f\u00fcr Menschen mit dickerem Haar. Entwickelt und konstruiert, um genau das richtige Ma\u00df an Druck auszu\u00fcben &#8211; f\u00fcr eine Zukunft ohne gereizte Haut und Rasierpickel. Schonend, sowohl f\u00fcr Sie als auch f\u00fcr unseren Planeten.<\/p>\n<ul>\n<li>Weniger Rasierklingen = Weniger Hautirritationen<\/li>\n<li>Zero-Waste, Rasierer aus Metall und Rasierklingen, die nur aus Stahl bestehen. Kann zu 100% recycelt werden.<\/li>\n<li>Die Rasierklingen sind bis zu 90% g\u00fcnstiger als herk\u00f6mmliche Rasierklingen f\u00fcr Rasierer mit mehreren Klingen und schonen den Geldbeutel..<\/li>\n<li>Angenehmes Gewicht und optimale Balance f\u00fcr eine einfache Anwendung, ohne unn\u00f6tigen Druck auf die Haut auszu\u00fcben.<\/li>\n<\/ul>\n<p>1 Rasierklinge enthalten.<\/p>\n","protected":false},"featured_media":4027,"comment_status":"open","ping_status":"closed","template":"","meta":{"inline_featured_image":false},"product_brand":[],"product_cat":[174],"product_tag":[180],"class_list":{"0":"post-4798","1":"product","2":"type-product","3":"status-publish","4":"has-post-thumbnail","6":"product_cat-dame","7":"product_tag-damen","9":"first","10":"outofstock","11":"taxable","12":"shipping-taxable","13":"purchasable","14":"product-type-simple"},"meta_box":{"parcel_dimensions":"19 x 18 x 5 cm","available_transport_companies":[{"width":136,"height":30,"file":"2023\/01\/dhl-logo.png","filesize":4387,"sizes":{"woocommerce_gallery_thumbnail":{"file":"dhl-logo-100x30.png","width":100,"height":30,"mime-type":"image\/png","filesize":2828,"url":"https:\/\/valicompany.com\/wp-content\/uploads\/2023\/01\/dhl-logo-100x30.png"}},"image_meta":{"aperture":"0","credit":"","camera":"","caption":"","created_timestamp":"0","copyright":"","focal_length":"0","iso":"0","shutter_speed":"0","title":"","orientation":"0","keywords":[]},"ID":"4069","name":"dhl-logo.png","path":"\/home\/user_2072\/wordpress\/wp-content\/uploads\/2023\/01\/dhl-logo.png","url":"https:\/\/valicompany.com\/wp-content\/uploads\/2023\/01\/dhl-logo.png","full_url":"https:\/\/valicompany.com\/wp-content\/uploads\/2023\/01\/dhl-logo.png","title":"","caption":"","description":"","alt":"dhl logo","srcset":false},{"width":200,"height":113,"file":"2023\/01\/UPS-logo_min.png","filesize":11343,"sizes":{"woocommerce_gallery_thumbnail":{"file":"UPS-logo_min-100x100.png","width":100,"height":100,"mime-type":"image\/png","filesize":8495,"url":"https:\/\/valicompany.com\/wp-content\/uploads\/2023\/01\/UPS-logo_min-100x100.png"},"cmplz_banner_image":{"file":"UPS-logo_min-200x100.png","width":200,"height":100,"mime-type":"image\/png","filesize":9040,"url":"https:\/\/valicompany.com\/wp-content\/uploads\/2023\/01\/UPS-logo_min-200x100.png"}},"image_meta":{"aperture":"0","credit":"","camera":"","caption":"","created_timestamp":"0","copyright":"","focal_length":"0","iso":"0","shutter_speed":"0","title":"","orientation":"0","keywords":[]},"ID":"5291","name":"UPS-logo_min.png","path":"\/home\/user_2072\/wordpress\/wp-content\/uploads\/2023\/01\/UPS-logo_min.png","url":"https:\/\/valicompany.com\/wp-content\/uploads\/2023\/01\/UPS-logo_min.png","full_url":"https:\/\/valicompany.com\/wp-content\/uploads\/2023\/01\/UPS-logo_min.png","title":"","caption":"","description":"","alt":"ups logo","srcset":false}],"countries":["Sweden","Germany"],"ingredients":"","usage":""},"_links":{"self":[{"href":"https:\/\/valicompany.com\/de\/wp-json\/wp\/v2\/product\/4798","targetHints":{"allow":["GET"]}}],"collection":[{"href":"https:\/\/valicompany.com\/de\/wp-json\/wp\/v2\/product"}],"about":[{"href":"https:\/\/valicompany.com\/de\/wp-json\/wp\/v2\/types\/product"}],"replies":[{"embeddable":true,"href":"https:\/\/valicompany.com\/de\/wp-json\/wp\/v2\/comments?post=4798"}],"wp:featuredmedia":[{"embeddable":true,"href":"https:\/\/valicompany.com\/de\/wp-json\/wp\/v2\/media\/4027"}],"wp:attachment":[{"href":"https:\/\/valicompany.com\/de\/wp-json\/wp\/v2\/media?parent=4798"}],"wp:term":[{"taxonomy":"product_brand","embeddable":true,"href":"https:\/\/valicompany.com\/de\/wp-json\/wp\/v2\/product_brand?post=4798"},{"taxonomy":"product_cat","embeddable":true,"href":"https:\/\/valicompany.com\/de\/wp-json\/wp\/v2\/product_cat?post=4798"},{"taxonomy":"product_tag","embeddable":true,"href":"https:\/\/valicompany.com\/de\/wp-json\/wp\/v2\/product_tag?post=4798"}],"curies":[{"name":"wp","href":"https:\/\/api.w.org\/{rel}","templated":true}]}}