{"id":4094,"date":"2022-10-05T09:56:25","date_gmt":"2022-10-05T07:56:25","guid":{"rendered":"http:\/\/vali-co-2.local\/rakguide\/"},"modified":"2023-04-25T09:07:09","modified_gmt":"2023-04-25T07:07:09","slug":"rakguide","status":"publish","type":"page","link":"https:\/\/valicompany.com\/sv\/rakguide\/","title":{"rendered":"Rakguide"},"content":{"rendered":"\n<section class=\"wp-block-vali-theme-guide-section padding-section-0\"> <div class=\"container container--full-width padding-container-0\"> <div class=\"column-wrapper--full flex\"> <div class=\"col-guide\"> <div><\/div> <img loading=\"lazy\" decoding=\"async\" src=\"https:\/\/valicompany.com\/wp-content\/uploads\/2022\/12\/men_shaving_safety-razor.jpg\" alt=\"man rakar ansiktet med vali s\u00e4kerhetshyvel\" width=\"900\" height=\"500\" class=\"wp-image-226\" srcset=\"https:\/\/valicompany.com\/wp-content\/uploads\/2022\/12\/men_shaving_safety-razor.jpg 900w, https:\/\/valicompany.com\/wp-content\/uploads\/2022\/12\/men_shaving_safety-razor-600x333.jpg 600w, https:\/\/valicompany.com\/wp-content\/uploads\/2022\/12\/men_shaving_safety-razor-500x278.jpg 500w, https:\/\/valicompany.com\/wp-content\/uploads\/2022\/12\/men_shaving_safety-razor-768x427.jpg 768w, https:\/\/valicompany.com\/wp-content\/uploads\/2022\/12\/men_shaving_safety-razor-300x167.jpg 300w\" sizes=\"auto, (max-width: 900px) 100vw, 900px\" \/> <div class=\"col-guide__container\"><a href=\"https:\/\/valicompany.com\/sv\/rakguide\/herr\/\" class=\"col-guide__button\"><span>F\u00f6r Honom<\/span><div> <div class=\"flex\"><span>L\u00e4s rakguide<\/span> <svg width=\"24\" height=\"24\" viewbox=\"0 0 24 24\" fill=\"none\" xmlns=\"http:\/\/www.w3.org\/2000\/svg\">  <path d=\"M15.0378 6.34317L13.6269 7.76069L16.8972 11.0157L3.29211 11.0293L3.29413 13.0293L16.8619 13.0157L13.6467 16.2459L15.0643 17.6568L20.7079 11.9868L15.0378 6.34317Z\" fill=\"currentColor\"><\/path>  <\/svg> <\/div> <\/div><\/a> <\/div> <\/div> <div class=\"col-guide\"> <div><\/div> <img loading=\"lazy\" decoding=\"async\" src=\"https:\/\/valicompany.com\/wp-content\/uploads\/2022\/12\/women_shaving_safety-razor.jpg\" alt=\"kvinna rakar ben med vali s\u00e4kerhetshyvel\" width=\"900\" height=\"500\" class=\"wp-image-227\" srcset=\"https:\/\/valicompany.com\/wp-content\/uploads\/2022\/12\/women_shaving_safety-razor.jpg 900w, https:\/\/valicompany.com\/wp-content\/uploads\/2022\/12\/women_shaving_safety-razor-600x333.jpg 600w, https:\/\/valicompany.com\/wp-content\/uploads\/2022\/12\/women_shaving_safety-razor-500x278.jpg 500w, https:\/\/valicompany.com\/wp-content\/uploads\/2022\/12\/women_shaving_safety-razor-768x427.jpg 768w, https:\/\/valicompany.com\/wp-content\/uploads\/2022\/12\/women_shaving_safety-razor-300x167.jpg 300w\" sizes=\"auto, (max-width: 900px) 100vw, 900px\" \/> <div class=\"col-guide__container\"><a href=\"https:\/\/valicompany.com\/sv\/rakguide\/dam\/\" class=\"col-guide__button\"><span>F\u00f6r Henne<\/span><div> <div class=\"flex\"> <span>L\u00e4s rakguide<\/span> <svg width=\"24\" height=\"24\" viewbox=\"0 0 24 24\" fill=\"none\" xmlns=\"http:\/\/www.w3.org\/2000\/svg\">  <path d=\"M15.0378 6.34317L13.6269 7.76069L16.8972 11.0157L3.29211 11.0293L3.29413 13.0293L16.8619 13.0157L13.6467 16.2459L15.0643 17.6568L20.7079 11.9868L15.0378 6.34317Z\" fill=\"currentColor\"><\/path>  <\/svg> <\/div> <\/div><\/a> <\/div> <\/div> <\/div> <\/div> <\/section>\n\n<section class=\"wp-block-vali-theme-shave-guide-home\"> <div class=\"container\"> <div> <h1 class=\"margin-bottom-m\">Rakguide f\u00f6r rakning med s\u00e4kerhetshyvel<\/h1> <p class=\"margin-bottom-s\">En s\u00e4kerhetshyvel anv\u00e4nder dubbelrakblad med dubbla kanter f\u00f6r att ge en s\u00e5 n\u00e4ra rakning som m\u00f6jligt och samtidigt vara skonsam mot huden och ekonomisk att anv\u00e4nda. Tack vare moderna framsteg inom dubbelrakblad kan en s\u00e4kerhetshyvel raka mycket n\u00e4rmare med ett enda rakblad \u00e4n en multibladsrakhyvel med plastkassett med 3, 4 eller till och med 5 rakblad kan. Och eftersom bara ett enda rakblad passerar \u00f6ver huden orsakar det mindre irritation.<\/p> <p>\u00c4r du nyfiken p\u00e5 hur man rakar sig med s\u00e4kerhetshyvel, vare sig du rakar ansiktet eller benen, s\u00e5 har vi en rakguide f\u00f6r dig.<\/p> <\/div> <\/div> <\/section>\n\n<section class=\"wp-block-vali-theme-home-benefits padding-section-xs\"> <div class=\"container container--full-width\"> <div class=\"flex wrapper-cards-icon-home\"> <div class=\"card-icon-home\"> <img loading=\"lazy\" decoding=\"async\" src=\"https:\/\/valicompany.com\/wp-content\/themes\/valitheme\/media\/images\/homepage\/razor-blades_recycle_white.svg\" class=\"card-icon-home__icon \" width=\"128\" height=\"128\" alt=\"\u00e5tervinning ikon\"> <div class=\"card-icon-home__inside-wrapper\"> <h2 class=\"heading-card-home\">Eko-Rakning<\/h2> <p>De enda typ av rakblad p\u00e5 marknaden som kan \u00e5tervinnas till 100%.<\/p> <\/div> <\/div> <div class=\"card-icon-home card-icon-home--light\"> <img loading=\"lazy\" decoding=\"async\" src=\"https:\/\/valicompany.com\/wp-content\/themes\/valitheme\/media\/images\/homepage\/razor-blades_cheap.svg\" class=\"card-icon-home__icon \" width=\"128\" height=\"128\" alt=\"mynt ovanf\u00f6r hand spara pengar ikon\"> <div class=\"card-icon-home__inside-wrapper\"> <h2 class=\"heading-card-home\">Prisv\u00e4rdhet<\/h2> <p>Prisv\u00e4rda dubbelrakblad, raka med ett fr\u00e4scht rakblad varje g\u00e5ng utan sl\u00f6sa.<\/p> <\/div> <\/div> <div class=\"card-icon-home\"> <img loading=\"lazy\" decoding=\"async\" src=\"https:\/\/valicompany.com\/wp-content\/themes\/valitheme\/media\/images\/homepage\/safety-razor_one_blade.svg\" class=\"card-icon-home__icon \" width=\"128\" height=\"128\" alt=\"ikon som visar sk\u00e4rning av ett rakblad p\u00e5 hudniv\u00e5\"> <div class=\"card-icon-home__inside-wrapper\"> <h2 class=\"heading-card-home\">Mindre Hudirritation<\/h2> <p>Sk\u00e4r i niv\u00e5 med huden, utan drag och riv.<\/p> <\/div> <\/div> <\/div> <\/div> <\/section>\n","protected":false},"excerpt":{"rendered":"","protected":false},"author":1,"featured_media":0,"parent":0,"menu_order":0,"comment_status":"closed","ping_status":"closed","template":"","meta":{"inline_featured_image":false,"footnotes":""},"class_list":["post-4094","page","type-page","status-publish","hentry"],"meta_box":[],"_links":{"self":[{"href":"https:\/\/valicompany.com\/sv\/wp-json\/wp\/v2\/pages\/4094","targetHints":{"allow":["GET"]}}],"collection":[{"href":"https:\/\/valicompany.com\/sv\/wp-json\/wp\/v2\/pages"}],"about":[{"href":"https:\/\/valicompany.com\/sv\/wp-json\/wp\/v2\/types\/page"}],"author":[{"embeddable":true,"href":"https:\/\/valicompany.com\/sv\/wp-json\/wp\/v2\/users\/1"}],"replies":[{"embeddable":true,"href":"https:\/\/valicompany.com\/sv\/wp-json\/wp\/v2\/comments?post=4094"}],"version-history":[{"count":3,"href":"https:\/\/valicompany.com\/sv\/wp-json\/wp\/v2\/pages\/4094\/revisions"}],"predecessor-version":[{"id":4485,"href":"https:\/\/valicompany.com\/sv\/wp-json\/wp\/v2\/pages\/4094\/revisions\/4485"}],"wp:attachment":[{"href":"https:\/\/valicompany.com\/sv\/wp-json\/wp\/v2\/media?parent=4094"}],"curies":[{"name":"wp","href":"https:\/\/api.w.org\/{rel}","templated":true}]}}