{"id":4107,"date":"2022-10-05T09:57:30","date_gmt":"2022-10-05T07:57:30","guid":{"rendered":"http:\/\/vali-co-2.local\/retailers\/"},"modified":"2023-08-25T04:42:33","modified_gmt":"2023-08-25T02:42:33","slug":"aterforsaljare","status":"publish","type":"page","link":"https:\/\/valicompany.com\/sv\/aterforsaljare\/","title":{"rendered":"\u00c5terf\u00f6rs\u00e4ljare"},"content":{"rendered":"\n<section class=\"wp-block-vali-theme-retailers-logo\"> <div class=\"container\"> <div class=\"column-tablet flex flex-75-25 gap-l\"> <div class=\"flex-column gap-l\"> <h1>Hitta en \u00e5terf\u00f6rs\u00e4ljare<\/h1> <div class=\"retailers-grid-wrapper\">\n<div class=\"wp-block-vali-theme-retailer-logo retailers-grid-item\"><a href=\"https:\/\/www.apotea.se\/vali\" target=\"_blank\" rel=\"noopener\"><img loading=\"lazy\" decoding=\"async\" width=\"110\" height=\"40\" src=\"https:\/\/valicompany.com\/wp-content\/uploads\/2022\/12\/apotea.png\" class=\"retailer-logo wp-image-321\" alt=\"apotea logo\"\/><\/a> <\/div>\n\n\n\n<div class=\"wp-block-vali-theme-retailer-logo retailers-grid-item\"><a href=\"https:\/\/www.ica.se\/maxi\/om\/\" target=\"_blank\" rel=\"noopener\"><img loading=\"lazy\" decoding=\"async\" width=\"110\" height=\"40\" src=\"https:\/\/valicompany.com\/wp-content\/uploads\/2023\/02\/ica.png\" class=\"retailer-logo wp-image-4101\" alt=\"ica logo\"\/><\/a> <\/div>\n\n\n\n<div class=\"wp-block-vali-theme-retailer-logo retailers-grid-item\"><a href=\"https:\/\/lyko.com\/sv\/vali\" target=\"_blank\" rel=\"noopener\"><img loading=\"lazy\" decoding=\"async\" width=\"110\" height=\"40\" src=\"https:\/\/valicompany.com\/wp-content\/uploads\/2022\/12\/lyko.jpg\" class=\"retailer-logo wp-image-325\" alt=\"lyko logo\"\/><\/a> <\/div>\n\n\n\n<div class=\"wp-block-vali-theme-retailer-logo retailers-grid-item\"><a href=\"https:\/\/www.apohem.se\/vali\" target=\"_blank\" rel=\"noopener\"><img loading=\"lazy\" decoding=\"async\" width=\"110\" height=\"40\" src=\"https:\/\/valicompany.com\/wp-content\/uploads\/2022\/12\/apohem.png\" class=\"retailer-logo wp-image-327\" alt=\"apohem logo\"\/><\/a> <\/div>\n\n\n\n<div class=\"wp-block-vali-theme-retailer-logo retailers-grid-item\"><a href=\"https:\/\/naturkosmos.se\/brand.html\/vali\" target=\"_blank\" rel=\"noopener\"><img loading=\"lazy\" decoding=\"async\" width=\"110\" height=\"40\" src=\"https:\/\/valicompany.com\/wp-content\/uploads\/2022\/12\/naturkosmos.jpg\" class=\"retailer-logo wp-image-328\" alt=\"naturkosmos logo\"\/><\/a> <\/div>\n<\/div> <\/div> <div class=\"flex-column gap-m\"> <h2>Vill du bli \u00e5terf\u00f6rs\u00e4ljare?<\/h2> <p>Kontakta oss g\u00e4rna s\u00e5 h\u00f6r vi av oss s\u00e5 fort vi kan! Att kontakta oss g\u00f6r du enklast genom v\u00e5r kontakt sida.<\/p> <\/div> <\/div> <\/div> <\/section>\n","protected":false},"excerpt":{"rendered":"","protected":false},"author":1,"featured_media":0,"parent":0,"menu_order":0,"comment_status":"closed","ping_status":"closed","template":"","meta":{"inline_featured_image":false,"footnotes":""},"class_list":["post-4107","page","type-page","status-publish","hentry"],"meta_box":[],"_links":{"self":[{"href":"https:\/\/valicompany.com\/sv\/wp-json\/wp\/v2\/pages\/4107","targetHints":{"allow":["GET"]}}],"collection":[{"href":"https:\/\/valicompany.com\/sv\/wp-json\/wp\/v2\/pages"}],"about":[{"href":"https:\/\/valicompany.com\/sv\/wp-json\/wp\/v2\/types\/page"}],"author":[{"embeddable":true,"href":"https:\/\/valicompany.com\/sv\/wp-json\/wp\/v2\/users\/1"}],"replies":[{"embeddable":true,"href":"https:\/\/valicompany.com\/sv\/wp-json\/wp\/v2\/comments?post=4107"}],"version-history":[{"count":1,"href":"https:\/\/valicompany.com\/sv\/wp-json\/wp\/v2\/pages\/4107\/revisions"}],"predecessor-version":[{"id":5048,"href":"https:\/\/valicompany.com\/sv\/wp-json\/wp\/v2\/pages\/4107\/revisions\/5048"}],"wp:attachment":[{"href":"https:\/\/valicompany.com\/sv\/wp-json\/wp\/v2\/media?parent=4107"}],"curies":[{"name":"wp","href":"https:\/\/api.w.org\/{rel}","templated":true}]}}