{"id":4164,"date":"2022-12-15T14:41:43","date_gmt":"2022-12-15T13:41:43","guid":{"rendered":"http:\/\/vali-co-2.local\/om-oss\/"},"modified":"2023-02-24T11:36:43","modified_gmt":"2023-02-24T10:36:43","slug":"om-oss","status":"publish","type":"page","link":"https:\/\/valicompany.com\/sv\/om-oss\/","title":{"rendered":"Om oss"},"content":{"rendered":"\n<section class=\"wp-block-vali-theme-hero-about-us hero-fullscreen-about\"> <div class=\"hero-background-faq-test\" style=\"background-image:url(https:\/\/valicompany.com\/wp-content\/uploads\/2023\/01\/about_us_vali_shaving_bg.jpg)\"> <div class=\"container container-full-height\"> <div class=\"about-us-hero_wrapper flex\"> <div class=\"about-us-hero__wrapper-content flex\"> <svg xmlns=\"http:\/\/www.w3.org\/2000\/svg\" viewbox=\"0 0 84.87 79.38\" fill=\"#090804\" class=\"v-logo-icon\"> <path d=\"M16.08 0H.09l34.7 79.38h15.59L42.5 61.24zm54.05 0L50.38 45.39l7.33 16.93L84.87 0z\"><\/path> <\/svg> <h1 class=\"main-hero__heading\">L\u00e4r K\u00e4nna Oss<\/h1> <\/div> <\/div> <\/div> <\/div> <\/section>\n\n<section class=\"wp-block-vali-theme-about-us-section-headline\"> <div class=\"container\"> <div class=\"about-us-headline-wrapper flex-column gap-s\"> <h2>&#8211; V\u00e5rat Uppdrag &#8211;<\/h2> <p>F\u00e5 m\u00e4nniskor att \u00e4lska rakning. <br><br>Vi g\u00f6r detta genom att utveckla h\u00f6gkvalitativa produkter med naturliga ingredienser som \u00e4r bra f\u00f6r b\u00e5de pl\u00e5nbok och milj\u00f6.<\/p> <\/div> <\/div> <\/section>\n\n<section class=\"wp-block-vali-theme-about-us-section-left\"> <div class=\"container\"> <div class=\"about-us-wrapper column-tablet flex gap-m\"> <div> <img loading=\"lazy\" decoding=\"async\" src=\"https:\/\/valicompany.com\/wp-content\/uploads\/2022\/12\/one_size_fits_all.jpg\" width=\"880\" height=\"450\" alt=\"f\u00e4rgrik illustration av m\u00e5nga m\u00e4nniskor tillsammans\" class=\"wp-image-252\" srcset=\"https:\/\/valicompany.com\/wp-content\/uploads\/2022\/12\/one_size_fits_all.jpg 880w, https:\/\/valicompany.com\/wp-content\/uploads\/2022\/12\/one_size_fits_all-600x307.jpg 600w, https:\/\/valicompany.com\/wp-content\/uploads\/2022\/12\/one_size_fits_all-500x256.jpg 500w, https:\/\/valicompany.com\/wp-content\/uploads\/2022\/12\/one_size_fits_all-768x393.jpg 768w, https:\/\/valicompany.com\/wp-content\/uploads\/2022\/12\/one_size_fits_all-300x153.jpg 300w\" sizes=\"auto, (max-width: 880px) 100vw, 880px\" \/> <\/div> <div class=\"flex-column gap-s\"> <h2>One size fits all?<\/h2> <p>Nej vi \u00e4r inget modef\u00f6retag. Vi s\u00e4ljer rakhyvlar och tillbeh\u00f6r till de. Men modemarknaden \u00e4r fylld med alternativ som skall passa till individen, det finns en uppsj\u00f6 av alternativ, bland annat f\u00e4rg, storlek och tyg och mycket mer \u00e4n s\u00e5. F\u00f6r m\u00e4ns hudv\u00e5rd och rakning har det dock aldrig p\u00e5 riktigt funnits alternativ. Trots att vi alla har olika typer av h\u00e5rv\u00e4xt och hud. Vissa av oss har en grov sk\u00e4ggv\u00e4xt, vissa lockigt och andra har ett tunt yttre hudlager och k\u00e4nslig hud, och s\u00e5 alla kombinationer emellan, l\u00e4gg d\u00e4rtill det m\u00e5ngfaldiga klimatet olika individer lever i.  V\u00e1li Co. grundades f\u00f6r att p\u00e5 riktigt erbjuda ett alternativ till denna f\u00f6rbisedda m\u00e5lgrupp. En m\u00e5lgrupp som i olika populationer kan vara upp till fyra av fem personer.<\/p> <\/div> <\/div> <\/div> <\/section>\n\n<section class=\"wp-block-vali-theme-about-us-section-right\"> <div class=\"container\"> <div class=\"about-us-wrapper column-tablet-reverse flex gap-m\"> <div class=\"flex-column gap-s\"> <h2>En marknad i gungning<\/h2> <p>I kanske n\u00e4stan ett helt sekel dominerades den globala rakningsmarknaden av endast ett f\u00f6retag med \u00f6ver 70% marknadsandel. P\u00e5 endast de senaste fem till tio \u00e5ren har deras andel minskat till n\u00e4stan h\u00e4lften (Euromonitor). Den globala marknaden f\u00f6r rakningsprodukter har under denna tid endast minskat med 5-10%. Det \u00e4r inte konstigt n\u00e4r man antar att alla f\u00f6ds lika och till och med att vi alla har en lika stor pl\u00e5nbok.<\/p> <\/div> <div> <img loading=\"lazy\" decoding=\"async\" src=\"https:\/\/valicompany.com\/wp-content\/uploads\/2022\/12\/worldmap_color.jpg\" width=\"880\" height=\"450\" alt=\"f\u00e4rgglad illustration av v\u00e4rldskartan\" class=\"wp-image-253\" srcset=\"https:\/\/valicompany.com\/wp-content\/uploads\/2022\/12\/worldmap_color.jpg 880w, https:\/\/valicompany.com\/wp-content\/uploads\/2022\/12\/worldmap_color-600x307.jpg 600w, https:\/\/valicompany.com\/wp-content\/uploads\/2022\/12\/worldmap_color-500x256.jpg 500w, https:\/\/valicompany.com\/wp-content\/uploads\/2022\/12\/worldmap_color-768x393.jpg 768w, https:\/\/valicompany.com\/wp-content\/uploads\/2022\/12\/worldmap_color-300x153.jpg 300w\" sizes=\"auto, (max-width: 880px) 100vw, 880px\" \/> <\/div> <\/div> <\/div> <\/section>\n\n<section class=\"wp-block-vali-theme-about-us-section-left\"> <div class=\"container\"> <div class=\"about-us-wrapper column-tablet flex gap-m\"> <div> <img loading=\"lazy\" decoding=\"async\" src=\"https:\/\/valicompany.com\/wp-content\/uploads\/2022\/12\/searching.jpg\" width=\"880\" height=\"450\" alt=\"illustration av man som tittar in i kikare\" class=\"wp-image-254\" srcset=\"https:\/\/valicompany.com\/wp-content\/uploads\/2022\/12\/searching.jpg 880w, https:\/\/valicompany.com\/wp-content\/uploads\/2022\/12\/searching-600x307.jpg 600w, https:\/\/valicompany.com\/wp-content\/uploads\/2022\/12\/searching-500x256.jpg 500w, https:\/\/valicompany.com\/wp-content\/uploads\/2022\/12\/searching-768x393.jpg 768w, https:\/\/valicompany.com\/wp-content\/uploads\/2022\/12\/searching-300x153.jpg 300w\" sizes=\"auto, (max-width: 880px) 100vw, 880px\" \/> <\/div> <div class=\"flex-column gap-s\"> <h2>S\u00f6kandet efter alternativ<\/h2> <p>Vi granskade marknader och l\u00e4nder l\u00e5ngt borta fr\u00e5n Sverige. Vi uppt\u00e4ckte att exempelvis att i l\u00e4nder i Asien som t ex Indien, eller l\u00e4nder i Mellan\u00f6stern s\u00e5 finns det inte ett f\u00f6retag som \u00e4r i besittning av en monopol st\u00e4llning. H\u00e4r har man till och med historiskt och g\u00e5ng p\u00e5 g\u00e5ng f\u00f6rs\u00f6kt att marknadspenetrera med sin one-size-fits-all mentalitet. Bara f\u00f6r att snabbt bli avvisade. Vi f\u00f6rstod att i dessa l\u00e4nder har m\u00e4n ofta en grov sk\u00e4ggv\u00e4xt, kanske lite lockigt och kanske till och med k\u00e4nslig hud. De har kanske inte heller en lika stor pl\u00e5nbok som oss i v\u00e4st. Precis som oss, f\u00f6rstod de att alternativet som erbj\u00f6ds inte fungerade f\u00f6r dom.<\/p> <\/div> <\/div> <\/div> <\/section>\n\n<section class=\"wp-block-vali-theme-about-us-section-right\"> <div class=\"container\"> <div class=\"about-us-wrapper column-tablet-reverse flex gap-m\"> <div class=\"flex-column gap-s\"> <h2>Det gamla m\u00f6ter det nya<\/h2> <p>Samtidigt s\u00e5 har utvecklingen av klassiska v\u00e5trakningsprodukter g\u00e5tt l\u00e5ngt fram. Vi tog det b\u00e4sta vi kunde hitta och kombinerade det med det nya f\u00f6r att p\u00e5 riktigt kunna erbjuda ett alternativ. Med dubbelrakblad tillr\u00e4ckligt vassa f\u00f6r att \u00e4ven sk\u00e4ra av de gr\u00f6vsta av h\u00e5rstr\u00e5 friktionsfritt utan ryck och drag, toppmodern rakborste som tillverkas med mjuka syntetiska fibrer utan att n\u00e5got djur beh\u00f6ver mista livet, rakkr\u00e4m som f\u00f6rtv\u00e5las utan att torka ut huden och aftershave som \u00e5terfuktar och reparerar ist\u00e4llet f\u00f6r att torka ut och svida. Och b\u00e4st av allt, \u00e4r att dessa hudv\u00e5rdande rakningsprodukter \u00e4r milj\u00f6v\u00e4nliga. Rakbladen kan \u00e5tervinnas, rakkr\u00e4merna inneh\u00e5ller inga kemiska milj\u00f6f\u00f6rst\u00f6rande och uttorkande propellanter och aftershaven \u00e4r fri fr\u00e5n alkohol.<\/p> <\/div> <div> <img loading=\"lazy\" decoding=\"async\" src=\"https:\/\/valicompany.com\/wp-content\/uploads\/2022\/12\/vali_safety-razor_sketch.jpg\" width=\"880\" height=\"450\" alt=\"skiss p\u00e5 vali s\u00e4kerhetshyvel\" class=\"wp-image-255\" srcset=\"https:\/\/valicompany.com\/wp-content\/uploads\/2022\/12\/vali_safety-razor_sketch.jpg 880w, https:\/\/valicompany.com\/wp-content\/uploads\/2022\/12\/vali_safety-razor_sketch-600x307.jpg 600w, https:\/\/valicompany.com\/wp-content\/uploads\/2022\/12\/vali_safety-razor_sketch-500x256.jpg 500w, https:\/\/valicompany.com\/wp-content\/uploads\/2022\/12\/vali_safety-razor_sketch-768x393.jpg 768w, https:\/\/valicompany.com\/wp-content\/uploads\/2022\/12\/vali_safety-razor_sketch-300x153.jpg 300w\" sizes=\"auto, (max-width: 880px) 100vw, 880px\" \/> <\/div> <\/div> <\/div> <\/section>\n\n<section class=\"wp-block-vali-theme-section-values about-us-section-grid margin-bottom-l\"> <div class=\"about-us-grid-container container flex-column\"> <h2 class=\"margin-bottom-m\">V\u00e5ra V\u00e4rden<\/h2> <div class=\"about-us-grid\"> <div class=\"about-us-grid-col flex-column gap-s\">  <svg xmlns=\"http:\/\/www.w3.org\/2000\/svg\" width=\"20px\" height=\"20px\" viewbox=\"0 0 20 20\"> <path d=\"M0 11l2-2 5 5L18 3l2 2L7 18z\"><\/path> <\/svg> <h3>Enkelhet<\/h3> <p>V\u00e5ra produkter ska vara enkla att f\u00f6rst\u00e5 och anv\u00e4nda.<\/p> <\/div>  <div class=\"about-us-grid-col flex-column gap-s\"> <svg xmlns=\"http:\/\/www.w3.org\/2000\/svg\" viewbox=\"0 0 489.003 489.003\"> <path d=\"M305.802 156.814c-33.8-19.5-88.4-19.5-122 0s-33.4 51.2.4 70.7 88.4 19.5 122 0c33.6-19.6 33.4-51.2-.4-70.7zm-15.5 30.7l-8.7 2.8c-1.8.5-2.9.6-3.7.2-.4-.3-.8-.7-1.2-1.3-1.9-3.1-4.8-5.8-8.7-8-.5-.3-1.1-.6-1.7-.9-1.3-.7-2.5-1.2-4.1-1.6-5.6-1.3-10.6.8-9.9 4.3.3 1.8 1.3 3.4 2.5 5.1 2 2.8 4.2 5.6 5.6 8.6 4.7 9.4-5.5 18.7-21.9 19.6-5.9.3-11.5-.4-16.7-2.1-2.3-.7-4-.7-5.7.5-1.7 1.1-3.6 2.1-5.4 3.1-1.6.9-3.3 1-4.9.1-1.2-.6-2.3-1.3-3.5-1.9-.8-.5-1.6-.9-2.4-1.4-1.7-1-1.5-2 .1-3 1.3-.8 2.6-1.5 3.8-2.3 2.9-1.7 2.9-1.8.5-3.7-3-2.4-5.7-4.9-7.4-7.7-1.3-2.2-1-2.7 2.5-3.9 2.6-.8 5.1-1.7 7.7-2.5 1.9-.6 3-.7 3.8-.3.5.3.8.7 1.2 1.4 1.7 3.2 4.6 6 8.1 8.7.6.5 1.3.9 1.9 1.3 1.9 1.1 4.1 1.9 6.6 2.5 6.5 1.5 12.3-1.1 11.7-5.2-.2-1.4-.9-2.6-1.8-3.9-2.2-3.3-5.1-6.4-6.6-9.9-2.4-5.6-1.3-10.7 6.4-14.7 8.8-4.5 18.6-4.8 29-2 4.3 1.2 4.2 1.2 7.5-.7 1.1-.7 2.2-1.3 3.3-1.9 2.5-1.4 3.4-1.4 5.9 0 .8.4 1.5.9 2.3 1.3 5.3 3 5.3 3 .1 6.1-3.7 2.1-3.7 2.1-.6 4.6 2.4 1.9 4.3 3.9 5.7 6.1 1.1 1.1.7 2-1.3 2.6zm60.6 65.8c-9.3 5.4-24.4 5.4-33.8 0-9.3-5.4-9.4-14.2-.1-19.6s24.4-5.4 33.8 0 9.5 14.2.1 19.6zm-178-102.8c-9.3 5.4-24.4 5.4-33.8 0s-9.4-14.2-.1-19.6 24.4-5.4 33.8 0c9.3 5.4 9.4 14.2.1 19.6zm304.5 60.9l-266.5-153.9c-15.4-8.9-40.4-8.9-55.7 0l-142.9 83c-15.3 8.9-15.2 23.4.2 32.3l266.5 153.9c15.4 8.9 40.4 8.9 55.7 0l142.8-83c15.4-8.9 15.3-23.4-.1-32.3zm-139.8 86c-1.7-1.6-3.7-3.1-6.1-4.5-15.6-9-40.9-9-56.4 0-1.2.7-2.2 1.4-3.3 2.2l-206.9-119.5c2-.8 3.9-1.7 5.7-2.7 15.5-9 15.4-23.6-.2-32.6-1.7-1-3.5-1.9-5.4-2.6l85.3-49.6c1.3 1.1 2.8 2.1 4.5 3.1 15.6 9 40.9 9 56.4 0 1.8-1 3.3-2.1 4.7-3.3l207.6 119.8c-2.8 1-5.3 2.1-7.7 3.5-15.5 9-15.5 23.7.2 32.7 2.4 1.4 5.1 2.5 7.9 3.5l-86.3 50zm-332.1-93.8c6.8-3.5 17.3-3 23.8.8l278.6 160.8 150.6-87.6c6.5-3.8 17.2-3.8 23.8 0s6.6 10 .1 13.8l-160.1 93c-7.8 4.6-20.6 4.6-28.5 0l-5.6-3.2-3.9-2.3-279.3-161.2c-6.8-3.9-6.7-10.4.5-14.1zm477.1 138.1l-160.1 93c-7.8 4.6-20.6 4.6-28.5 0l-5.5-3.2-4-2.3-279.3-161.2c-6.8-3.9-6.6-10.4.6-14.1 6.7-3.5 17.3-3 23.8.8l278.5 160.8 150.6-87.5c6.6-3.8 17.2-3.8 23.8 0 6.6 3.7 6.7 9.9.1 13.7z\"><\/path> <\/svg> <h3>Prisv\u00e4rdhet<\/h3>  <p>Den som vill ha b\u00e4ttre h\u00e4lsa och hud ska ha r\u00e5d med det.<\/p> <\/div>  <div class=\"about-us-grid-col flex-column gap-s\"> <svg xmlns=\"http:\/\/www.w3.org\/2000\/svg\" width=\"512\" height=\"512\" viewbox=\"-160 0 512 512\"> <path d=\"M176 432c0 44.112-35.888 80-80 80s-80-35.888-80-80 35.888-80 80-80 80 35.888 80 80zM25.26 25.199l13.6 272C39.499 309.972 50.041 320 62.83 320h66.34c12.789 0 23.331-10.028 23.97-22.801l13.6-272C167.425 11.49 156.496 0 142.77 0H49.23C35.504 0 24.575 11.49 25.26 25.199z\"><\/path> <\/svg> <h3>Respekt<\/h3> <p>Vi inspireras av v\u00e5ra kunder. De \u00e4r anledningen till v\u00e5rat fortsatta arbete.<\/p> <\/div> <div class=\"about-us-grid-col flex-column gap-s\">  <svg xmlns=\"http:\/\/www.w3.org\/2000\/svg\" width=\"512px\" height=\"512px\" viewbox=\"0 0 512 512\"> <title>ionicons-v5-j<\/title> <path d=\"M336,256c-20.56,0-40.44-9.18-56-25.84-15.13-16.25-24.37-37.92-26-61-1.74-24.62,5.77-47.26,21.14-63.76S312,80,336,80c23.83,0,45.38,9.06,60.7,25.52,15.47,16.62,23,39.22,21.26,63.63h0c-1.67,23.11-10.9,44.77-26,61C376.44,246.82,356.57,256,336,256Zm66-88h0Z\"><\/path> <path d=\"M467.83,432H204.18a27.71,27.71,0,0,1-22-10.67,30.22,30.22,0,0,1-5.26-25.79c8.42-33.81,29.28-61.85,60.32-81.08C264.79,297.4,299.86,288,336,288c36.85,0,71,9,98.71,26.05,31.11,19.13,52,47.33,60.38,81.55a30.27,30.27,0,0,1-5.32,25.78A27.68,27.68,0,0,1,467.83,432Z\"><\/path> <path d=\"M147,260c-35.19,0-66.13-32.72-69-72.93C76.58,166.47,83,147.42,96,133.45,108.86,119.62,127,112,147,112s38,7.66,50.93,21.57c13.1,14.08,19.5,33.09,18,53.52C213.06,227.29,182.13,260,147,260Z\"><\/path> <path d=\"M212.66,291.45c-17.59-8.6-40.42-12.9-65.65-12.9-29.46,0-58.07,7.68-80.57,21.62C40.93,316,23.77,339.05,16.84,366.88a27.39,27.39,0,0,0,4.79,23.36A25.32,25.32,0,0,0,41.72,400h111a8,8,0,0,0,7.87-6.57c.11-.63.25-1.26.41-1.88,8.48-34.06,28.35-62.84,57.71-83.82a8,8,0,0,0-.63-13.39C216.51,293.42,214.71,292.45,212.66,291.45Z\"><\/path> <\/svg> <h3>OLIKA \u00c4R BRA<\/h3>  <p>Alla \u00e4r olika \u2013 olika \u00e4r bra. Alla skall kunna enkelt och till ett r\u00e4ttvist pris kunna f\u00f6rb\u00e4ttra sin h\u00e4lsa och hud. Vi v\u00e4lkomnar alla, oavsett nationalitet, etniskt ursprung, \u00e5lder, k\u00f6n, funktionsvariation eller sexuell l\u00e4ggning.<\/p> <\/div> <\/div> <\/div> <\/section>\n","protected":false},"excerpt":{"rendered":"","protected":false},"author":1,"featured_media":0,"parent":0,"menu_order":0,"comment_status":"closed","ping_status":"closed","template":"","meta":{"inline_featured_image":false,"footnotes":""},"class_list":["post-4164","page","type-page","status-publish","hentry"],"meta_box":[],"_links":{"self":[{"href":"https:\/\/valicompany.com\/sv\/wp-json\/wp\/v2\/pages\/4164","targetHints":{"allow":["GET"]}}],"collection":[{"href":"https:\/\/valicompany.com\/sv\/wp-json\/wp\/v2\/pages"}],"about":[{"href":"https:\/\/valicompany.com\/sv\/wp-json\/wp\/v2\/types\/page"}],"author":[{"embeddable":true,"href":"https:\/\/valicompany.com\/sv\/wp-json\/wp\/v2\/users\/1"}],"replies":[{"embeddable":true,"href":"https:\/\/valicompany.com\/sv\/wp-json\/wp\/v2\/comments?post=4164"}],"version-history":[{"count":0,"href":"https:\/\/valicompany.com\/sv\/wp-json\/wp\/v2\/pages\/4164\/revisions"}],"wp:attachment":[{"href":"https:\/\/valicompany.com\/sv\/wp-json\/wp\/v2\/media?parent=4164"}],"curies":[{"name":"wp","href":"https:\/\/api.w.org\/{rel}","templated":true}]}}