{"id":4359,"date":"2022-12-01T09:36:02","date_gmt":"2022-12-01T08:36:02","guid":{"rendered":"https:\/\/valicompany.com\/rakguide\/rakguide-herr\/"},"modified":"2023-06-12T14:12:08","modified_gmt":"2023-06-12T12:12:08","slug":"herr","status":"publish","type":"page","link":"https:\/\/valicompany.com\/sv\/rakguide\/herr\/","title":{"rendered":"Rakguide herr"},"content":{"rendered":"\n<section class=\"wp-block-vali-theme-section-embed-youtube padding-section-xs youtube-hero\"> <div class=\"container\"> <div>\n<figure class=\"wp-block-embed is-type-video is-provider-youtube wp-block-embed-youtube wp-embed-aspect-16-9 wp-has-aspect-ratio\"><div class=\"wp-block-embed__wrapper\">\n<iframe loading=\"lazy\" title=\"How to shave safety razor - V\u00e1li\" width=\"500\" height=\"281\" src=\"https:\/\/www.youtube.com\/embed\/svY04uZd1v4?feature=oembed\" frameborder=\"0\" allow=\"accelerometer; autoplay; clipboard-write; encrypted-media; gyroscope; picture-in-picture; web-share\" referrerpolicy=\"strict-origin-when-cross-origin\" allowfullscreen><\/iframe>\n<\/div><\/figure>\n<\/div> <\/div> <\/section>\n\n\n\n<section class=\"wp-block-vali-theme-section-empty padding-bottom-0\"> <div class=\"container\">\n<h1 class=\"wp-block-heading\">Rakguide<\/h1>\n\n\n\n<div style=\"height:20px\" aria-hidden=\"true\" class=\"wp-block-spacer\"><\/div>\n\n\n\n<p>L\u00e5s upp sl\u00e4thetens mysterier: Bem\u00e4stra v\u00e5trakandets konst<\/p>\n<\/div> <\/section>\n\n\n\n<section class=\"wp-block-vali-theme-section-empty\"> <div class=\"container\">\n<div class=\"wp-block-columns gap-l is-layout-flex wp-container-core-columns-is-layout-9d6595d7 wp-block-columns-is-layout-flex\">\n<div class=\"wp-block-column col-guide-men flex-column gap-l is-layout-flow wp-block-column-is-layout-flow\" style=\"flex-basis:60%\">\n<div class=\"wp-block-vali-theme-shave-guide-short\"> <h2>Kort rakguide:<\/h2> <ol class=\"list-shave-guide shave-guide-box\">\n<li class=\"wp-block-vali-theme-shave-guide-short-item\"> <span>L\u00f6ddra upp, direkt p\u00e5 fuktig hud eller i sk\u00e5l.<\/span> <\/li>\n\n\n\n<li class=\"wp-block-vali-theme-shave-guide-short-item\"> <span>L\u00e4gg ett rakblad i rakhyvelns huvud, se video nedan hur.<\/span> <\/li>\n\n\n\n<li class=\"wp-block-vali-theme-shave-guide-short-item\"> <span>Vinkla rakhyveln ungef\u00e4r 30-40 grader mot huden.<\/span> <\/li>\n\n\n\n<li class=\"wp-block-vali-theme-shave-guide-short-item\"> <span>Anv\u00e4nd l\u00e4tt hand, raka medh\u00e5rs och anv\u00e4nd korta str\u00e5k.<\/span> <\/li>\n\n\n\n<li class=\"wp-block-vali-theme-shave-guide-short-item\"> <span>Sk\u00f6lj av med kallt vatten.<\/span> <\/li>\n\n\n\n<li class=\"wp-block-vali-theme-shave-guide-short-item\"> <span>Applicera v\u00e5r Aftershave Balm p\u00e5 rakat omr\u00e5de.<\/span> <\/li>\n<\/ol> <\/div>\n\n\n\n<div class=\"wp-block-vali-theme-shave-guide-step-accordion flex-column gap-s\"> <h2>Raka alltid medh\u00e5rs<\/h2> <img decoding=\"async\" src=\"https:\/\/valicompany.com\/wp-content\/uploads\/2022\/12\/shaving_guide_beard-growth.jpg\" loading=\"lazy\" width=\"800\" height=\"598\" alt=\"illustration av sk\u00e4ggets tillv\u00e4xtriktning f\u00f6r rakguide\" class=\"wp-image-238\" srcset=\"https:\/\/valicompany.com\/wp-content\/uploads\/2022\/12\/shaving_guide_beard-growth.jpg 800w, https:\/\/valicompany.com\/wp-content\/uploads\/2022\/12\/shaving_guide_beard-growth-600x449.jpg 600w, https:\/\/valicompany.com\/wp-content\/uploads\/2022\/12\/shaving_guide_beard-growth-500x374.jpg 500w, https:\/\/valicompany.com\/wp-content\/uploads\/2022\/12\/shaving_guide_beard-growth-768x574.jpg 768w, https:\/\/valicompany.com\/wp-content\/uploads\/2022\/12\/shaving_guide_beard-growth-300x224.jpg 300w\" sizes=\"auto, (max-width: 800px) 100vw, 800px\" \/> <p>Raka alltid i samma riktning som ditt h\u00e5r v\u00e4xer. L\u00e4r k\u00e4nna sk\u00e4gget genom att k\u00e4nna av och analysera hur det v\u00e4xer p\u00e5 ansikte och hals. Detta kan hj\u00e4lpa dig att f\u00f6rebygga irritation, rakfinnar och in\u00e5tv\u00e4xande h\u00e5r. Bilden ovan visar typiska riktningar, men din sk\u00e4ggv\u00e4xt kan v\u00e4xa \u00e5t andra riktningar, det \u00e4r viktigt att du k\u00e4nner av f\u00f6rst. Du f\u00e5r g\u00e4rna prova p\u00e5 att raka i andra riktningar efter att en g\u00e5ng ha rakat medh\u00e5rs. Risken f\u00f6r irritation och in\u00e5tv\u00e4xande h\u00e5r \u00f6kar dock om du rakar moth\u00e5rs.<\/p> <div class=\"accordion\">  <div class=\"accordion-item\">  <button aria-expanded=\"false\"> <span class=\"accordion-title\">Klicka h\u00e4r f\u00f6r att l\u00e4sa mer om hur du kan k\u00e4nna av \u00e5t vilken riktning ditt h\u00e5r v\u00e4xer.<\/span> <span class=\"icon\" aria-hidden=\"true\"><\/span> <\/button>  <div class=\"accordion-content\">  <p>L\u00e5t ditt h\u00e5r v\u00e4xa n\u00e5gra dagar. K\u00e4nn d\u00e4refter svagt av med fingrarna genom att g\u00e5 upp och ner l\u00e4ngs h\u00e5ret. Du kommer att k\u00e4nna, om det tar emot mer n\u00e4r du \u201dg\u00e5r upp\u00e5t\u201d med fingrarna s\u00e5 betyder det att h\u00e5ret v\u00e4xer ner\u00e5t. De flesta m\u00e4n har sk\u00e4gg som v\u00e4xer ned\u00e5t fr\u00e5n polisongerna. Vissa har sk\u00e4gg som v\u00e4xer upp\u00e5t vid halsen och kanske \u00e5t sidan till och med. K\u00e4nn av, inte bara med fingrarna men \u00e4ven n\u00e4r du rakar dig.<\/p>  <\/div>  <\/div>  <\/div> <\/div>\n\n\n\n<div class=\"wp-block-vali-theme-shave-guide-step flex-column gap-s\"> <h2>F\u00f6rberedelse<\/h2> <img loading=\"lazy\" decoding=\"async\" src=\"https:\/\/valicompany.com\/wp-content\/uploads\/2022\/12\/shaving_guide_shower.jpg\" width=\"800\" height=\"598\" alt=\"illustration av man som duschar f\u00f6r att f\u00f6rbereda sig f\u00f6r rakning\" class=\"wp-image-187\" srcset=\"https:\/\/valicompany.com\/wp-content\/uploads\/2022\/12\/shaving_guide_shower.jpg 800w, https:\/\/valicompany.com\/wp-content\/uploads\/2022\/12\/shaving_guide_shower-600x449.jpg 600w, https:\/\/valicompany.com\/wp-content\/uploads\/2022\/12\/shaving_guide_shower-500x374.jpg 500w, https:\/\/valicompany.com\/wp-content\/uploads\/2022\/12\/shaving_guide_shower-768x574.jpg 768w, https:\/\/valicompany.com\/wp-content\/uploads\/2022\/12\/shaving_guide_shower-300x224.jpg 300w\" sizes=\"auto, (max-width: 800px) 100vw, 800px\" \/> <p>Det allra b\u00e4sta och enklaste s\u00e4ttet att f\u00f6rbereda sig inf\u00f6r rakningen \u00e4r en dusch. Det varma vattnet och \u00e5ngan \u00f6ppnar upp dina porer och mjukar upp h\u00e5rstr\u00e5na. Ett annat effektivt s\u00e4tt att f\u00f6rbereda sig inf\u00f6r rakningen \u00e4r att h\u00e5lla en fuktig varm handduk mot huden i minst en minut. Direkt efter kan du massera in rakolja p\u00e5 huden f\u00f6r att f\u00e5 ett extra lager skydd och f\u00f6rb\u00e4ttra glidet p\u00e5 rakbladet.<\/p> <\/div>\n\n\n\n<div class=\"wp-block-vali-theme-shave-guide-step-list flex-column gap-s columns-1\"> <h2>L\u00f6ddra<\/h2> <img loading=\"lazy\" decoding=\"async\" src=\"https:\/\/valicompany.com\/wp-content\/uploads\/2022\/12\/shaving_guide_shave-brush.jpg\" width=\"800\" height=\"598\" alt=\"illustration of man lathering face with shaving brush and cream\" class=\"wp-image-241\" srcset=\"https:\/\/valicompany.com\/wp-content\/uploads\/2022\/12\/shaving_guide_shave-brush.jpg 800w, https:\/\/valicompany.com\/wp-content\/uploads\/2022\/12\/shaving_guide_shave-brush-600x449.jpg 600w, https:\/\/valicompany.com\/wp-content\/uploads\/2022\/12\/shaving_guide_shave-brush-500x374.jpg 500w, https:\/\/valicompany.com\/wp-content\/uploads\/2022\/12\/shaving_guide_shave-brush-768x574.jpg 768w, https:\/\/valicompany.com\/wp-content\/uploads\/2022\/12\/shaving_guide_shave-brush-300x224.jpg 300w\" sizes=\"auto, (max-width: 800px) 100vw, 800px\" \/> <p>Nu \u00e4r det dags att skapa ditt rakl\u00f6dder. Efter f\u00f6rberedelserna \u00e4r det viktigt att l\u00e4gga ner tid p\u00e5 att bygga upp ett bra l\u00f6dder med hj\u00e4lp av rakkr\u00e4m och rakborste. Vi rekommenderar att anv\u00e4nda en rakborste eftersom den lyfter h\u00e5rstr\u00e5na, mjukar upp och exfolierar huden genom att ta bort d\u00f6da hudceller. Resultatet \u00e4r en mjukare, n\u00e4rmare och irritationsfri rakning.<\/p> <ol class=\"columns-1 list-shave-guide\">\n<li class=\"wp-block-vali-theme-shave-guide-short-item\"> <span>Sk\u00f6lj din rakborste med varmt vatten och skaka sedan bort \u00f6verfl\u00f6digt vatten ur rakborsten. Den fuktiga rakborsten kommer att hj\u00e4lpa dig att skapa ett fint och tjockt l\u00f6dder.<\/span> <\/li>\n\n\n\n<li class=\"wp-block-vali-theme-shave-guide-short-item\"> <span>F\u00f6rdela lite rakkr\u00e4m p\u00e5 huden (1-2st klickar, ca mandelstorlek) eller l\u00e4gg p\u00e5 rakborsten. Forts\u00e4tt sedan arbeta p\u00e5 huden med cirkul\u00e4ra r\u00f6relser. H\u00e4ll n\u00e5gra extra droppar vatten p\u00e5 rakborsten om l\u00f6ddret \u00e4r f\u00f6r h\u00e5rt. P\u00e5b\u00f6rja rakningen n\u00e4r du k\u00e4nner att l\u00f6ddret \u00e4r tillr\u00e4ckligt fluffigt och mjukt.<\/span> <\/li>\n\n\n\n<li class=\"wp-block-vali-theme-shave-guide-short-item\"> <span>St\u00e4ll undan rakborste och rakkr\u00e4m. Se till att rakkr\u00e4mens tub \u00e4r ordentligt f\u00f6rsluten efter anv\u00e4ndning f\u00f6r att s\u00e4kerst\u00e4lla konsistens och h\u00e5llbarhet.<\/span> <\/li>\n<\/ol> <\/div>\n\n\n\n<div class=\"wp-block-vali-theme-shave-guide-step-list-1 flex-column gap-s\"> <h2>Teknik<\/h2> <img loading=\"lazy\" decoding=\"async\" src=\"https:\/\/valicompany.com\/wp-content\/uploads\/2022\/12\/shaving_guide_safety-razor.jpg\" width=\"800\" height=\"598\" alt=\"illustration of man shaving with safety razor on 45 degree angle\" class=\"wp-image-242\" srcset=\"https:\/\/valicompany.com\/wp-content\/uploads\/2022\/12\/shaving_guide_safety-razor.jpg 800w, https:\/\/valicompany.com\/wp-content\/uploads\/2022\/12\/shaving_guide_safety-razor-600x449.jpg 600w, https:\/\/valicompany.com\/wp-content\/uploads\/2022\/12\/shaving_guide_safety-razor-500x374.jpg 500w, https:\/\/valicompany.com\/wp-content\/uploads\/2022\/12\/shaving_guide_safety-razor-768x574.jpg 768w, https:\/\/valicompany.com\/wp-content\/uploads\/2022\/12\/shaving_guide_safety-razor-300x224.jpg 300w\" sizes=\"auto, (max-width: 800px) 100vw, 800px\" \/> <ol class=\"columns-1 list-shave-guide\">\n<li class=\"wp-block-vali-theme-shave-guide-short-item\"> <span>L\u00e4gg rakhyveln rakt i en 90 graders vinkel p\u00e5 huden och b\u00f6rja sedan vinkla ner\u00e5t tills rakbladet tr\u00e4ffar huden. Detta \u00e4r troligtvis f\u00f6r de flesta i en 30-40 graders vinkel (se bild ovan).<\/span> <\/li>\n\n\n\n<li class=\"wp-block-vali-theme-shave-guide-short-item\"> <span>Arbeta med l\u00e4tt hand. Anv\u00e4nd korta drag och raka medh\u00e5rs l\u00e4ngs h\u00e5rets riktning.<\/span> <\/li>\n\n\n\n<li class=\"wp-block-vali-theme-shave-guide-short-item\"> <span>Tryck inte p\u00e5 huden utan l\u00e5t rakhyvelns tyngd g\u00f6ra jobbet.<\/span> <\/li>\n<\/ol> <p>N\u00e4r du \u00e4r klar sk\u00f6ljer du med ljummet vatten f\u00f6rst och k\u00e4nner efter om du \u00e4r n\u00f6jd med rakningen. Om inte, k\u00f6r en \u201dsecond pass\u201d och l\u00f6ddra upp igen och k\u00f6r en sista finputsning. N\u00e4r det \u00e4r klart sk\u00f6ljer du rakhyveln i varmt vatten, torkar av den f\u00f6r att beh\u00e5lla glansen och h\u00e5llbarheten. Gl\u00f6m inte heller rakborsten som beh\u00f6ver tv\u00e4ttas och l\u00e4mnas att torka p\u00e5 en fuktfri plats.<\/p> <\/div>\n\n\n\n<div class=\"wp-block-vali-theme-shave-guide-step flex-column gap-s\"> <h2>Avslutning<\/h2> <img loading=\"lazy\" decoding=\"async\" src=\"https:\/\/valicompany.com\/wp-content\/uploads\/2022\/12\/shaving_guide_aftershave.jpg\" width=\"800\" height=\"598\" alt=\"man tv\u00e4ttar ansiktet efter rakning\" class=\"wp-image-188\" srcset=\"https:\/\/valicompany.com\/wp-content\/uploads\/2022\/12\/shaving_guide_aftershave.jpg 800w, https:\/\/valicompany.com\/wp-content\/uploads\/2022\/12\/shaving_guide_aftershave-600x449.jpg 600w, https:\/\/valicompany.com\/wp-content\/uploads\/2022\/12\/shaving_guide_aftershave-500x374.jpg 500w, https:\/\/valicompany.com\/wp-content\/uploads\/2022\/12\/shaving_guide_aftershave-768x574.jpg 768w, https:\/\/valicompany.com\/wp-content\/uploads\/2022\/12\/shaving_guide_aftershave-300x224.jpg 300w\" sizes=\"auto, (max-width: 800px) 100vw, 800px\" \/> <p>N\u00e4r du \u00e4r helt n\u00f6jd med din rakning sk\u00f6ljer du med kallt vatten f\u00f6r att st\u00e4nga porerna och f\u00f6rsiktigt klappar dig torr med en handduk. \u00c5terfukta sedan huden med v\u00e5r aftershave balm.<\/p> <\/div>\n<\/div>\n\n\n\n<div class=\"wp-block-column col-guide-men flex-column gap-l is-layout-flow wp-block-column-is-layout-flow\" style=\"flex-basis:40%\">\n<div class=\"wp-block-vali-theme-shave-guide-tips-list flex-column gap-m\"> <h3>Tips &amp; Tricks<\/h3> <ul class=\"list-ul-shave-guide\">\n<li class=\"wp-block-vali-theme-shave-guide-tips-list-item\"><span>Vi rekommenderar att du inte anv\u00e4nder rakbladen mer \u00e4n 3-4 g\u00e5nger. Det h\u00e5ller dem fr\u00e4scha och minskar risken f\u00f6r irritationer. F\u00f6rdelen \u00e4r ocks\u00e5 att de \u00e4r v\u00e4ldigt billiga.<\/span> <\/li>\n\n\n\n<li class=\"wp-block-vali-theme-shave-guide-tips-list-item\"><span>F\u00f6rberedelse \u00e4r A och O.<\/span> <\/li>\n\n\n\n<li class=\"wp-block-vali-theme-shave-guide-tips-list-item\"><span>Stressa aldrig.<\/span> <\/li>\n\n\n\n<li class=\"wp-block-vali-theme-shave-guide-tips-list-item\"><span>Raka aldrig moth\u00e5rs.<\/span> <\/li>\n\n\n\n<li class=\"wp-block-vali-theme-shave-guide-tips-list-item\"><span>L\u00e4s v\u00e5ra vanliga fr\u00e5gor &amp; svar f\u00f6r mer info om v\u00e5trakning.<\/span> <\/li>\n\n\n\n<li class=\"wp-block-vali-theme-shave-guide-tips-list-item\"><span>Se din rakningsrutin som en chans att kunna koppla av fr\u00e5n vardagsstressen.<\/span> <\/li>\n<\/ul> <\/div>\n\n\n\n<div class=\"wp-block-vali-theme-how-to-change-blades flex-column gap-m\"> <h3>Hur man byter rakblad<\/h3> <div>\n<figure class=\"wp-block-embed is-type-video is-provider-youtube wp-block-embed-youtube wp-embed-aspect-16-9 wp-has-aspect-ratio\"><div class=\"wp-block-embed__wrapper\">\n<iframe loading=\"lazy\" title=\"Inserting double edge blades into safety razor\" width=\"500\" height=\"281\" src=\"https:\/\/www.youtube.com\/embed\/zi4RdTRUViI?feature=oembed\" frameborder=\"0\" allow=\"accelerometer; autoplay; clipboard-write; encrypted-media; gyroscope; picture-in-picture; web-share\" referrerpolicy=\"strict-origin-when-cross-origin\" allowfullscreen><\/iframe>\n<\/div><\/figure>\n<\/div> <\/div>\n<\/div>\n<\/div>\n<\/div> <\/section>\n","protected":false},"excerpt":{"rendered":"","protected":false},"author":1,"featured_media":0,"parent":4094,"menu_order":0,"comment_status":"closed","ping_status":"closed","template":"","meta":{"inline_featured_image":false,"footnotes":""},"class_list":["post-4359","page","type-page","status-publish","hentry"],"meta_box":[],"_links":{"self":[{"href":"https:\/\/valicompany.com\/sv\/wp-json\/wp\/v2\/pages\/4359","targetHints":{"allow":["GET"]}}],"collection":[{"href":"https:\/\/valicompany.com\/sv\/wp-json\/wp\/v2\/pages"}],"about":[{"href":"https:\/\/valicompany.com\/sv\/wp-json\/wp\/v2\/types\/page"}],"author":[{"embeddable":true,"href":"https:\/\/valicompany.com\/sv\/wp-json\/wp\/v2\/users\/1"}],"replies":[{"embeddable":true,"href":"https:\/\/valicompany.com\/sv\/wp-json\/wp\/v2\/comments?post=4359"}],"version-history":[{"count":12,"href":"https:\/\/valicompany.com\/sv\/wp-json\/wp\/v2\/pages\/4359\/revisions"}],"predecessor-version":[{"id":4644,"href":"https:\/\/valicompany.com\/sv\/wp-json\/wp\/v2\/pages\/4359\/revisions\/4644"}],"up":[{"embeddable":true,"href":"https:\/\/valicompany.com\/sv\/wp-json\/wp\/v2\/pages\/4094"}],"wp:attachment":[{"href":"https:\/\/valicompany.com\/sv\/wp-json\/wp\/v2\/media?parent=4359"}],"curies":[{"name":"wp","href":"https:\/\/api.w.org\/{rel}","templated":true}]}}