{"id":4376,"date":"2022-12-12T13:35:47","date_gmt":"2022-12-12T12:35:47","guid":{"rendered":"https:\/\/valicompany.com\/rakguide\/rakguide-dam\/"},"modified":"2023-07-02T10:49:14","modified_gmt":"2023-07-02T08:49:14","slug":"dam","status":"publish","type":"page","link":"https:\/\/valicompany.com\/sv\/rakguide\/dam\/","title":{"rendered":"Rakguide Dam"},"content":{"rendered":"<section class=\"hero-60 wp-block-vali-theme-hero-faq\">\n    <div class=\"hero-background-faq-test\" style=\"background-image: url(https:\/\/valicompany.com\/wp-content\/uploads\/2022\/12\/shave-guide_women_safety-razor.jpg);background-position:70% 50%;\">\n        <div class=\"hero-60__inner-container\">\n            <div class=\"faq-hero__wrapper-content flex\">\n                <h1>Rakguide Dam<\/h1>\n            <\/div>\n            <p><p>F\u00f6r damers rakning med s\u00e4kerhetshyvel<\/p>\n<\/p>\n                    <\/div>\n    <\/div>\n<\/section>\n<section class=\"wp-block-vali-theme-shave-guide-w-short padding-section-l\"> <div class=\"container\"> <div class=\"columns-2-para\"> <p>Vi rekommenderar att f\u00f6r din f\u00f6rsta rakning att b\u00f6rja med att raka benen. Det \u00e4r lite enklare \u00e4n \u00f6vriga omr\u00e5den eftersom man ser vad man g\u00f6r och ytan man rakar p\u00e5 \u00e4r plan. Teknikerna som vi g\u00e5r igenom h\u00e4r g\u00e5r sedan att applicera \u00e4ven p\u00e5 andra omr\u00e5den som t ex armh\u00e5lor och bikiniomr\u00e5det.<\/p> <p>Ta god tid p\u00e5 dig din f\u00f6rsta rakning, anv\u00e4nd l\u00e4tt men stadig hand, och b\u00f6rja med att raka medh\u00e5rs f\u00f6r minskad hudirritation och utslag efter rakning. Anv\u00e4nd till en b\u00f6rjan korta str\u00e5k och g\u00e5 \u00f6ver till l\u00e4ngre n\u00e4r du k\u00e4nner dig mer bekv\u00e4m med rakhyveln. Vill du ha en n\u00e4rmare rakning kan du prova att raka dig tv\u00e4rs\u00f6ver h\u00e5rv\u00e4xten efter att f\u00f6rst rakat medh\u00e5rs en g\u00e5ng.<\/p> <\/div> <\/div> <\/section>\n\n<section class=\"wp-block-vali-theme-shave-guide-women-step shave-guide-w-section\"> <div class=\"container\"> <div class=\"flex gap-m margin-bottom-m shave-guide-w-container\"> <div><span>Steg 1, F\u00f6rberedelse<\/span> <h2>Fukta och reng\u00f6r<\/h2> <\/div> <div> <p>Det allra b\u00e4sta och enklaste s\u00e4ttet att f\u00f6rbereda sig inf\u00f6r rakningen \u00e4r en dusch. Det varma vattnet och \u00e5ngan \u00f6ppnar upp dina porer och mjukar upp h\u00e5rstr\u00e5na.<br><br>Passa d\u00e5 ocks\u00e5 p\u00e5 att reng\u00f6ra huden lite extra med v\u00e5r loofah, den exfolierar huden genom att ta bort d\u00f6da hudceller. Resultatet \u00e4r en mjukare, n\u00e4rmare och irritationsfri rakning.<\/p> <\/div> <\/div> <img loading=\"lazy\" decoding=\"async\" width=\"1130\" height=\"636\" src=\"https:\/\/valicompany.com\/wp-content\/uploads\/2022\/12\/shave-guide_women_loofah.jpg\" alt=\"kvinna reng\u00f6r ben med loofah svamp\" class=\"wp-image-224\" srcset=\"https:\/\/valicompany.com\/wp-content\/uploads\/2022\/12\/shave-guide_women_loofah.jpg 1130w, https:\/\/valicompany.com\/wp-content\/uploads\/2022\/12\/shave-guide_women_loofah-600x338.jpg 600w, https:\/\/valicompany.com\/wp-content\/uploads\/2022\/12\/shave-guide_women_loofah-500x281.jpg 500w, https:\/\/valicompany.com\/wp-content\/uploads\/2022\/12\/shave-guide_women_loofah-1024x576.jpg 1024w, https:\/\/valicompany.com\/wp-content\/uploads\/2022\/12\/shave-guide_women_loofah-768x432.jpg 768w, https:\/\/valicompany.com\/wp-content\/uploads\/2022\/12\/shave-guide_women_loofah-300x169.jpg 300w\" sizes=\"auto, (max-width: 1130px) 100vw, 1130px\" \/> <\/div> <\/section>\n\n<section class=\"wp-block-vali-theme-shave-guide-w-embed shave-guide-w-section\"> <div class=\"container\"> <div class=\"flex gap-m margin-bottom-m shave-guide-w-container\"> <div> <span>Steg 2, F\u00f6rbereda S\u00e4kerhetshyveln<\/span> <h2>Fr\u00e4scha rakblad<\/h2> <\/div> <div> <p>S\u00e4tt i dubbelrakbladen i s\u00e4kerhetshyveln som nedan. Sp\u00e4nn \u00e5t tills den sitter fast och \u00e4r lite b\u00f6jd. Anv\u00e4nd inte rakbladen mer \u00e4n 3-5 g\u00e5nger. Efter det b\u00f6rjar de dra och riva.<\/p> <\/div> <\/div> <div>\n<figure class=\"wp-block-embed is-type-video is-provider-youtube wp-block-embed-youtube wp-embed-aspect-16-9 wp-has-aspect-ratio\"><div class=\"wp-block-embed__wrapper\">\n<iframe loading=\"lazy\" title=\"Changing double edge razor blades Vali &#039;Freya&#039; Safety Razor\" width=\"500\" height=\"281\" src=\"https:\/\/www.youtube.com\/embed\/MjITP43xueM?feature=oembed\" frameborder=\"0\" allow=\"accelerometer; autoplay; clipboard-write; encrypted-media; gyroscope; picture-in-picture; web-share\" referrerpolicy=\"strict-origin-when-cross-origin\" allowfullscreen><\/iframe>\n<\/div><\/figure>\n<\/div> <\/div> <\/section>\n\n<section class=\"wp-block-vali-theme-shave-guide-women-step shave-guide-w-section\"> <div class=\"container\"> <div class=\"flex gap-m margin-bottom-m shave-guide-w-container\"> <div><span>Steg 3, Rakl\u00f6dder<\/span> <h2>Skydda och Sm\u00f6rja<\/h2> <\/div> <div> <p>Applicera din favoritgel eller rakolja, f\u00f6rs\u00f6k att undvika vanlig tv\u00e5l. Vanlig tv\u00e5l r\u00e4cker inte f\u00f6r ett skyddande och sm\u00f6rjande lager av rakl\u00f6dder. Vanlig tv\u00e5l kan dessutom torka ut och irritera huden vid rakning.<\/p> <\/div> <\/div> <img loading=\"lazy\" decoding=\"async\" width=\"1130\" height=\"636\" src=\"https:\/\/valicompany.com\/wp-content\/uploads\/2022\/12\/shave-guide_women_lather_legs.jpg\" alt=\"dam som l\u00f6ddrar ben\" class=\"wp-image-217\" srcset=\"https:\/\/valicompany.com\/wp-content\/uploads\/2022\/12\/shave-guide_women_lather_legs.jpg 1130w, https:\/\/valicompany.com\/wp-content\/uploads\/2022\/12\/shave-guide_women_lather_legs-600x338.jpg 600w, https:\/\/valicompany.com\/wp-content\/uploads\/2022\/12\/shave-guide_women_lather_legs-500x281.jpg 500w, https:\/\/valicompany.com\/wp-content\/uploads\/2022\/12\/shave-guide_women_lather_legs-1024x576.jpg 1024w, https:\/\/valicompany.com\/wp-content\/uploads\/2022\/12\/shave-guide_women_lather_legs-768x432.jpg 768w, https:\/\/valicompany.com\/wp-content\/uploads\/2022\/12\/shave-guide_women_lather_legs-300x169.jpg 300w\" sizes=\"auto, (max-width: 1130px) 100vw, 1130px\" \/> <\/div> <\/section>\n\n<section class=\"wp-block-vali-theme-shave-guide-women-step shave-guide-w-section\"> <div class=\"container\"> <div class=\"flex gap-m margin-bottom-m shave-guide-w-container\"> <div><span>Steg 4, Anv\u00e4nda S\u00e4kerhetshyveln<\/span> <h2>L\u00e4tt och stadig hand<\/h2> <\/div> <div> <p>Vinkla hyveln mot huden till ungef\u00e4r en 30-40 graders vinkel, tills du k\u00e4nner att rakbladet tr\u00e4ffar huden. Arbeta sedan d\u00e4refter med l\u00e4tt hand och undvik att trycka mot huden. Anv\u00e4nda korta str\u00e5k tills du k\u00e4nner dig bekv\u00e4m med rakhyveln, d\u00e4refter kan du b\u00f6rja med l\u00e4ngre str\u00e5k.<\/p> <\/div> <\/div> <img loading=\"lazy\" decoding=\"async\" width=\"1130\" height=\"636\" src=\"https:\/\/valicompany.com\/wp-content\/uploads\/2022\/12\/shave-guide_women_safety-razor_technique_legs.jpg\" alt=\"dam som rakar benen med s\u00e4kerhetsrakhyvel\" class=\"wp-image-221\" srcset=\"https:\/\/valicompany.com\/wp-content\/uploads\/2022\/12\/shave-guide_women_safety-razor_technique_legs.jpg 1130w, https:\/\/valicompany.com\/wp-content\/uploads\/2022\/12\/shave-guide_women_safety-razor_technique_legs-600x338.jpg 600w, https:\/\/valicompany.com\/wp-content\/uploads\/2022\/12\/shave-guide_women_safety-razor_technique_legs-500x281.jpg 500w, https:\/\/valicompany.com\/wp-content\/uploads\/2022\/12\/shave-guide_women_safety-razor_technique_legs-1024x576.jpg 1024w, https:\/\/valicompany.com\/wp-content\/uploads\/2022\/12\/shave-guide_women_safety-razor_technique_legs-768x432.jpg 768w, https:\/\/valicompany.com\/wp-content\/uploads\/2022\/12\/shave-guide_women_safety-razor_technique_legs-300x169.jpg 300w\" sizes=\"auto, (max-width: 1130px) 100vw, 1130px\" \/> <\/div> <\/section>\n\n<section class=\"wp-block-vali-theme-shave-guide-women-step shave-guide-w-section\"> <div class=\"container\"> <div class=\"flex gap-m margin-bottom-m shave-guide-w-container\"> <div><span>Steg 5, Avsluta<\/span> <h2>\u00c5terfukta och Reparera<\/h2> <\/div> <div> <p>N\u00e4r du \u00e4r n\u00f6jd sk\u00f6ljer du med kallt vatten f\u00f6r att st\u00e4nga porerna och f\u00f6rsiktigt klappar dig torr med en handduk. \u00c5terfukta sedan med v\u00e5r aftershave balm.<\/p> <\/div> <\/div> <img loading=\"lazy\" decoding=\"async\" width=\"1130\" height=\"636\" src=\"https:\/\/valicompany.com\/wp-content\/uploads\/2022\/12\/shave-guide_women_aftershave.jpg\" alt=\"dam som applicerar aftershave lotion efter rakning\" class=\"wp-image-222\" srcset=\"https:\/\/valicompany.com\/wp-content\/uploads\/2022\/12\/shave-guide_women_aftershave.jpg 1130w, https:\/\/valicompany.com\/wp-content\/uploads\/2022\/12\/shave-guide_women_aftershave-600x338.jpg 600w, https:\/\/valicompany.com\/wp-content\/uploads\/2022\/12\/shave-guide_women_aftershave-500x281.jpg 500w, https:\/\/valicompany.com\/wp-content\/uploads\/2022\/12\/shave-guide_women_aftershave-1024x576.jpg 1024w, https:\/\/valicompany.com\/wp-content\/uploads\/2022\/12\/shave-guide_women_aftershave-768x432.jpg 768w, https:\/\/valicompany.com\/wp-content\/uploads\/2022\/12\/shave-guide_women_aftershave-300x169.jpg 300w\" sizes=\"auto, (max-width: 1130px) 100vw, 1130px\" \/> <\/div> <\/section>\n","protected":false},"excerpt":{"rendered":"<p>F\u00f6r damers rakning med s\u00e4kerhetshyvel<\/p>\n","protected":false},"author":1,"featured_media":0,"parent":4094,"menu_order":1,"comment_status":"closed","ping_status":"closed","template":"","meta":{"inline_featured_image":false,"footnotes":""},"class_list":["post-4376","page","type-page","status-publish","hentry"],"meta_box":[],"_links":{"self":[{"href":"https:\/\/valicompany.com\/sv\/wp-json\/wp\/v2\/pages\/4376","targetHints":{"allow":["GET"]}}],"collection":[{"href":"https:\/\/valicompany.com\/sv\/wp-json\/wp\/v2\/pages"}],"about":[{"href":"https:\/\/valicompany.com\/sv\/wp-json\/wp\/v2\/types\/page"}],"author":[{"embeddable":true,"href":"https:\/\/valicompany.com\/sv\/wp-json\/wp\/v2\/users\/1"}],"replies":[{"embeddable":true,"href":"https:\/\/valicompany.com\/sv\/wp-json\/wp\/v2\/comments?post=4376"}],"version-history":[{"count":8,"href":"https:\/\/valicompany.com\/sv\/wp-json\/wp\/v2\/pages\/4376\/revisions"}],"predecessor-version":[{"id":4734,"href":"https:\/\/valicompany.com\/sv\/wp-json\/wp\/v2\/pages\/4376\/revisions\/4734"}],"up":[{"embeddable":true,"href":"https:\/\/valicompany.com\/sv\/wp-json\/wp\/v2\/pages\/4094"}],"wp:attachment":[{"href":"https:\/\/valicompany.com\/sv\/wp-json\/wp\/v2\/media?parent=4376"}],"curies":[{"name":"wp","href":"https:\/\/api.w.org\/{rel}","templated":true}]}}