{"id":4409,"date":"2023-04-20T09:21:44","date_gmt":"2023-04-20T07:21:44","guid":{"rendered":"https:\/\/valicompany.com\/vali-landing\/"},"modified":"2023-04-24T14:35:15","modified_gmt":"2023-04-24T12:35:15","slug":"vali-landing","status":"publish","type":"page","link":"https:\/\/valicompany.com\/sv\/vali-landing\/","title":{"rendered":"Vali landing"},"content":{"rendered":"<section style=\"position: relative;\" class=\"wp-block-vali-theme-razor-highlights-landing\">\n    <div class=\"container\">\n        <div class=\"razor-tooltip-container\">\n            <h1 id=\"headline-54-2552\" class=\"ct-headline\">S\u00e4g adj\u00f6 till hudirritation och rakfinnar<\/h1>\n            <p>Uppt\u00e4ck den enkla principen bakom v\u00e5r rakhyvel som revolutionerar din rakrutin. Med bara ett vasst rakblad glider v\u00e5r rakhyvel s\u00f6ml\u00f6st l\u00e4ngs hudens yta och sk\u00e4r j\u00e4mnt utan att dra eller riva. Omfamna en rakupplevelse fri fr\u00e5n kliande rakfinnar och hudirritation. S\u00e4g hej till en ny niv\u00e5 av komfort och trygghet f\u00f6r din rakningsrutin.<\/p>\n            <div id=\"vali-razor-container\" class=\"scale-in-ver-bottom\">\n                <div id=\"first-tooltip\" class=\"tooltip\">\n                    <svg width=\"800px\" height=\"800px\" viewBox=\"0 0 24 24\" xmlns=\"http:\/\/www.w3.org\/2000\/svg\" class=\"tooltip_icon\"> \n                        <title\/> \n                        <g id=\"Complete\"> \n                            <g id=\"add-square\"> \n                                <g> \n                                    <rect data-name=\"--Rectangle\" fill=\"none\" height=\"20\" id=\"_--Rectangle\" rx=\"2\" ry=\"2\" stroke-linecap=\"round\" stroke-linejoin=\"round\" stroke-width=\"2\" width=\"20\" x=\"2\" y=\"2\"\/> \n                                    <line fill=\"none\" stroke-linecap=\"round\" stroke-linejoin=\"round\" stroke-width=\"2\" x1=\"15.5\" x2=\"8.5\" y1=\"12\" y2=\"12\"\/> \n                                    <line fill=\"none\" stroke-linecap=\"round\" stroke-linejoin=\"round\" stroke-width=\"2\" x1=\"12\" x2=\"12\" y1=\"15.5\" y2=\"8.5\"\/> \n                                <\/g>                                 \n                            <\/g>                             \n                        <\/g>                         \n                    <\/svg>\n                    <div class=\"info\">\n                        <h3 id=\"headline-11-2552\" class=\"ct-headline tooltip_h4\">Minskad irritation<\/h3>\n                        <div id=\"text_block-12-2552\" class=\"ct-text-block tooltip_text\">\n                            Med ett rakblad sker rakningen i niv\u00e5 med huden. Utan drag, riv och irritation.                        <\/div>\n                        <div id=\"tooltip-arrow\" class=\"ct-div-block arrow\"><\/div>\n                    <\/div>\n                <\/div>\n                <div id=\"second-tooltip\" class=\"tooltip\">\n                    <svg width=\"800px\" height=\"800px\" viewBox=\"0 0 24 24\" xmlns=\"http:\/\/www.w3.org\/2000\/svg\" class=\"tooltip_icon\"> \n                        <title\/> \n                        <g id=\"Complete\"> \n                            <g id=\"add-square\"> \n                                <g> \n                                    <rect data-name=\"--Rectangle\" fill=\"none\" height=\"20\" id=\"_--Rectangle\" rx=\"2\" ry=\"2\" stroke-linecap=\"round\" stroke-linejoin=\"round\" stroke-width=\"2\" width=\"20\" x=\"2\" y=\"2\"\/> \n                                    <line fill=\"none\" stroke-linecap=\"round\" stroke-linejoin=\"round\" stroke-width=\"2\" x1=\"15.5\" x2=\"8.5\" y1=\"12\" y2=\"12\"\/> \n                                    <line fill=\"none\" stroke-linecap=\"round\" stroke-linejoin=\"round\" stroke-width=\"2\" x1=\"12\" x2=\"12\" y1=\"15.5\" y2=\"8.5\"\/> \n                                <\/g>                                 \n                            <\/g>                             \n                        <\/g>                         \n                    <\/svg>\n                    <div class=\"info\">\n                        <h3 id=\"headline-43-2552\" class=\"ct-headline tooltip_h4\">Eco-V\u00e4nlig<\/h3>\n                        <div id=\"text_block-44-2552\" class=\"ct-text-block tooltip_text\">\n                            80 gram totalvikt ger friktionsfria str\u00e5k tack vare plastfria material.                        <\/div>\n                        <div id=\"div_block-45-2552\" class=\"ct-div-block arrow\"><\/div>\n                    <\/div>\n                <\/div>\n                <div id=\"third-tooltip\" class=\"tooltip\">\n                    <svg width=\"800px\" height=\"800px\" viewBox=\"0 0 24 24\" xmlns=\"http:\/\/www.w3.org\/2000\/svg\" class=\"tooltip_icon\"> \n                        <title\/> \n                        <g id=\"Complete\"> \n                            <g id=\"add-square\"> \n                                <g> \n                                    <rect data-name=\"--Rectangle\" fill=\"none\" height=\"20\" id=\"_--Rectangle\" rx=\"2\" ry=\"2\" stroke-linecap=\"round\" stroke-linejoin=\"round\" stroke-width=\"2\" width=\"20\" x=\"2\" y=\"2\"\/> \n                                    <line fill=\"none\" stroke-linecap=\"round\" stroke-linejoin=\"round\" stroke-width=\"2\" x1=\"15.5\" x2=\"8.5\" y1=\"12\" y2=\"12\"\/> \n                                    <line fill=\"none\" stroke-linecap=\"round\" stroke-linejoin=\"round\" stroke-width=\"2\" x1=\"12\" x2=\"12\" y1=\"15.5\" y2=\"8.5\"\/> \n                                <\/g>                                 \n                            <\/g>                             \n                        <\/g>                         \n                    <\/svg>\n                    <div class=\"info\">\n                        <h3 id=\"headline-27-2552\" class=\"ct-headline tooltip_h4\">Tidl\u00f6s<\/h3>\n                        <div id=\"text_block-28-2552\" class=\"ct-text-block tooltip_text\">\n                            V\u00e4lbalanserad och formad f\u00f6r ett ge ett bra grepp och enklare man\u00f6vrering.                        <\/div>\n                        <div id=\"div_block-29-2552\" class=\"ct-div-block arrow\"><\/div>\n                    <\/div>\n                <\/div>\n            <\/div><a href=\"https:\/\/valicompany.com\/safety-razor\/\" class=\"main-cta-link\">Handla nu<\/a>\n        <\/div>\n        <div class=\"custom-shape-divider-bottom-1681641997\"> \n            <svg data-name=\"Layer 1\" xmlns=\"http:\/\/www.w3.org\/2000\/svg\" viewBox=\"0 0 1200 120\" preserveAspectRatio=\"none\"> \n                <path d=\"M741,116.23C291,117.43,0,27.57,0,6V120H1200V6C1200,27.93,1186.4,119.83,741,116.23Z\" class=\"shape-fill\"><\/path>                 \n            <\/svg>             \n        <\/div>\n    <\/div>\n<\/section>\n\n<section style=\"position: relative;\" class=\"wp-block-vali-theme-video-cut-landing\">\n    <div class=\"container\">\n        <div class=\"video-landing-container\">\n            <div class=\"gap-m video-landing-wrapper\">\n                <div>\n                    <div style=\"max-width: 34rem;\">\n                        <h1 class=\"margin-bottom-s\">Mera Rakblad = Mera Problem<\/h1>\n                        <p>Till skillnad mot multibladsrakhyvlar sk\u00e4r v\u00e5r rakhyvel j\u00e4mnt l\u00e4ngs hudens niv\u00e5 utan drag och riv. H\u00e5rstr\u00e5na f\u00e5r chans att v\u00e4xa ut normalt igen utan att fastna inuti huden, och du slipper hudirritation och kliande rakfinnar.<\/p>\n                    <\/div>\n                <\/div>\n                <div>\n                    <video src=\"https:\/\/valicompany.com\/wp-content\/themes\/valitheme\/media\/images\/landing-page\/3d_animation_razor_cutting.mp4\" poster=\"https:\/\/valicompany.com\/wp-content\/themes\/valitheme\/media\/images\/landing-page\/poster_3d_razor_cutting.jpg\" preload=\"metadata\" controls autoplay=\"true\" loop=\"true\" muted=\"true\" class=\"html5video\">\n                        Your browser doesn&#8217;t support HTML5 video tag.                    <\/video>\n                <\/div>\n            <\/div>\n        <\/div>\n        <div class=\"custom-shape-divider-bottom-1681642616\"> \n            <svg data-name=\"Layer 1\" xmlns=\"http:\/\/www.w3.org\/2000\/svg\" viewBox=\"0 0 1200 120\" preserveAspectRatio=\"none\"> \n                <path d=\"M741,116.23C291,117.43,0,27.57,0,6V120H1200V6C1200,27.93,1186.4,119.83,741,116.23Z\" class=\"shape-fill\"><\/path>                 \n            <\/svg>             \n        <\/div>\n    <\/div>\n<\/section>\n\n<section style=\"background-color: var(--darker);\" class=\"wp-block-vali-theme-landing-gif-animation\">\n    <div class=\"container\">\n        <div class=\"gap-m gif-landing-wrapper\">\n            <div>\n                <img decoding=\"async\" src=\"https:\/\/valicompany.com\/wp-content\/themes\/valitheme\/media\/images\/landing-page\/mayk_rakning_animation.gif\" alt=\"short animation of man shaving effortlessly with safety razor\" width=\"400\" height=\"400\" loading=\"lazy\">\n            <\/div>\n            <div>\n                <div>\n                    <h1 class=\"margin-bottom-s\">Ett Rakblad \u00c4r Allt Du Beh\u00f6ver<\/h1>\n                    <p class=\"margin-bottom-s\">Misstr\u00f6sta ej om du har grov sk\u00e4ggv\u00e4xt, vali s\u00e4kerhetshyvel sk\u00e4r enkelt av \u00e4ven de gr\u00f6vsta av sk\u00e4gg.<\/p>\n                    <a href=\"https:\/\/valicompany.com\/safety-razor\/\" class=\"main-cta-link\">Handla nu<\/a>\n                <\/div>\n            <\/div>\n        <\/div>\n    <\/div>\n<\/section>\n\n<section class=\"wp-block-vali-theme-shave-set-landing\">\n    <div class=\"container\">\n        <div class=\"shave-set-landing-wrapper\">\n            <div>\n                <div>\n                    <h1>Sn\u00e4ll mot milj\u00f6, hud och pl\u00e5nbok<\/h1>\n                    <p>Med rakblad som kan \u00e5tervinnas, och prisv\u00e4rda tillbeh\u00f6r f\u00e5r du allt du beh\u00f6ver i v\u00e4gen mot den perfekta rakningen.<\/p><a href=\"https:\/\/valicompany.com\/shaving-set\/\" class=\"main-cta-link\">Se Rakpaket<\/a>\n                <\/div>\n            <\/div>\n            <div>\n                <img decoding=\"async\" src=\"https:\/\/valicompany.com\/wp-content\/themes\/valitheme\/media\/images\/landing-page\/shave_set.jpg\"\/>\n            <\/div>\n        <\/div>\n    <\/div>\n<\/section>\n\n<section style=\"background-color: var(--darker);\" class=\"wp-block-vali-theme-testimonial-landing\">\n    <div class=\"container\">\n        <div class=\"shaving-irritation-wrapper\">\n            <div>\n                <img decoding=\"async\" src=\"https:\/\/valicompany.com\/wp-content\/themes\/valitheme\/media\/images\/landing-page\/illustration_shaving_skin-irritation.jpg\" loading=\"lazy\" alt=\"illustration of skin irritation caused by multi-blade razor\" width=\"760\" height=\"500\"\/>\n            <\/div>\n            <div>\n                <div>\n                    <h1>4 av 5 rapporterar minskad irritation och rakfinnar efter rakning<\/h1>\n                    <p>&#8220;Att anv\u00e4nda Valis s\u00e4kerhetshyvel har varit en stor f\u00f6r\u00e4ndring f\u00f6r mig. Ingen mer irritation och inga fler dyra rakhyvlar med kassetter. Jag rekommenderar den varmt till alla som letar efter en f\u00f6rstklassig rakupplevelse&#8221;<\/p>\n                    <div>\n                        <svg xmlns=\"http:\/\/www.w3.org\/2000\/svg\" width=\"20\" height=\"20\" viewBox=\"0 0 512 512\" fill=\"currentColor\">\n                            <path d=\"M256 362.812l-139.517 85.216 37.932-159.022L30.257 182.652l162.96-13.064L256 18.64l62.782 150.947 162.96 13.064-124.158 106.355 37.932 159.022z\"\/>\n                        <\/svg>\n                        <svg xmlns=\"http:\/\/www.w3.org\/2000\/svg\" width=\"20\" height=\"20\" viewBox=\"0 0 512 512\" fill=\"currentColor\">\n                            <path d=\"M256 362.812l-139.517 85.216 37.932-159.022L30.257 182.652l162.96-13.064L256 18.64l62.782 150.947 162.96 13.064-124.158 106.355 37.932 159.022z\"\/>\n                        <\/svg>\n                        <svg xmlns=\"http:\/\/www.w3.org\/2000\/svg\" width=\"20\" height=\"20\" viewBox=\"0 0 512 512\" fill=\"currentColor\">\n                            <path d=\"M256 362.812l-139.517 85.216 37.932-159.022L30.257 182.652l162.96-13.064L256 18.64l62.782 150.947 162.96 13.064-124.158 106.355 37.932 159.022z\"\/>\n                        <\/svg>\n                        <svg xmlns=\"http:\/\/www.w3.org\/2000\/svg\" width=\"20\" height=\"20\" viewBox=\"0 0 512 512\" fill=\"currentColor\">\n                            <path d=\"M256 362.812l-139.517 85.216 37.932-159.022L30.257 182.652l162.96-13.064L256 18.64l62.782 150.947 162.96 13.064-124.158 106.355 37.932 159.022z\"\/>\n                        <\/svg>\n                        <svg xmlns=\"http:\/\/www.w3.org\/2000\/svg\" width=\"20\" height=\"20\" viewBox=\"0 0 512 512\" fill=\"currentColor\">\n                            <path d=\"M256 362.812l-139.517 85.216 37.932-159.022L30.257 182.652l162.96-13.064L256 18.64l62.782 150.947 162.96 13.064-124.158 106.355 37.932 159.022z\"\/>\n                        <\/svg>\n                    <\/div>\n                <\/div>\n            <\/div>\n        <\/div>\n    <\/div>\n<\/section>\n\n<section class=\"wp-block-vali-theme-greetings-landing\">\n    <div class=\"container\">\n        <div class=\"hello-founders-wrapper\">\n            <img decoding=\"async\" src=\"https:\/\/valicompany.com\/wp-content\/themes\/valitheme\/media\/images\/landing-page\/hello_founders_vali.gif\" alt=\"illustration greetings from founders waving hello\" width=\"600\" height=\"600\" loading=\"lazy\"\/>\n            <div>\n                <h1>G\u00e5 med i v\u00e5r raknings-revolution<\/h1>\n                <p>Tr\u00f6tta p\u00e5 d\u00e5liga rakningar och hudirritation, speciellt som m\u00e4n med den olyckliga kombinationen av grov sk\u00e4ggv\u00e4xt och k\u00e4nslig hud startade vi Vali &#038; Co. med en enkel utg\u00e5ngspunkt: Alla f\u00f6rtj\u00e4nar en bra kvalitetsrakning. Vi \u00e4r glada att du \u00e4r h\u00e4r och kan inte v\u00e4nta p\u00e5 att h\u00f6ra vad du tycker.<\/p><a href=\"https:\/\/valicompany.com\/products\/\" class=\"main-cta-link\">Se produkter<\/a>\n            <\/div>\n        <\/div>\n    <\/div>\n<\/section>\n\n<section style=\"background-image: url(&#039;https:\/\/valicompany.com\/wp-content\/themes\/valitheme\/media\/images\/landing-page\/bg_forest_winter.jpg&#039;); background-size: cover;\" class=\"wp-block-vali-theme-eco-shaving-landing\">\n    <div class=\"container\">\n        <div class=\"eko-shave-landing-wrapper\">\n            <h1>Eko-Rakning<\/h1>\n            <p>Eko-v\u00e4nlig rakning, de enda typ av rakblad som kan \u00e5tervinnas till 100%.<\/p><a href=\"https:\/\/valicompany.com\/safety-razor\/\" class=\"landing-cta-off\"><div>\n                    <div class=\"flex\"><span>L\u00e4s mer<\/span>\n                    <\/div>\n                <\/div><\/a>\n        <\/div>\n    <\/div>\n<\/section>","protected":false},"excerpt":{"rendered":"","protected":false},"author":1,"featured_media":0,"parent":0,"menu_order":0,"comment_status":"closed","ping_status":"closed","template":"","meta":{"inline_featured_image":false,"footnotes":""},"class_list":["post-4409","page","type-page","status-publish","hentry"],"meta_box":[],"_links":{"self":[{"href":"https:\/\/valicompany.com\/sv\/wp-json\/wp\/v2\/pages\/4409","targetHints":{"allow":["GET"]}}],"collection":[{"href":"https:\/\/valicompany.com\/sv\/wp-json\/wp\/v2\/pages"}],"about":[{"href":"https:\/\/valicompany.com\/sv\/wp-json\/wp\/v2\/types\/page"}],"author":[{"embeddable":true,"href":"https:\/\/valicompany.com\/sv\/wp-json\/wp\/v2\/users\/1"}],"replies":[{"embeddable":true,"href":"https:\/\/valicompany.com\/sv\/wp-json\/wp\/v2\/comments?post=4409"}],"version-history":[{"count":3,"href":"https:\/\/valicompany.com\/sv\/wp-json\/wp\/v2\/pages\/4409\/revisions"}],"predecessor-version":[{"id":4412,"href":"https:\/\/valicompany.com\/sv\/wp-json\/wp\/v2\/pages\/4409\/revisions\/4412"}],"wp:attachment":[{"href":"https:\/\/valicompany.com\/sv\/wp-json\/wp\/v2\/media?parent=4409"}],"curies":[{"name":"wp","href":"https:\/\/api.w.org\/{rel}","templated":true}]}}