{"id":4826,"date":"2022-12-20T08:59:02","date_gmt":"2022-12-20T07:59:02","guid":{"rendered":"https:\/\/valicompany.com\/rakfinnar\/"},"modified":"2023-10-01T15:02:55","modified_gmt":"2023-10-01T13:02:55","slug":"rakfinnar","status":"publish","type":"page","link":"https:\/\/valicompany.com\/sv\/rakfinnar\/","title":{"rendered":"Rakfinnar"},"content":{"rendered":"<section class=\"breadcrumb-section wp-block-vali-theme-breadcrumbs-posts\">\n    <div class=\"container\">\n        <nav class=\"breadcrumbs-posts-nav\" aria-label=\"breadcrumbs\">\n                                        <ul class=\"breadcrumbs-posts-ul\">\n                                        <li class=\"first-crumb\">\n                        <a href=\"https:\/\/valicompany.com\/sv\/\" class=\"first-crumb-link\">Home<\/a>\n                    <\/li>\n                                                            <li class=\"third-crumb\"><span href=\"\" aria-current=\"page\">Home<\/span>\n                    <\/li>\n                <\/ul>\n                    <\/nav>\n    <\/div>\n<\/section>\n\n\n<section class=\"wp-block-vali-theme-section-embed-youtube padding-section-xs youtube-hero\"> <div class=\"container\"> <div>\n<figure class=\"wp-block-embed is-type-video is-provider-youtube wp-block-embed-youtube wp-embed-aspect-16-9 wp-has-aspect-ratio\"><div class=\"wp-block-embed__wrapper\">\n<iframe loading=\"lazy\" title=\"4 tips to avoid razor bumps after shaving\" width=\"500\" height=\"281\" src=\"https:\/\/www.youtube.com\/embed\/pk-hnst4Z64?feature=oembed\" frameborder=\"0\" allow=\"accelerometer; autoplay; clipboard-write; encrypted-media; gyroscope; picture-in-picture; web-share\" referrerpolicy=\"strict-origin-when-cross-origin\" allowfullscreen><\/iframe>\n<\/div><\/figure>\n<\/div> <\/div> <\/section>\n\n\n\n<section class=\"wp-block-vali-theme-razor-bumps-main-section padding-bottom-0\"> <div class=\"container-medium\"> <div class=\"razor-bumps-col-wrapper\"> <h1 class=\"margin-bottom-m\">Rakfinnar<\/h1> <p>Pseudofolliculitis barbae, i vardaglig mun kallad f\u00f6r \u201drakfinnar\u201d eller \u201din\u00e5tv\u00e4xande h\u00e5rstr\u00e5n\u201d \u00e4r de sm\u00e5, ofta r\u00f6da prickarna som uppst\u00e5r efter rakning. Anledningen till det r\u00f6da \u00e4r att huden reagerar mot in\u00e5tv\u00e4xande h\u00e5rstr\u00e5n som en inflammation i huden. De klias och kan upplevas som allm\u00e4nt irriterande, ungef\u00e4r som ett myggbett. Men med bra rakteknik och r\u00e4tt produkter kan man undvika rakfinnar. <br><br>Vi har skrivit ihop \u00e5tta enkla tips f\u00f6r att f\u00f6rebygga rakfinnar.<\/p> <\/div> <\/div> <\/section>\n\n\n\n<section class=\"wp-block-vali-theme-section-empty-medium\"> <div class=\"container-medium\">\n<div class=\"wp-block-vali-theme-razor-bumps-2-columns column-tablet flex flex-double-column-wrapper gap-m margin-bottom-l\"> <div class=\"flex-column gap-s\"> <h2>1. Multibladsrakhyvlar rakar innanf\u00f6r huden.<\/h2> <p>Multibladshyvlar \u00e4r designade f\u00f6r att kunna \u201dlyfta\u201d upp h\u00e5rstr\u00e5et innan det sk\u00e4rs av. Det leder till att h\u00e5rstr\u00e5et sk\u00e4rs av under huden. N\u00e4r h\u00e5ret sedan v\u00e4xer tillbaka fastnar det under huden, vilket leder till en rakfinne. Och desto fler rakblad din rakhyvel har, desto mer f\u00f6rv\u00e4rras detta. H\u00e5ret m\u00e5ste sk\u00e4ras j\u00e4mnt med huden f\u00f6r att undvika att det h\u00e4nder. V\u00e5r s\u00e4kerhetshyvel, med endast ett rakblad sk\u00e4r i j\u00e4mn niv\u00e5 med huden.<\/p> <\/div> <div>\n\n<figure class=\"wp-block-video\"><video height=\"1076\" style=\"aspect-ratio: 1076 \/ 1076;\" width=\"1076\" controls=\"\" src=\"https:\/\/valicompany.com\/wp-content\/uploads\/2022\/12\/razor-bumps_video.mp4\"><\/video><\/figure>\n\n<\/div> <\/div>\n\n\n\n<div class=\"wp-block-vali-theme-razor-bumps-guide-step flex-column gap-s margin-bottom-l\"> <h2>2. Grov h\u00e5rv\u00e4xt fastnar l\u00e4ttare.<\/h2> <p>Grova h\u00e5rstr\u00e5n fastnar l\u00e4ttare mellan bladen i en multibladshyvel. Det g\u00f6r att h\u00e5ret till slut dras ut fr\u00e5n huden som orsakar irritation och in\u00e5tv\u00e4xande h\u00e5rstr\u00e5n. Anv\u00e4nder du en vass s\u00e4kerhetshyvel med endast ett rakblad undviks detta.<\/p> <\/div>\n\n\n\n<div class=\"wp-block-vali-theme-razor-bumps-guide-step flex-column gap-s margin-bottom-l\"> <h2>3. Applicerar f\u00f6r h\u00e5rt tryck.<\/h2> <p>Multibladsrakhyvlar tillverkas ofta i plast vilket g\u00f6r dem v\u00e4ldigt l\u00e4tta i vikt. D\u00e4rf\u00f6r m\u00e5ste man applicera on\u00f6digt tryck mot huden vid rakning. Ofta upplever anv\u00e4ndare av multibladsrakhyvlar detta som att rakhyveln river av h\u00e5ret ist\u00e4llet f\u00f6r att sk\u00e4ra av det. Vali s\u00e4kerhetshyvel tillverkas i st\u00e5l och har en komfortabel vikt som g\u00f6r att man bara beh\u00f6ver applicera ett minimalt tryck och ist\u00e4llet l\u00e5ta rakhyveln \u201dg\u00f6ra jobbet\u201d.<\/p> <\/div>\n\n\n\n<div class=\"wp-block-vali-theme-razor-bumps-guide-step flex-column gap-s margin-bottom-l\"> <h2>4. Anv\u00e4nder samma rakblad f\u00f6r l\u00e4nge.<\/h2> <p>Vi rekommenderar att man inte anv\u00e4nder samma rakblad mer \u00e4n 3-5 g\u00e5nger. Efter detta f\u00f6rlorar de sk\u00e4rpa och b\u00f6rjar ist\u00e4llet slita och riva, ist\u00e4llet f\u00f6r att sk\u00e4ra av rent. En \u201drefill\u201d till multibladssystem kan kosta s\u00e5 mycket som 45:- per rakblad. P\u00e5 grund av det h\u00f6ga priset v\u00e4ljer m\u00e5nga att v\u00e4nta betydligt l\u00e4ngre med att byta till ett fr\u00e4schare rakblad. J\u00e4mf\u00f6relsevis kostar Vali rakblad i handeln ca 4,9:- per rakblad. N\u00e4stan 90% billigare \u00e4n ett vanligt multiblad! Det l\u00e5ter dig byta rakblad mycket oftare. B\u00e4ttre b\u00e5de f\u00f6r din hud och pl\u00e5nbok eftersom v\u00e5ra rakblad kan \u00e5tervinnas.<\/p> <\/div>\n\n\n\n<div class=\"wp-block-vali-theme-razor-bumps-guide-step flex-column gap-s margin-bottom-l\"> <h2>5. Elektriska raktrimmers.<\/h2> <p>\u00c4ven elektriska rakapparater kan orsaka hudirritationer och svullnad. Plus att det \u00e4r n\u00e4stan om\u00f6jligt att f\u00e5 en n\u00e4ra rakning med raktrimmers eftersom huden inte fuktas och mjukas upp innan rakningen. T\u00e4nk ocks\u00e5 p\u00e5 att bladen m\u00e5ste reng\u00f6ras noggrant efter varje rakning s\u00e5 att inte bakterier samlas som kan infektera huden.<\/p> <\/div>\n\n\n\n<div class=\"wp-block-vali-theme-razor-bumps-guide-step flex-column gap-s margin-bottom-l\"> <h2>6. Raka aldrig moth\u00e5rs.<\/h2> <p>Visserligen blir rakningen n\u00e4rmare men samtidigt \u00f6kar risken f\u00f6r rakfinnar och irritation d\u00e5 h\u00e5rstr\u00e5na sk\u00e4rs av innanf\u00f6r huden. Raka alltid medh\u00e5rs. M\u00f6jligen kan du \u00e4ven prova p\u00e5 att raka tv\u00e4rs\u00f6ver (efter att du f\u00f6rst rakat medh\u00e5rs en g\u00e5ng) om du inte har alltf\u00f6r k\u00e4nslig hud.<\/p> <\/div>\n\n\n\n<div class=\"wp-block-vali-theme-razor-bumps-guide-step flex-column gap-s margin-bottom-l\"> <h2>7. D\u00e5lig f\u00f6rberedelse.<\/h2> <p>Vi rekommenderar att du duschar (varmt) innan rakningen. Det mjukar upp huden och h\u00e5ret och \u00f6ppnar upp porerna. Anv\u00e4nd ocks\u00e5 helst rakborste n\u00e4r du l\u00f6ddrar. Rakborsten exfolierar huden och rensar bort d\u00f6da hudceller som kan orsaka in\u00e5tv\u00e4xande h\u00e5rstr\u00e5n. Applicera ocks\u00e5 g\u00e4rna en mjukg\u00f6rande rakolja innan rakningen f\u00f6r att f\u00f6rb\u00e4ttra glidet mellan rakblad och hud.<\/p> <\/div>\n\n\n\n<div class=\"wp-block-vali-theme-razor-bumps-guide-step flex-column gap-s margin-bottom-l\"> <h2>8. Anv\u00e4nd bra rakprodukter.<\/h2> <p>Leta efter rakkr\u00e4mer och after-shaves som inneh\u00e5ller anti-inflammatoriska ingredienser. Huden och kroppen reagerar p\u00e5 en rakfinne som en inflammation. Anv\u00e4nder du exempelvis en rakkr\u00e4m med anti-inflammatoriska ingredienser hj\u00e4lper kr\u00e4men att motverka hudinflammationer. Rakfinnen blir mindre synlig \u00e4n om du skulle f\u00e5 en rakfinne utan att anv\u00e4nda en anti-inflammatorisk rakkr\u00e4m och after shave. Skippa helt att anv\u00e4nda rakskum p\u00e5 burk. De inneh\u00e5ller kemiska propellanter som \u00e4r uttorkande f\u00f6r huden.<\/p> <\/div>\n<\/div> <\/section>\n\n\n\n<section class=\"wp-block-vali-theme-razor-bumps-cta padding-top-0\"> <div class=\"container-medium\"> <div class=\"gap-m razor-bumps-cta-wrapper\"> <div class=\"flex-column gap-s\"> <h2>Tr\u00f6tt p\u00e5 rakfinnar?<\/h2> <p>L\u00e4s v\u00e5r rakguide och b\u00f6rja raka dig med s\u00e4kerhetshyvel.<\/p> <\/div> <div class=\"flex-column\"> <a href=\"https:\/\/valicompany.com\/sv\/rakguide\/\" class=\"main-cta-link\">l\u00e4s rakguide<\/a> <\/div> <\/div> <\/div> <\/section>\n","protected":false},"excerpt":{"rendered":"","protected":false},"author":1,"featured_media":0,"parent":0,"menu_order":0,"comment_status":"closed","ping_status":"closed","template":"","meta":{"inline_featured_image":false,"footnotes":""},"class_list":["post-4826","page","type-page","status-publish","hentry"],"meta_box":[],"_links":{"self":[{"href":"https:\/\/valicompany.com\/sv\/wp-json\/wp\/v2\/pages\/4826","targetHints":{"allow":["GET"]}}],"collection":[{"href":"https:\/\/valicompany.com\/sv\/wp-json\/wp\/v2\/pages"}],"about":[{"href":"https:\/\/valicompany.com\/sv\/wp-json\/wp\/v2\/types\/page"}],"author":[{"embeddable":true,"href":"https:\/\/valicompany.com\/sv\/wp-json\/wp\/v2\/users\/1"}],"replies":[{"embeddable":true,"href":"https:\/\/valicompany.com\/sv\/wp-json\/wp\/v2\/comments?post=4826"}],"version-history":[{"count":4,"href":"https:\/\/valicompany.com\/sv\/wp-json\/wp\/v2\/pages\/4826\/revisions"}],"predecessor-version":[{"id":5193,"href":"https:\/\/valicompany.com\/sv\/wp-json\/wp\/v2\/pages\/4826\/revisions\/5193"}],"wp:attachment":[{"href":"https:\/\/valicompany.com\/sv\/wp-json\/wp\/v2\/media?parent=4826"}],"curies":[{"name":"wp","href":"https:\/\/api.w.org\/{rel}","templated":true}]}}