{"id":4188,"date":"2023-01-07T09:24:39","date_gmt":"2023-01-07T08:24:39","guid":{"rendered":"http:\/\/vali-co-2.local\/products\/aftershave-balm\/"},"modified":"2024-08-28T18:06:50","modified_gmt":"2024-08-28T16:06:50","slug":"aftershave-balm","status":"publish","type":"product","link":"https:\/\/valicompany.com\/sv\/produkter\/aftershave-balm\/","title":{"rendered":"Aftershave Balm"},"content":{"rendered":"","protected":false},"excerpt":{"rendered":"<p><em>Svalkar och kyler utan att stinga.<\/em><\/p>\n<p>Ist\u00e4llet f\u00f6r att anv\u00e4nda starka kemikalier och alkohol inneh\u00e5ller v\u00e5r aftershave en mild blandning av Aloe Vera, Sheasm\u00f6r, Allantoin, Lavendel och en touch av uppfriskande mentol \u2013 noggrant balanserade f\u00f6r att h\u00e5lla \u00e4ven den mest k\u00e4nsliga huden glad.<\/p>\n<ul>\n<li>L\u00e4ttabsorberad i huden, icke-fet formulering.<\/li>\n<li>Alkoholfri, hj\u00e4lper till att minska rodnad och lugnar huden efter rakning.<\/li>\n<li>\u00c5terfuktar och svalkar med en touch av mentol.<\/li>\n<li>Milt doftsatt med ingenting annat \u00e4n naturlig lavendelolja.<\/li>\n<li>Cruelty-free, inte testad p\u00e5 djur.<\/li>\n<li>75ml<\/li>\n<\/ul>\n","protected":false},"featured_media":4325,"comment_status":"open","ping_status":"closed","template":"","meta":{"inline_featured_image":false},"product_brand":[],"product_cat":[173,175],"product_tag":[179],"class_list":{"0":"post-4188","1":"product","2":"type-product","3":"status-publish","4":"has-post-thumbnail","6":"product_cat-herr","7":"product_cat-dam","8":"product_tag-herr","10":"first","11":"outofstock","12":"taxable","13":"shipping-taxable","14":"purchasable","15":"product-type-simple"},"meta_box":{"parcel_dimensions":"19 x 18 x 5 cm","available_transport_companies":[{"width":150,"height":30,"file":"2023\/01\/postnord_logo.png","filesize":2669,"sizes":{"woocommerce_gallery_thumbnail":{"file":"postnord_logo-100x30.png","width":100,"height":30,"mime-type":"image\/png","filesize":1436,"url":"https:\/\/valicompany.com\/wp-content\/uploads\/2023\/01\/postnord_logo-100x30.png"}},"image_meta":{"aperture":"0","credit":"","camera":"","caption":"","created_timestamp":"0","copyright":"","focal_length":"0","iso":"0","shutter_speed":"0","title":"","orientation":"0","keywords":[]},"ID":"4068","name":"postnord_logo.png","path":"\/home\/user_2072\/wordpress\/wp-content\/uploads\/2023\/01\/postnord_logo.png","url":"https:\/\/valicompany.com\/wp-content\/uploads\/2023\/01\/postnord_logo.png","full_url":"https:\/\/valicompany.com\/wp-content\/uploads\/2023\/01\/postnord_logo.png","title":"","caption":"","description":"","alt":"postnord logo","srcset":false},{"width":136,"height":30,"file":"2023\/01\/dhl-logo.png","filesize":4387,"sizes":{"woocommerce_gallery_thumbnail":{"file":"dhl-logo-100x30.png","width":100,"height":30,"mime-type":"image\/png","filesize":2828,"url":"https:\/\/valicompany.com\/wp-content\/uploads\/2023\/01\/dhl-logo-100x30.png"}},"image_meta":{"aperture":"0","credit":"","camera":"","caption":"","created_timestamp":"0","copyright":"","focal_length":"0","iso":"0","shutter_speed":"0","title":"","orientation":"0","keywords":[]},"ID":"4070","name":"dhl-logo.png","path":"\/home\/user_2072\/wordpress\/wp-content\/uploads\/2023\/01\/dhl-logo.png","url":"https:\/\/valicompany.com\/wp-content\/uploads\/2023\/01\/dhl-logo.png","full_url":"https:\/\/valicompany.com\/wp-content\/uploads\/2023\/01\/dhl-logo.png","title":"","caption":"","description":"","alt":"dhl logo","srcset":false},{"width":150,"height":152,"file":"2023\/01\/citymail_logo_color.png","filesize":8329,"sizes":{"woocommerce_gallery_thumbnail":{"file":"citymail_logo_color-100x100.png","width":100,"height":100,"mime-type":"image\/png","filesize":3947,"url":"https:\/\/valicompany.com\/wp-content\/uploads\/2023\/01\/citymail_logo_color-100x100.png"},"cmplz_banner_image":{"file":"citymail_logo_color-150x100.png","width":150,"height":100,"mime-type":"image\/png","filesize":3836,"url":"https:\/\/valicompany.com\/wp-content\/uploads\/2023\/01\/citymail_logo_color-150x100.png"}},"image_meta":{"aperture":"0","credit":"","camera":"","caption":"","created_timestamp":"0","copyright":"","focal_length":"0","iso":"0","shutter_speed":"0","title":"","orientation":"0","keywords":[]},"ID":"5263","name":"citymail_logo_color.png","path":"\/home\/user_2072\/wordpress\/wp-content\/uploads\/2023\/01\/citymail_logo_color.png","url":"https:\/\/valicompany.com\/wp-content\/uploads\/2023\/01\/citymail_logo_color.png","full_url":"https:\/\/valicompany.com\/wp-content\/uploads\/2023\/01\/citymail_logo_color.png","title":"","caption":"","description":"","alt":"CityMail Logo","srcset":"https:\/\/valicompany.com\/wp-content\/uploads\/2023\/01\/citymail_logo_color.png 150w, https:\/\/valicompany.com\/wp-content\/uploads\/2023\/01\/citymail_logo_color-100x100.png 100w"}],"countries":["Sweden","Germany"],"ingredients":"Water (Aqua), Glycerin, Ethylhexyl Palmitate, Cetearyl Alcohol, Glyceryl Stearate, Polyquaternium-22 (and) C13-16 Isoparaffin (and) Laureth-25, Peg-100 Stearate, Dimethicone, Butyrospermum Parkii (Shea Butter), Theobroma Cacao (Cocoa Seed Butter), Phenoxyethanol, Fragrance (Parfum), Allantoin, Aloe Barbadensis Leaf Extract, Carbomer, Triethanolamine, Chlorphenesin, Menthol.","usage":"<p>Sk\u00f6lj huden med kallt vatten efter rakning f\u00f6r att st\u00e4nga porerna. Gnugga inte. Dutta ist\u00e4llet f\u00f6rsiktigt med en ren handduk. D\u00e4rn\u00e4st; sm\u00f6rj in en jordn\u00f6t stor m\u00e4ngd Aftershave Balm i huden.<\/p>\n<p>L\u00e4s alltid inneh\u00e5llsf\u00f6rteckningen och testa i sm\u00e5 m\u00e4ngder innan rakning f\u00f6r att kontrollera om allergireaktion uppst\u00e5r.<\/p>\n"},"_links":{"self":[{"href":"https:\/\/valicompany.com\/sv\/wp-json\/wp\/v2\/product\/4188","targetHints":{"allow":["GET"]}}],"collection":[{"href":"https:\/\/valicompany.com\/sv\/wp-json\/wp\/v2\/product"}],"about":[{"href":"https:\/\/valicompany.com\/sv\/wp-json\/wp\/v2\/types\/product"}],"replies":[{"embeddable":true,"href":"https:\/\/valicompany.com\/sv\/wp-json\/wp\/v2\/comments?post=4188"}],"wp:featuredmedia":[{"embeddable":true,"href":"https:\/\/valicompany.com\/sv\/wp-json\/wp\/v2\/media\/4325"}],"wp:attachment":[{"href":"https:\/\/valicompany.com\/sv\/wp-json\/wp\/v2\/media?parent=4188"}],"wp:term":[{"taxonomy":"product_brand","embeddable":true,"href":"https:\/\/valicompany.com\/sv\/wp-json\/wp\/v2\/product_brand?post=4188"},{"taxonomy":"product_cat","embeddable":true,"href":"https:\/\/valicompany.com\/sv\/wp-json\/wp\/v2\/product_cat?post=4188"},{"taxonomy":"product_tag","embeddable":true,"href":"https:\/\/valicompany.com\/sv\/wp-json\/wp\/v2\/product_tag?post=4188"}],"curies":[{"name":"wp","href":"https:\/\/api.w.org\/{rel}","templated":true}]}}