{"id":4206,"date":"2023-01-07T09:24:40","date_gmt":"2023-01-07T08:24:40","guid":{"rendered":"http:\/\/vali-co-2.local\/products\/rakborste\/"},"modified":"2024-07-13T05:41:20","modified_gmt":"2024-07-13T03:41:20","slug":"rakborste","status":"publish","type":"product","link":"https:\/\/valicompany.com\/sv\/produkter\/rakborste\/","title":{"rendered":"Rakborste"},"content":{"rendered":"","protected":false},"excerpt":{"rendered":"<p><em>Lyfter h\u00e5ret och exfolierar.<\/em><\/p>\n<p>Rakborsten \u00e4r ett viktigt tillskott till rakning-rutinen. Den f\u00f6rbereder rakningen genom att lyfta h\u00e5ret och exfoliera huden. Dessutom \u00e4lskar vi den meditativa k\u00e4nslan av att vispa upp ett rikt och tjockt v\u00e4ldoftande l\u00f6dder.<\/p>\n<ul>\n<li>Mjuk och skonsam mot huden.<\/li>\n<li>Exfolierar och reng\u00f6rd huden innan rakning samtidigt som du lyfter upp sk\u00e4ggh\u00e5ren.<\/li>\n<li>Hj\u00e4lper till att f\u00f6rhindra rakfinnar och in\u00e5tv\u00e4xande h\u00e5rstr\u00e5n efter rakning.<\/li>\n<li>Vegan v\u00e4nlig, tillverkad i Italien av moderna syntetfibrer.<\/li>\n<li>L\u00e4tt att anv\u00e4nda, beh\u00f6ver inte bl\u00f6tl\u00e4ggas, st\u00e4ll bara under rinnande vatten och skaka ut \u00f6verfl\u00f6digt vatten.<\/li>\n<li>L\u00f6ddrar rakkr\u00e4m snabbare \u00e4n rakborstar av naturh\u00e5r.<\/li>\n<li>Neutral doft, ingen obehaglig animalisk doft.<\/li>\n<\/ul>\n","protected":false},"featured_media":4293,"comment_status":"open","ping_status":"closed","template":"","meta":{"inline_featured_image":false},"product_brand":[],"product_cat":[173],"product_tag":[179],"class_list":{"0":"post-4206","1":"product","2":"type-product","3":"status-publish","4":"has-post-thumbnail","6":"product_cat-herr","7":"product_tag-herr","9":"first","10":"outofstock","11":"taxable","12":"shipping-taxable","13":"purchasable","14":"product-type-simple"},"meta_box":{"parcel_dimensions":"19 x 18 x 5 cm","available_transport_companies":[{"width":150,"height":30,"file":"2023\/01\/postnord_logo.png","filesize":2669,"sizes":{"woocommerce_gallery_thumbnail":{"file":"postnord_logo-100x30.png","width":100,"height":30,"mime-type":"image\/png","filesize":1436,"url":"https:\/\/valicompany.com\/wp-content\/uploads\/2023\/01\/postnord_logo-100x30.png"}},"image_meta":{"aperture":"0","credit":"","camera":"","caption":"","created_timestamp":"0","copyright":"","focal_length":"0","iso":"0","shutter_speed":"0","title":"","orientation":"0","keywords":[]},"ID":"4068","name":"postnord_logo.png","path":"\/home\/user_2072\/wordpress\/wp-content\/uploads\/2023\/01\/postnord_logo.png","url":"https:\/\/valicompany.com\/wp-content\/uploads\/2023\/01\/postnord_logo.png","full_url":"https:\/\/valicompany.com\/wp-content\/uploads\/2023\/01\/postnord_logo.png","title":"","caption":"","description":"","alt":"postnord logo","srcset":false},{"width":136,"height":30,"file":"2023\/01\/dhl-logo.png","filesize":4387,"sizes":{"woocommerce_gallery_thumbnail":{"file":"dhl-logo-100x30.png","width":100,"height":30,"mime-type":"image\/png","filesize":2828,"url":"https:\/\/valicompany.com\/wp-content\/uploads\/2023\/01\/dhl-logo-100x30.png"}},"image_meta":{"aperture":"0","credit":"","camera":"","caption":"","created_timestamp":"0","copyright":"","focal_length":"0","iso":"0","shutter_speed":"0","title":"","orientation":"0","keywords":[]},"ID":"4070","name":"dhl-logo.png","path":"\/home\/user_2072\/wordpress\/wp-content\/uploads\/2023\/01\/dhl-logo.png","url":"https:\/\/valicompany.com\/wp-content\/uploads\/2023\/01\/dhl-logo.png","full_url":"https:\/\/valicompany.com\/wp-content\/uploads\/2023\/01\/dhl-logo.png","title":"","caption":"","description":"","alt":"dhl logo","srcset":false},{"width":150,"height":152,"file":"2023\/01\/citymail_logo_color.png","filesize":8329,"sizes":{"woocommerce_gallery_thumbnail":{"file":"citymail_logo_color-100x100.png","width":100,"height":100,"mime-type":"image\/png","filesize":3947,"url":"https:\/\/valicompany.com\/wp-content\/uploads\/2023\/01\/citymail_logo_color-100x100.png"},"cmplz_banner_image":{"file":"citymail_logo_color-150x100.png","width":150,"height":100,"mime-type":"image\/png","filesize":3836,"url":"https:\/\/valicompany.com\/wp-content\/uploads\/2023\/01\/citymail_logo_color-150x100.png"}},"image_meta":{"aperture":"0","credit":"","camera":"","caption":"","created_timestamp":"0","copyright":"","focal_length":"0","iso":"0","shutter_speed":"0","title":"","orientation":"0","keywords":[]},"ID":"5263","name":"citymail_logo_color.png","path":"\/home\/user_2072\/wordpress\/wp-content\/uploads\/2023\/01\/citymail_logo_color.png","url":"https:\/\/valicompany.com\/wp-content\/uploads\/2023\/01\/citymail_logo_color.png","full_url":"https:\/\/valicompany.com\/wp-content\/uploads\/2023\/01\/citymail_logo_color.png","title":"","caption":"","description":"","alt":"CityMail Logo","srcset":"https:\/\/valicompany.com\/wp-content\/uploads\/2023\/01\/citymail_logo_color.png 150w, https:\/\/valicompany.com\/wp-content\/uploads\/2023\/01\/citymail_logo_color-100x100.png 100w"}],"countries":["Sweden","Germany"],"ingredients":"","usage":"<p>Sk\u00f6lj din rakborste med varmt vatten och skaka sedan bort \u00f6verfl\u00f6digt vatten ur borsten. Den fuktiga borsten kommer att hj\u00e4lpa dig att skapa ett fint och tjockt l\u00f6dder.<\/p>\n"},"_links":{"self":[{"href":"https:\/\/valicompany.com\/sv\/wp-json\/wp\/v2\/product\/4206","targetHints":{"allow":["GET"]}}],"collection":[{"href":"https:\/\/valicompany.com\/sv\/wp-json\/wp\/v2\/product"}],"about":[{"href":"https:\/\/valicompany.com\/sv\/wp-json\/wp\/v2\/types\/product"}],"replies":[{"embeddable":true,"href":"https:\/\/valicompany.com\/sv\/wp-json\/wp\/v2\/comments?post=4206"}],"wp:featuredmedia":[{"embeddable":true,"href":"https:\/\/valicompany.com\/sv\/wp-json\/wp\/v2\/media\/4293"}],"wp:attachment":[{"href":"https:\/\/valicompany.com\/sv\/wp-json\/wp\/v2\/media?parent=4206"}],"wp:term":[{"taxonomy":"product_brand","embeddable":true,"href":"https:\/\/valicompany.com\/sv\/wp-json\/wp\/v2\/product_brand?post=4206"},{"taxonomy":"product_cat","embeddable":true,"href":"https:\/\/valicompany.com\/sv\/wp-json\/wp\/v2\/product_cat?post=4206"},{"taxonomy":"product_tag","embeddable":true,"href":"https:\/\/valicompany.com\/sv\/wp-json\/wp\/v2\/product_tag?post=4206"}],"curies":[{"name":"wp","href":"https:\/\/api.w.org\/{rel}","templated":true}]}}