{"id":4210,"date":"2023-01-07T09:24:39","date_gmt":"2023-01-07T08:24:39","guid":{"rendered":"http:\/\/vali-co-2.local\/products\/freya-safety-razor\/"},"modified":"2023-11-28T00:00:15","modified_gmt":"2023-11-27T23:00:15","slug":"freya-sakerhetshyvel","status":"publish","type":"product","link":"https:\/\/valicompany.com\/sv\/produkter\/freya-sakerhetshyvel\/","title":{"rendered":"Freya S\u00e4kerhetshyvel"},"content":{"rendered":"","protected":false},"excerpt":{"rendered":"<p><em>M\u00f6t den &#8220;sn\u00e4lla&#8221; rakhyveln, sn\u00e4ll mot din hud, planet och pl\u00e5nbok.<\/em><\/p>\n<p>Med bara ett enda rakblad ger v\u00e5r s\u00e4kerhetshyvel en n\u00e4ra rakning utan drag och riv, \u00e4ven f\u00f6r oss med gr\u00f6vre h\u00e5rstr\u00e5n. Byggd och designad f\u00f6r att ge precis r\u00e4tt m\u00e4ngd tryck &#8211; f\u00f6r en framtid fri fr\u00e5n irriterad hud och rakfinnar. Sn\u00e4ll, b\u00e5de f\u00f6r dig och v\u00e5r planet.<\/p>\n<ul>\n<li>F\u00e4rre rakblad = Mindre irritation<\/li>\n<li>Zero-Waste, rakhyvel i metall och rakblad av inget annat \u00e4n st\u00e5l. Kan \u00e5tervinnas till 100%.<\/li>\n<li>Sn\u00e4ll mot pl\u00e5nboken, rakblad uppemot 90% billigare \u00e4n vanliga rakblad till multibladsrakhyvlar.<\/li>\n<li>Sk\u00f6n tyngd och v\u00e4lbalanserad f\u00f6r att anv\u00e4ndas med l\u00e4tt hand, utan att applicera on\u00f6digt tryck mot huden.<\/li>\n<\/ul>\n<p>1st Rakblad ing\u00e5r.<\/p>\n","protected":false},"featured_media":4028,"comment_status":"open","ping_status":"closed","template":"","meta":{"inline_featured_image":false},"product_brand":[],"product_cat":[175],"product_tag":[181],"class_list":{"0":"post-4210","1":"product","2":"type-product","3":"status-publish","4":"has-post-thumbnail","6":"product_cat-dam","7":"product_tag-damer","9":"first","10":"outofstock","11":"taxable","12":"shipping-taxable","13":"purchasable","14":"product-type-simple"},"meta_box":{"parcel_dimensions":"19 x 18 x 5 cm","available_transport_companies":[{"width":150,"height":30,"file":"2023\/01\/postnord_logo.png","filesize":2669,"sizes":{"woocommerce_gallery_thumbnail":{"file":"postnord_logo-100x30.png","width":100,"height":30,"mime-type":"image\/png","filesize":1436,"url":"https:\/\/valicompany.com\/wp-content\/uploads\/2023\/01\/postnord_logo-100x30.png"}},"image_meta":{"aperture":"0","credit":"","camera":"","caption":"","created_timestamp":"0","copyright":"","focal_length":"0","iso":"0","shutter_speed":"0","title":"","orientation":"0","keywords":[]},"ID":"4068","name":"postnord_logo.png","path":"\/home\/user_2072\/wordpress\/wp-content\/uploads\/2023\/01\/postnord_logo.png","url":"https:\/\/valicompany.com\/wp-content\/uploads\/2023\/01\/postnord_logo.png","full_url":"https:\/\/valicompany.com\/wp-content\/uploads\/2023\/01\/postnord_logo.png","title":"","caption":"","description":"","alt":"postnord logo","srcset":false},{"width":136,"height":30,"file":"2023\/01\/dhl-logo.png","filesize":4387,"sizes":{"woocommerce_gallery_thumbnail":{"file":"dhl-logo-100x30.png","width":100,"height":30,"mime-type":"image\/png","filesize":2828,"url":"https:\/\/valicompany.com\/wp-content\/uploads\/2023\/01\/dhl-logo-100x30.png"}},"image_meta":{"aperture":"0","credit":"","camera":"","caption":"","created_timestamp":"0","copyright":"","focal_length":"0","iso":"0","shutter_speed":"0","title":"","orientation":"0","keywords":[]},"ID":"4070","name":"dhl-logo.png","path":"\/home\/user_2072\/wordpress\/wp-content\/uploads\/2023\/01\/dhl-logo.png","url":"https:\/\/valicompany.com\/wp-content\/uploads\/2023\/01\/dhl-logo.png","full_url":"https:\/\/valicompany.com\/wp-content\/uploads\/2023\/01\/dhl-logo.png","title":"","caption":"","description":"","alt":"dhl logo","srcset":false},{"width":250,"height":250,"file":"2023\/10\/CityMail_Logo_Color_RGB_large.png","filesize":32753,"sizes":{"medium":{"file":"CityMail_Logo_Color_RGB_large-493x500.png","width":493,"height":500,"mime-type":"image\/png","filesize":15603,"url":"https:\/\/valicompany.com\/wp-content\/uploads\/2023\/10\/CityMail_Logo_Color_RGB_large-493x500.png"},"large":{"file":"CityMail_Logo_Color_RGB_large-1009x1024.png","width":1009,"height":1024,"mime-type":"image\/png","filesize":34465,"url":"https:\/\/valicompany.com\/wp-content\/uploads\/2023\/10\/CityMail_Logo_Color_RGB_large-1009x1024.png"},"thumbnail":{"file":"CityMail_Logo_Color_RGB_large-250x250.png","width":250,"height":250,"mime-type":"image\/png","filesize":7238,"url":"https:\/\/valicompany.com\/wp-content\/uploads\/2023\/10\/CityMail_Logo_Color_RGB_large-250x250.png"},"medium_large":{"file":"CityMail_Logo_Color_RGB_large-768x779.png","width":768,"height":779,"mime-type":"image\/png","filesize":26010,"url":"https:\/\/valicompany.com\/wp-content\/uploads\/2023\/10\/CityMail_Logo_Color_RGB_large-768x779.png"},"woocommerce_thumbnail":{"file":"CityMail_Logo_Color_RGB_large-300x300.png","width":300,"height":300,"mime-type":"image\/png","filesize":8695,"url":"https:\/\/valicompany.com\/wp-content\/uploads\/2023\/10\/CityMail_Logo_Color_RGB_large-300x300.png"},"woocommerce_single":{"file":"CityMail_Logo_Color_RGB_large-600x609.png","width":600,"height":609,"mime-type":"image\/png","filesize":19518,"url":"https:\/\/valicompany.com\/wp-content\/uploads\/2023\/10\/CityMail_Logo_Color_RGB_large-600x609.png"},"woocommerce_gallery_thumbnail":{"file":"CityMail_Logo_Color_RGB_large-100x100.png","width":100,"height":100,"mime-type":"image\/png","filesize":2841,"url":"https:\/\/valicompany.com\/wp-content\/uploads\/2023\/10\/CityMail_Logo_Color_RGB_large-100x100.png"},"cmplz_banner_image":{"file":"CityMail_Logo_Color_RGB_large-350x100.png","width":350,"height":100,"mime-type":"image\/png","filesize":6065,"url":"https:\/\/valicompany.com\/wp-content\/uploads\/2023\/10\/CityMail_Logo_Color_RGB_large-350x100.png"}},"image_meta":{"aperture":"0","credit":"","camera":"","caption":"","created_timestamp":"0","copyright":"","focal_length":"0","iso":"0","shutter_speed":"0","title":"","orientation":"0","keywords":[]},"ID":"5220","name":"CityMail_Logo_Color_RGB_large.png","path":"\/home\/user_2072\/wordpress\/wp-content\/uploads\/2023\/10\/CityMail_Logo_Color_RGB_large.png","url":"https:\/\/valicompany.com\/wp-content\/uploads\/2023\/10\/CityMail_Logo_Color_RGB_large-250x250.png","full_url":"https:\/\/valicompany.com\/wp-content\/uploads\/2023\/10\/CityMail_Logo_Color_RGB_large.png","title":"","caption":"","description":"","alt":"citymail logo","srcset":"https:\/\/valicompany.com\/wp-content\/uploads\/2023\/10\/CityMail_Logo_Color_RGB_large-250x250.png 250w, https:\/\/valicompany.com\/wp-content\/uploads\/2023\/10\/CityMail_Logo_Color_RGB_large-300x300.png 300w, https:\/\/valicompany.com\/wp-content\/uploads\/2023\/10\/CityMail_Logo_Color_RGB_large-100x100.png 100w"}],"countries":["Sweden","Germany"],"ingredients":"","usage":""},"_links":{"self":[{"href":"https:\/\/valicompany.com\/sv\/wp-json\/wp\/v2\/product\/4210","targetHints":{"allow":["GET"]}}],"collection":[{"href":"https:\/\/valicompany.com\/sv\/wp-json\/wp\/v2\/product"}],"about":[{"href":"https:\/\/valicompany.com\/sv\/wp-json\/wp\/v2\/types\/product"}],"replies":[{"embeddable":true,"href":"https:\/\/valicompany.com\/sv\/wp-json\/wp\/v2\/comments?post=4210"}],"wp:featuredmedia":[{"embeddable":true,"href":"https:\/\/valicompany.com\/sv\/wp-json\/wp\/v2\/media\/4028"}],"wp:attachment":[{"href":"https:\/\/valicompany.com\/sv\/wp-json\/wp\/v2\/media?parent=4210"}],"wp:term":[{"taxonomy":"product_brand","embeddable":true,"href":"https:\/\/valicompany.com\/sv\/wp-json\/wp\/v2\/product_brand?post=4210"},{"taxonomy":"product_cat","embeddable":true,"href":"https:\/\/valicompany.com\/sv\/wp-json\/wp\/v2\/product_cat?post=4210"},{"taxonomy":"product_tag","embeddable":true,"href":"https:\/\/valicompany.com\/sv\/wp-json\/wp\/v2\/product_tag?post=4210"}],"curies":[{"name":"wp","href":"https:\/\/api.w.org\/{rel}","templated":true}]}}